{"id":11806,"date":"2026-01-09T09:02:23","date_gmt":"2026-01-09T09:02:23","guid":{"rendered":"https:\/\/jinhuaceramic.com\/?post_type=product&#038;p=11806"},"modified":"2026-01-09T09:02:26","modified_gmt":"2026-01-09T09:02:26","slug":"custom-bath-accessories","status":"publish","type":"product","link":"https:\/\/jinhuaceramic.com\/es\/product\/custom-bath-accessories\/","title":{"rendered":"Accesorios de ba\u00f1o modernos a medida, Juego de ba\u00f1o negro al por mayor"},"content":{"rendered":"<div class=\"wp-block-columns is-layout-flex wp-container-core-columns-is-layout-9d6595d7 wp-block-columns-is-layout-flex\">\n<div class=\"wp-block-column is-layout-flow wp-block-column-is-layout-flow\">\n<h3 class=\"wp-block-heading\">Accesorios de ba\u00f1o personalizados modernos de primera calidad Caracter\u00edsticas:<\/h3>\n\n\n\n<ul class=\"wp-block-list\">\n<li><strong>Dise\u00f1o moderno: <\/strong>Estos accesorios de ba\u00f1o personalizados presentan un moderno negro mate cl\u00e1sico, que confiere al producto un temperamento tranquilo y elegante. La superficie de los accesorios de ba\u00f1o presenta delicadas texturas de rayas verticales, que a\u00f1aden una sensaci\u00f3n visual de jerarqu\u00eda y delicadeza.<\/li>\n\n\n\n<li><strong>Juego completo:<\/strong> Estos sets de ba\u00f1o a granel constan de dos dispensadores de jab\u00f3n, portacepillos de dientes, tarros de algod\u00f3n y algunos otros art\u00edculos esenciales para el ba\u00f1o, incluidos los art\u00edculos de aseo b\u00e1sicos, lo que facilita el mantenimiento de una encimera organizada. El dispensador de jab\u00f3n de espuma es m\u00e1s denso cuando se aprieta, adecuado para el lavado diario de manos; el dispensador de jab\u00f3n normal puede utilizarse para l\u00edquidos espesos como el champ\u00fa, atendiendo a diferentes demandas.<\/li>\n\n\n\n<li><strong>Resistente y duradero: <\/strong>Estos accesorios de ba\u00f1o a medida est\u00e1n fabricados con materiales cer\u00e1micos cocidos a altas temperaturas, de gran densidad y dureza. No se rayan ni astillan f\u00e1cilmente en los choques diarios y tienen una larga vida \u00fatil.<\/li>\n\n\n\n<li><strong>F\u00e1cil de mantener:<\/strong> Estos accesorios de ba\u00f1o personalizados est\u00e1n hechos de cer\u00e1mica de alta calidad, tienen una superficie lisa, no se manchan f\u00e1cilmente y son muy f\u00e1ciles de limpiar. Basta con pasarles un pa\u00f1o h\u00famedo o enjuagarlos con agua limpia en el d\u00eda a d\u00eda para mantenerlos limpios.<\/li>\n\n\n\n<li><strong>Calidad constante para pedidos a granel:<\/strong> Los estrictos procesos de control de calidad garantizan un color y una calidad de esmalte uniformes en los pedidos a granel, adecuados para proyectos a gran escala y cadenas de tiendas.<\/li>\n<\/ul>\n<\/div>\n\n\n\n<div class=\"wp-block-column is-layout-flow wp-block-column-is-layout-flow\">\n<figure class=\"wp-block-image size-full\"><img fetchpriority=\"high\" decoding=\"async\" width=\"1600\" height=\"1600\" src=\"https:\/\/jinhuaceramic.com\/wp-content\/uploads\/2026\/01\/All-Black-Modern-Bathroom-Accessories-Wholesale-Soap-Dispenser-and-Soap-Dishes-Set-3.webp\" alt=\"modernos-accesorios-de-ba\u00f1o-a-la-medida-negro-set-3\" class=\"wp-image-11808\" srcset=\"https:\/\/jinhuaceramic.com\/wp-content\/uploads\/2026\/01\/All-Black-Modern-Bathroom-Accessories-Wholesale-Soap-Dispenser-and-Soap-Dishes-Set-3.webp 1600w, https:\/\/jinhuaceramic.com\/wp-content\/uploads\/2026\/01\/All-Black-Modern-Bathroom-Accessories-Wholesale-Soap-Dispenser-and-Soap-Dishes-Set-3-300x300.webp 300w, https:\/\/jinhuaceramic.com\/wp-content\/uploads\/2026\/01\/All-Black-Modern-Bathroom-Accessories-Wholesale-Soap-Dispenser-and-Soap-Dishes-Set-3-150x150.webp 150w, https:\/\/jinhuaceramic.com\/wp-content\/uploads\/2026\/01\/All-Black-Modern-Bathroom-Accessories-Wholesale-Soap-Dispenser-and-Soap-Dishes-Set-3-768x768.webp 768w, https:\/\/jinhuaceramic.com\/wp-content\/uploads\/2026\/01\/All-Black-Modern-Bathroom-Accessories-Wholesale-Soap-Dispenser-and-Soap-Dishes-Set-3-12x12.webp 12w, https:\/\/jinhuaceramic.com\/wp-content\/uploads\/2026\/01\/All-Black-Modern-Bathroom-Accessories-Wholesale-Soap-Dispenser-and-Soap-Dishes-Set-3-285x285.webp 285w, https:\/\/jinhuaceramic.com\/wp-content\/uploads\/2026\/01\/All-Black-Modern-Bathroom-Accessories-Wholesale-Soap-Dispenser-and-Soap-Dishes-Set-3-270x270.webp 270w, https:\/\/jinhuaceramic.com\/wp-content\/uploads\/2026\/01\/All-Black-Modern-Bathroom-Accessories-Wholesale-Soap-Dispenser-and-Soap-Dishes-Set-3-540x540.webp 540w, https:\/\/jinhuaceramic.com\/wp-content\/uploads\/2026\/01\/All-Black-Modern-Bathroom-Accessories-Wholesale-Soap-Dispenser-and-Soap-Dishes-Set-3-660x660.webp 660w\" sizes=\"(max-width: 1600px) 100vw, 1600px\" \/><\/figure>\n<\/div>\n<\/div>","protected":false},"excerpt":{"rendered":"<p>Bienvenido a comprar nuestros accesorios de ba\u00f1o personalizados, lograr una profunda integraci\u00f3n de la est\u00e9tica y la practicidad con un dise\u00f1o moderno y elegante, juegos funcionales completos, y materiales de alta calidad duraderos y f\u00e1ciles de limpiar. El conjunto de ba\u00f1o negro de 5 piezas al por mayor es adecuado para hoteles, complejos tur\u00edsticos, casas de hu\u00e9spedes, proyectos de apartamentos, minoristas de marca y mayoristas de productos de ba\u00f1o, creando un espacio de ba\u00f1o limpio y de alta gama.<\/p>","protected":false},"featured_media":11807,"comment_status":"closed","ping_status":"closed","template":"","meta":{"_acf_changed":false},"product_brand":[],"product_cat":[51],"product_tag":[74],"class_list":{"0":"post-11806","1":"product","2":"type-product","3":"status-publish","4":"has-post-thumbnail","6":"product_cat-bathroom-accessories-wholesale","7":"product_tag-ceramic-bath-accessories-wholesale","9":"first","10":"instock","11":"shipping-taxable","12":"product-type-simple"},"acf":[],"_links":{"self":[{"href":"https:\/\/jinhuaceramic.com\/es\/wp-json\/wp\/v2\/product\/11806","targetHints":{"allow":["GET"]}}],"collection":[{"href":"https:\/\/jinhuaceramic.com\/es\/wp-json\/wp\/v2\/product"}],"about":[{"href":"https:\/\/jinhuaceramic.com\/es\/wp-json\/wp\/v2\/types\/product"}],"replies":[{"embeddable":true,"href":"https:\/\/jinhuaceramic.com\/es\/wp-json\/wp\/v2\/comments?post=11806"}],"version-history":[{"count":0,"href":"https:\/\/jinhuaceramic.com\/es\/wp-json\/wp\/v2\/product\/11806\/revisions"}],"wp:featuredmedia":[{"embeddable":true,"href":"https:\/\/jinhuaceramic.com\/es\/wp-json\/wp\/v2\/media\/11807"}],"wp:attachment":[{"href":"https:\/\/jinhuaceramic.com\/es\/wp-json\/wp\/v2\/media?parent=11806"}],"wp:term":[{"taxonomy":"product_brand","embeddable":true,"href":"https:\/\/jinhuaceramic.com\/es\/wp-json\/wp\/v2\/product_brand?post=11806"},{"taxonomy":"product_cat","embeddable":true,"href":"https:\/\/jinhuaceramic.com\/es\/wp-json\/wp\/v2\/product_cat?post=11806"},{"taxonomy":"product_tag","embeddable":true,"href":"https:\/\/jinhuaceramic.com\/es\/wp-json\/wp\/v2\/product_tag?post=11806"}],"curies":[{"name":"wp","href":"https:\/\/api.w.org\/{rel}","templated":true}]}}