{"id":12029,"date":"2026-01-19T09:45:19","date_gmt":"2026-01-19T09:45:19","guid":{"rendered":"https:\/\/jinhuaceramic.com\/?post_type=product&#038;p=12029"},"modified":"2026-01-19T09:46:35","modified_gmt":"2026-01-19T09:46:35","slug":"wholesale-5-piece-ceramic-bathroom-set","status":"publish","type":"product","link":"https:\/\/jinhuaceramic.com\/es\/product\/wholesale-5-piece-ceramic-bathroom-set\/","title":{"rendered":"Mayorista Juego de Ba\u00f1o de Cer\u00e1mica de 5 Piezas Suministro Directo de F\u00e1brica"},"content":{"rendered":"<div class=\"wp-block-columns is-layout-flex wp-container-core-columns-is-layout-9d6595d7 wp-block-columns-is-layout-flex\">\n<div class=\"wp-block-column is-layout-flow wp-block-column-is-layout-flow\">\n<h3 class=\"wp-block-heading\">Premium al por mayor de 5 piezas de cer\u00e1mica Set de ba\u00f1o Caracter\u00edsticas:<\/h3>\n\n\n\n<ul class=\"wp-block-list\">\n<li><strong>Color suave: <\/strong>Este juego de ba\u00f1o de cer\u00e1mica de 5 piezas al por mayor es suave, de baja saturaci\u00f3n de color rosa-marr\u00f3n, ni demasiado llamativo ni mon\u00f3tono, creando un ambiente c\u00e1lido y confortable para el ba\u00f1o, permitiendo que la gente se sienta relajada y feliz mientras se ba\u00f1a.<\/li>\n\n\n\n<li><strong>Textura \u00fanica: <\/strong>Este juego de ba\u00f1o de cer\u00e1mica de 5 piezas al por mayor presenta una textura tejida en la superficie, que a\u00f1ade capas visuales. La sensaci\u00f3n c\u00e1lida y natural de este producto puede combinarse bien con cualquier tipo de decoraci\u00f3n de ba\u00f1o.<\/li>\n\n\n\n<li><strong>Juego completo:<\/strong> Este set de ba\u00f1o de cer\u00e1mica de 5 piezas al por mayor incluye un dispensador de jab\u00f3n, un soporte para cepillos de dientes, un tarro de almacenamiento, una jabonera y otros accesorios de ba\u00f1o, que pueden satisfacer sus diferentes usos en el ba\u00f1o para almacenar sus art\u00edculos de tocador, productos para el cuidado de la piel, cosm\u00e9ticos, etc., para ayudar a mantener su mostrador de ba\u00f1o m\u00e1s organizado y limpio.<\/li>\n\n\n\n<li><strong>Excelente material:<\/strong> Estos accesorios de ba\u00f1o suministrados de f\u00e1brica est\u00e1n hechos de cer\u00e1mica de alta calidad, que tiene una excelente resistencia al desgaste y a la corrosi\u00f3n, y puede mantener un buen aspecto y rendimiento incluso despu\u00e9s de un uso prolongado.<\/li>\n\n\n\n<li><strong>Suministro directo de f\u00e1brica: <\/strong>Nuestro suministro de f\u00e1brica de accesorios de ba\u00f1o admite compras al por mayor, proporcionando un inventario estable y una entrega r\u00e1pida, y reduciendo los costes de adquisici\u00f3n. Adecuados para m\u00faltiples usos, incluidos ba\u00f1os dom\u00e9sticos, hoteles, casas de hu\u00e9spedes y ba\u00f1os comerciales.<\/li>\n<\/ul>\n<\/div>\n\n\n\n<div class=\"wp-block-column is-layout-flow wp-block-column-is-layout-flow\">\n<figure class=\"wp-block-image size-full\"><img fetchpriority=\"high\" decoding=\"async\" width=\"2560\" height=\"2560\" src=\"https:\/\/jinhuaceramic.com\/wp-content\/uploads\/2026\/01\/5-Piece-Ceramic-Bathroom-Set-Wholesale-Custom-Made-Bathroom-Accessories.webp\" alt=\"mayorista-5-piece-ceramic-bathroom-set-factory-direct-supply-1\" class=\"wp-image-11856\" srcset=\"https:\/\/jinhuaceramic.com\/wp-content\/uploads\/2026\/01\/5-Piece-Ceramic-Bathroom-Set-Wholesale-Custom-Made-Bathroom-Accessories.webp 2560w, https:\/\/jinhuaceramic.com\/wp-content\/uploads\/2026\/01\/5-Piece-Ceramic-Bathroom-Set-Wholesale-Custom-Made-Bathroom-Accessories-300x300.webp 300w, https:\/\/jinhuaceramic.com\/wp-content\/uploads\/2026\/01\/5-Piece-Ceramic-Bathroom-Set-Wholesale-Custom-Made-Bathroom-Accessories-150x150.webp 150w, https:\/\/jinhuaceramic.com\/wp-content\/uploads\/2026\/01\/5-Piece-Ceramic-Bathroom-Set-Wholesale-Custom-Made-Bathroom-Accessories-768x768.webp 768w, https:\/\/jinhuaceramic.com\/wp-content\/uploads\/2026\/01\/5-Piece-Ceramic-Bathroom-Set-Wholesale-Custom-Made-Bathroom-Accessories-12x12.webp 12w, https:\/\/jinhuaceramic.com\/wp-content\/uploads\/2026\/01\/5-Piece-Ceramic-Bathroom-Set-Wholesale-Custom-Made-Bathroom-Accessories-285x285.webp 285w, https:\/\/jinhuaceramic.com\/wp-content\/uploads\/2026\/01\/5-Piece-Ceramic-Bathroom-Set-Wholesale-Custom-Made-Bathroom-Accessories-1600x1600.webp 1600w, https:\/\/jinhuaceramic.com\/wp-content\/uploads\/2026\/01\/5-Piece-Ceramic-Bathroom-Set-Wholesale-Custom-Made-Bathroom-Accessories-270x270.webp 270w, https:\/\/jinhuaceramic.com\/wp-content\/uploads\/2026\/01\/5-Piece-Ceramic-Bathroom-Set-Wholesale-Custom-Made-Bathroom-Accessories-540x540.webp 540w, https:\/\/jinhuaceramic.com\/wp-content\/uploads\/2026\/01\/5-Piece-Ceramic-Bathroom-Set-Wholesale-Custom-Made-Bathroom-Accessories-660x660.webp 660w\" sizes=\"(max-width: 2560px) 100vw, 2560px\" \/><\/figure>\n<\/div>\n<\/div>","protected":false},"excerpt":{"rendered":"<p>Bienvenido a comprar nuestro juego de ba\u00f1o de cer\u00e1mica de 5 piezas al por mayor con su hermoso dise\u00f1o, que est\u00e1 hecho de material cer\u00e1mico de alta calidad, suave, duradero y f\u00e1cil de limpiar. Incluye accesorios de ba\u00f1o esenciales para satisfacer las necesidades de hogares, hoteles y uso comercial. Admitimos compras al por mayor y suministro directo de f\u00e1brica, y disponemos de servicios de personalizaci\u00f3n OEM\/ODM para ayudar a las marcas a diferenciarse y mejorar la eficacia de las compras al por mayor.<\/p>","protected":false},"featured_media":11850,"comment_status":"closed","ping_status":"closed","template":"","meta":{"_acf_changed":false},"product_brand":[],"product_cat":[51],"product_tag":[74],"class_list":{"0":"post-12029","1":"product","2":"type-product","3":"status-publish","4":"has-post-thumbnail","6":"product_cat-bathroom-accessories-wholesale","7":"product_tag-ceramic-bath-accessories-wholesale","9":"first","10":"instock","11":"shipping-taxable","12":"product-type-simple"},"acf":[],"_links":{"self":[{"href":"https:\/\/jinhuaceramic.com\/es\/wp-json\/wp\/v2\/product\/12029","targetHints":{"allow":["GET"]}}],"collection":[{"href":"https:\/\/jinhuaceramic.com\/es\/wp-json\/wp\/v2\/product"}],"about":[{"href":"https:\/\/jinhuaceramic.com\/es\/wp-json\/wp\/v2\/types\/product"}],"replies":[{"embeddable":true,"href":"https:\/\/jinhuaceramic.com\/es\/wp-json\/wp\/v2\/comments?post=12029"}],"version-history":[{"count":0,"href":"https:\/\/jinhuaceramic.com\/es\/wp-json\/wp\/v2\/product\/12029\/revisions"}],"wp:featuredmedia":[{"embeddable":true,"href":"https:\/\/jinhuaceramic.com\/es\/wp-json\/wp\/v2\/media\/11850"}],"wp:attachment":[{"href":"https:\/\/jinhuaceramic.com\/es\/wp-json\/wp\/v2\/media?parent=12029"}],"wp:term":[{"taxonomy":"product_brand","embeddable":true,"href":"https:\/\/jinhuaceramic.com\/es\/wp-json\/wp\/v2\/product_brand?post=12029"},{"taxonomy":"product_cat","embeddable":true,"href":"https:\/\/jinhuaceramic.com\/es\/wp-json\/wp\/v2\/product_cat?post=12029"},{"taxonomy":"product_tag","embeddable":true,"href":"https:\/\/jinhuaceramic.com\/es\/wp-json\/wp\/v2\/product_tag?post=12029"}],"curies":[{"name":"wp","href":"https:\/\/api.w.org\/{rel}","templated":true}]}}