{"id":12032,"date":"2026-01-19T10:13:02","date_gmt":"2026-01-19T10:13:02","guid":{"rendered":"https:\/\/jinhuaceramic.com\/?post_type=product&#038;p=12032"},"modified":"2026-01-19T10:13:05","modified_gmt":"2026-01-19T10:13:05","slug":"custom-ramekin","status":"publish","type":"product","link":"https:\/\/jinhuaceramic.com\/es\/product\/custom-ramekin\/","title":{"rendered":"Ramekin Personalizado con Varios Colores, Sart\u00e9n de Cer\u00e1mica a Granel"},"content":{"rendered":"<div class=\"wp-block-columns is-layout-flex wp-container-core-columns-is-layout-9d6595d7 wp-block-columns-is-layout-flex\">\n<div class=\"wp-block-column is-layout-flow wp-block-column-is-layout-flow\">\n<h3 class=\"wp-block-heading\">Premium Custom Ramekin Caracter\u00edsticas:<\/h3>\n\n\n\n<ul class=\"wp-block-list\">\n<li><strong>Dise\u00f1o elegante:<\/strong> Estos ramekins personalizados a granel vienen en colores frescos como el azul claro, el azul oscuro y el blanco, que pueden a\u00f1adir un toque de luminosidad a la cocina o a la mesa del comedor y realzar el ambiente general. La superficie tiene delicadas texturas horizontales, que no solo aumentan la estratificaci\u00f3n visual, sino que tambi\u00e9n hacen que el agarre sea m\u00e1s texturizado.<\/li>\n\n\n\n<li><strong>Versatilidad: <\/strong>Estos ramequines personalizados tienen una capacidad moderada y son adecuados para preparar diversos postres, como souffl\u00e9s, creme brulee, magdalenas, natillas, etc. Tambi\u00e9n pueden utilizarse para servir salsas, frutos secos y otros aperitivos. Son muy adecuados tanto para la reposter\u00eda casera como para su uso en restaurantes.<\/li>\n\n\n\n<li><strong>Material de alta calidad:<\/strong> Estos moldes personalizados son aptos para hornear, est\u00e1n fabricados con material cer\u00e1mico de alta calidad resistente al calor y no se rompen ni deforman f\u00e1cilmente a altas temperaturas. Naturalmente no t\u00f3xico, fresco y puro no reacciona qu\u00edmicamente con los alimentos, por lo que es seguro para su comida y su salud.<\/li>\n\n\n\n<li><strong>F\u00e1cil de limpiar:<\/strong> Este molde para souffl\u00e9 de cer\u00e1mica al por mayor tiene una superficie lisa y no se adhieren f\u00e1cilmente los restos de comida. Son muy f\u00e1ciles de limpiar, ya sea a mano o en el lavavajillas, y resultan muy pr\u00e1cticas.<\/li>\n<\/ul>\n<\/div>\n\n\n\n<div class=\"wp-block-column is-layout-flow wp-block-column-is-layout-flow\">\n<figure class=\"wp-block-image size-full\"><img fetchpriority=\"high\" decoding=\"async\" width=\"1468\" height=\"1500\" src=\"https:\/\/jinhuaceramic.com\/wp-content\/uploads\/2026\/01\/Restaurant-Supply-Ramekins-with-Various-Colors-Wholesale-Ceramic-Custom-Muffin-Pan.webp\" alt=\"custom-ramekin-con-varios-colores-bulk-cer\u00e1mica-souffle-pan-1\" class=\"wp-image-11849\" srcset=\"https:\/\/jinhuaceramic.com\/wp-content\/uploads\/2026\/01\/Restaurant-Supply-Ramekins-with-Various-Colors-Wholesale-Ceramic-Custom-Muffin-Pan.webp 1468w, https:\/\/jinhuaceramic.com\/wp-content\/uploads\/2026\/01\/Restaurant-Supply-Ramekins-with-Various-Colors-Wholesale-Ceramic-Custom-Muffin-Pan-294x300.webp 294w, https:\/\/jinhuaceramic.com\/wp-content\/uploads\/2026\/01\/Restaurant-Supply-Ramekins-with-Various-Colors-Wholesale-Ceramic-Custom-Muffin-Pan-768x785.webp 768w, https:\/\/jinhuaceramic.com\/wp-content\/uploads\/2026\/01\/Restaurant-Supply-Ramekins-with-Various-Colors-Wholesale-Ceramic-Custom-Muffin-Pan-12x12.webp 12w, https:\/\/jinhuaceramic.com\/wp-content\/uploads\/2026\/01\/Restaurant-Supply-Ramekins-with-Various-Colors-Wholesale-Ceramic-Custom-Muffin-Pan-285x291.webp 285w, https:\/\/jinhuaceramic.com\/wp-content\/uploads\/2026\/01\/Restaurant-Supply-Ramekins-with-Various-Colors-Wholesale-Ceramic-Custom-Muffin-Pan-646x660.webp 646w, https:\/\/jinhuaceramic.com\/wp-content\/uploads\/2026\/01\/Restaurant-Supply-Ramekins-with-Various-Colors-Wholesale-Ceramic-Custom-Muffin-Pan-147x150.webp 147w\" sizes=\"(max-width: 1468px) 100vw, 1468px\" \/><\/figure>\n<\/div>\n<\/div>","protected":false},"excerpt":{"rendered":"<p>Bienvenido a comprar nuestro ramekin personalizado, que destaca visualmente por sus encantadores colores y su dise\u00f1o minimalista, listo para la venta al por mayor para uso comercial y minorista. Los materiales cer\u00e1micos de alta calidad garantizan su durabilidad y seguridad, su capacidad y tama\u00f1o razonables satisfacen diversas necesidades culinarias y son f\u00e1ciles de limpiar y mantener. Son un buen elemento en la cocina que combina belleza y practicidad, lo que las hace muy adecuadas tanto para uso dom\u00e9stico como en restaurantes.<\/p>\n<p>&nbsp;<\/p>","protected":false},"featured_media":11843,"comment_status":"closed","ping_status":"closed","template":"","meta":{"_acf_changed":false},"product_brand":[],"product_cat":[53],"product_tag":[69],"class_list":{"0":"post-12032","1":"product","2":"type-product","3":"status-publish","4":"has-post-thumbnail","6":"product_cat-bakeware-in-bulk","7":"product_tag-bulk-ramekins","9":"first","10":"instock","11":"shipping-taxable","12":"product-type-simple"},"acf":[],"_links":{"self":[{"href":"https:\/\/jinhuaceramic.com\/es\/wp-json\/wp\/v2\/product\/12032","targetHints":{"allow":["GET"]}}],"collection":[{"href":"https:\/\/jinhuaceramic.com\/es\/wp-json\/wp\/v2\/product"}],"about":[{"href":"https:\/\/jinhuaceramic.com\/es\/wp-json\/wp\/v2\/types\/product"}],"replies":[{"embeddable":true,"href":"https:\/\/jinhuaceramic.com\/es\/wp-json\/wp\/v2\/comments?post=12032"}],"version-history":[{"count":0,"href":"https:\/\/jinhuaceramic.com\/es\/wp-json\/wp\/v2\/product\/12032\/revisions"}],"wp:featuredmedia":[{"embeddable":true,"href":"https:\/\/jinhuaceramic.com\/es\/wp-json\/wp\/v2\/media\/11843"}],"wp:attachment":[{"href":"https:\/\/jinhuaceramic.com\/es\/wp-json\/wp\/v2\/media?parent=12032"}],"wp:term":[{"taxonomy":"product_brand","embeddable":true,"href":"https:\/\/jinhuaceramic.com\/es\/wp-json\/wp\/v2\/product_brand?post=12032"},{"taxonomy":"product_cat","embeddable":true,"href":"https:\/\/jinhuaceramic.com\/es\/wp-json\/wp\/v2\/product_cat?post=12032"},{"taxonomy":"product_tag","embeddable":true,"href":"https:\/\/jinhuaceramic.com\/es\/wp-json\/wp\/v2\/product_tag?post=12032"}],"curies":[{"name":"wp","href":"https:\/\/api.w.org\/{rel}","templated":true}]}}