{"id":12035,"date":"2026-01-19T10:23:59","date_gmt":"2026-01-19T10:23:59","guid":{"rendered":"https:\/\/jinhuaceramic.com\/?post_type=product&#038;p=12035"},"modified":"2026-01-19T10:24:02","modified_gmt":"2026-01-19T10:24:02","slug":"custom-bathroom-set-accessories","status":"publish","type":"product","link":"https:\/\/jinhuaceramic.com\/es\/product\/custom-bathroom-set-accessories\/","title":{"rendered":"Juego de ba\u00f1o personalizado Accesorios, Juego completo de 5 piezas negro Suministro"},"content":{"rendered":"<div class=\"wp-block-columns is-layout-flex wp-container-core-columns-is-layout-9d6595d7 wp-block-columns-is-layout-flex\">\n<div class=\"wp-block-column is-layout-flow wp-block-column-is-layout-flow\">\n<h3 class=\"wp-block-heading\">Premium Custom Ba\u00f1o Set Accesorios Caracter\u00edsticas:<\/h3>\n\n\n\n<ul class=\"wp-block-list\">\n<li><strong>Adecuado para m\u00faltiples escenarios:<\/strong> Estos accesorios de ba\u00f1o a medida son adecuados para su uso en cuartos de ba\u00f1o familiares, hoteles, pensiones, ba\u00f1os comerciales y otros fines.<\/li>\n\n\n\n<li><strong>Dise\u00f1o exquisito:<\/strong> Estos accesorios de ba\u00f1o a medida de color negro presentan delicadas texturas en la superficie, similares a patrones tejidos que aumentan la delicadeza y la sensaci\u00f3n tridimensional del producto, evitando la monoton\u00eda que aporta el negro puro y proporcionando una experiencia t\u00e1ctil \u00fanica al tocarlo.<\/li>\n\n\n\n<li><strong>Juego completo:<\/strong> Estos accesorios de ba\u00f1o a medida cubren una variedad de accesorios de uso com\u00fan con diferentes funciones en el cuarto de ba\u00f1o, como dispensadores de jab\u00f3n, portacepillos de dientes, tarros de almacenamiento, jaboneras, etc., que satisfacen las necesidades b\u00e1sicas de aseo y almacenamiento diario.<\/li>\n\n\n\n<li><strong>Detalles bien pensados:<\/strong> El dispensador de jab\u00f3n presiona suavemente y controla con precisi\u00f3n la cantidad de desinfectante de manos dispensado. El dise\u00f1o de doble rejilla del portacepillos permite colocar dos cepillos de dientes por separado. La tapa del tarro de almacenamiento tiene un buen cierre herm\u00e9tico y permite guardar bastoncillos y bolitas de algod\u00f3n a prueba de polvo y humedad.<\/li>\n\n\n\n<li><strong>Material duradero:<\/strong> Estos accesorios de ba\u00f1o a medida est\u00e1n fabricados con materiales cer\u00e1micos, que tienen una buena resistencia al desgaste y a la corrosi\u00f3n, no se ven afectados f\u00e1cilmente por el ambiente h\u00famedo del cuarto de ba\u00f1o, y pueden mantener su aspecto y rendimiento estable durante mucho tiempo.<\/li>\n<\/ul>\n<\/div>\n\n\n\n<div class=\"wp-block-column is-layout-flow wp-block-column-is-layout-flow\">\n<figure class=\"wp-block-image size-full\"><img fetchpriority=\"high\" decoding=\"async\" width=\"2560\" height=\"2560\" src=\"https:\/\/jinhuaceramic.com\/wp-content\/uploads\/2026\/01\/Black-Designer-Bathroom-Sets-Custom-Soap-Dispenser-and-Toothbrush-Holder-Set.webp\" alt=\"custom-bathroom-set-accessories-5-piece-black-full-set-bulk-1\" class=\"wp-image-11871\" srcset=\"https:\/\/jinhuaceramic.com\/wp-content\/uploads\/2026\/01\/Black-Designer-Bathroom-Sets-Custom-Soap-Dispenser-and-Toothbrush-Holder-Set.webp 2560w, https:\/\/jinhuaceramic.com\/wp-content\/uploads\/2026\/01\/Black-Designer-Bathroom-Sets-Custom-Soap-Dispenser-and-Toothbrush-Holder-Set-300x300.webp 300w, https:\/\/jinhuaceramic.com\/wp-content\/uploads\/2026\/01\/Black-Designer-Bathroom-Sets-Custom-Soap-Dispenser-and-Toothbrush-Holder-Set-150x150.webp 150w, https:\/\/jinhuaceramic.com\/wp-content\/uploads\/2026\/01\/Black-Designer-Bathroom-Sets-Custom-Soap-Dispenser-and-Toothbrush-Holder-Set-768x768.webp 768w, https:\/\/jinhuaceramic.com\/wp-content\/uploads\/2026\/01\/Black-Designer-Bathroom-Sets-Custom-Soap-Dispenser-and-Toothbrush-Holder-Set-12x12.webp 12w, https:\/\/jinhuaceramic.com\/wp-content\/uploads\/2026\/01\/Black-Designer-Bathroom-Sets-Custom-Soap-Dispenser-and-Toothbrush-Holder-Set-285x285.webp 285w, https:\/\/jinhuaceramic.com\/wp-content\/uploads\/2026\/01\/Black-Designer-Bathroom-Sets-Custom-Soap-Dispenser-and-Toothbrush-Holder-Set-1600x1600.webp 1600w, https:\/\/jinhuaceramic.com\/wp-content\/uploads\/2026\/01\/Black-Designer-Bathroom-Sets-Custom-Soap-Dispenser-and-Toothbrush-Holder-Set-270x270.webp 270w, https:\/\/jinhuaceramic.com\/wp-content\/uploads\/2026\/01\/Black-Designer-Bathroom-Sets-Custom-Soap-Dispenser-and-Toothbrush-Holder-Set-540x540.webp 540w, https:\/\/jinhuaceramic.com\/wp-content\/uploads\/2026\/01\/Black-Designer-Bathroom-Sets-Custom-Soap-Dispenser-and-Toothbrush-Holder-Set-660x660.webp 660w\" sizes=\"(max-width: 2560px) 100vw, 2560px\" \/><\/figure>\n<\/div>\n<\/div>","protected":false},"excerpt":{"rendered":"<p>Le damos la bienvenida a la compra de nuestros accesorios personalizados para conjuntos de ba\u00f1o. Estos juegos de ba\u00f1o de cer\u00e1mica negra, con su exquisita apariencia, funciones pr\u00e1cticas y materiales de alta calidad, se han convertido en productos de ba\u00f1o excepcionales. No s\u00f3lo satisfacen las necesidades diarias de lavado y almacenamiento de los usuarios, sino que tambi\u00e9n aportan elegancia y moda al cuarto de ba\u00f1o, lo que los convierte en una opci\u00f3n ideal para quienes persiguen una calidad de vida.<\/p>","protected":false},"featured_media":11869,"comment_status":"closed","ping_status":"closed","template":"","meta":{"_acf_changed":false},"product_brand":[],"product_cat":[51],"product_tag":[74],"class_list":{"0":"post-12035","1":"product","2":"type-product","3":"status-publish","4":"has-post-thumbnail","6":"product_cat-bathroom-accessories-wholesale","7":"product_tag-ceramic-bath-accessories-wholesale","9":"first","10":"instock","11":"shipping-taxable","12":"product-type-simple"},"acf":[],"_links":{"self":[{"href":"https:\/\/jinhuaceramic.com\/es\/wp-json\/wp\/v2\/product\/12035","targetHints":{"allow":["GET"]}}],"collection":[{"href":"https:\/\/jinhuaceramic.com\/es\/wp-json\/wp\/v2\/product"}],"about":[{"href":"https:\/\/jinhuaceramic.com\/es\/wp-json\/wp\/v2\/types\/product"}],"replies":[{"embeddable":true,"href":"https:\/\/jinhuaceramic.com\/es\/wp-json\/wp\/v2\/comments?post=12035"}],"version-history":[{"count":0,"href":"https:\/\/jinhuaceramic.com\/es\/wp-json\/wp\/v2\/product\/12035\/revisions"}],"wp:featuredmedia":[{"embeddable":true,"href":"https:\/\/jinhuaceramic.com\/es\/wp-json\/wp\/v2\/media\/11869"}],"wp:attachment":[{"href":"https:\/\/jinhuaceramic.com\/es\/wp-json\/wp\/v2\/media?parent=12035"}],"wp:term":[{"taxonomy":"product_brand","embeddable":true,"href":"https:\/\/jinhuaceramic.com\/es\/wp-json\/wp\/v2\/product_brand?post=12035"},{"taxonomy":"product_cat","embeddable":true,"href":"https:\/\/jinhuaceramic.com\/es\/wp-json\/wp\/v2\/product_cat?post=12035"},{"taxonomy":"product_tag","embeddable":true,"href":"https:\/\/jinhuaceramic.com\/es\/wp-json\/wp\/v2\/product_tag?post=12035"}],"curies":[{"name":"wp","href":"https:\/\/api.w.org\/{rel}","templated":true}]}}