{"id":12038,"date":"2026-01-19T10:42:46","date_gmt":"2026-01-19T10:42:46","guid":{"rendered":"https:\/\/jinhuaceramic.com\/?post_type=product&#038;p=12038"},"modified":"2026-01-19T10:42:48","modified_gmt":"2026-01-19T10:42:48","slug":"oval-casserole-dish-wholesale","status":"publish","type":"product","link":"https:\/\/jinhuaceramic.com\/es\/product\/oval-casserole-dish-wholesale\/","title":{"rendered":"Cacerola Ovalada al por mayor, moldes de ceramica a medida"},"content":{"rendered":"<div class=\"wp-block-columns is-layout-flex wp-container-core-columns-is-layout-9d6595d7 wp-block-columns-is-layout-flex\">\n<div class=\"wp-block-column is-layout-flow wp-block-column-is-layout-flow\">\n<h3 class=\"wp-block-heading\">Premium Oval Cacerola Plato al por mayor Caracter\u00edsticas:<\/h3>\n\n\n\n<ul class=\"wp-block-list\">\n<li><strong>Dise\u00f1o elegante:<\/strong> Esta cacerola ovalada al por mayor est\u00e1 dise\u00f1ada con delicados motivos en relieve poco profundos en su superficie. El sencillo y limpio color blanco, combinado con sutiles capas visuales, no solo evita la monoton\u00eda visual de los colores s\u00f3lidos, sino que realza el valor art\u00edstico y ornamental de los productos.<\/li>\n\n\n\n<li><strong>Capacidad moderada: <\/strong>Esta cazuela ovalada al por mayor puede llenarse con 320ML, lo que puede considerarse una capacidad moderada. Es adecuada para cocinar de forma individual o para una familia peque\u00f1a. Al mismo tiempo, pueden utilizarse para preparar varias raciones individuales para fiestas o banquetes.<\/li>\n\n\n\n<li><strong>Material de alta calidad: <\/strong>Esta cacerola ovalada al por mayor est\u00e1 hecha de materiales cer\u00e1micos de alta calidad con buena conductividad t\u00e9rmica, lo que ayuda a calentar uniformemente los alimentos durante el proceso de horneado, evitando el sobrecalentamiento local o la quema, garantizando as\u00ed el efecto de horneado y el sabor de los alimentos.<\/li>\n\n\n\n<li><strong>F\u00e1cil de limpiar: <\/strong>Estos moldes de cer\u00e1mica personalizados tienen una superficie lisa, lo que dificulta la adherencia de los alimentos y facilita su limpieza. Basta con pasar suavemente un pa\u00f1o con agua tibia y detergente para limpiar el aceite y los restos de comida del molde.<\/li>\n\n\n\n<li><strong>Utensilio de cocina multiusos:<\/strong> Estas bandejas de cer\u00e1mica para hornear personalizadas pueden utilizarse para diversas situaciones culinarias, como hornear, asar, guisar, etc., aptas para uso comercial en hogares, restaurantes, hoteles, etc.<\/li>\n<\/ul>\n<\/div>\n\n\n\n<div class=\"wp-block-column is-layout-flow wp-block-column-is-layout-flow\">\n<figure class=\"wp-block-image size-full\"><img fetchpriority=\"high\" decoding=\"async\" width=\"1024\" height=\"1024\" src=\"https:\/\/jinhuaceramic.com\/wp-content\/uploads\/2026\/01\/Oval-White-Casserole-Dish-Custom-Ceramic-Food-Service-Baking-Pans-Wholesale-4.webp\" alt=\"cacerola ovalada - mayorista - cacerolas de cer\u00e1mica para hornear personalizadas - 4\" class=\"wp-image-11859\" srcset=\"https:\/\/jinhuaceramic.com\/wp-content\/uploads\/2026\/01\/Oval-White-Casserole-Dish-Custom-Ceramic-Food-Service-Baking-Pans-Wholesale-4.webp 1024w, https:\/\/jinhuaceramic.com\/wp-content\/uploads\/2026\/01\/Oval-White-Casserole-Dish-Custom-Ceramic-Food-Service-Baking-Pans-Wholesale-4-300x300.webp 300w, https:\/\/jinhuaceramic.com\/wp-content\/uploads\/2026\/01\/Oval-White-Casserole-Dish-Custom-Ceramic-Food-Service-Baking-Pans-Wholesale-4-150x150.webp 150w, https:\/\/jinhuaceramic.com\/wp-content\/uploads\/2026\/01\/Oval-White-Casserole-Dish-Custom-Ceramic-Food-Service-Baking-Pans-Wholesale-4-768x768.webp 768w, https:\/\/jinhuaceramic.com\/wp-content\/uploads\/2026\/01\/Oval-White-Casserole-Dish-Custom-Ceramic-Food-Service-Baking-Pans-Wholesale-4-12x12.webp 12w, https:\/\/jinhuaceramic.com\/wp-content\/uploads\/2026\/01\/Oval-White-Casserole-Dish-Custom-Ceramic-Food-Service-Baking-Pans-Wholesale-4-285x285.webp 285w, https:\/\/jinhuaceramic.com\/wp-content\/uploads\/2026\/01\/Oval-White-Casserole-Dish-Custom-Ceramic-Food-Service-Baking-Pans-Wholesale-4-270x270.webp 270w, https:\/\/jinhuaceramic.com\/wp-content\/uploads\/2026\/01\/Oval-White-Casserole-Dish-Custom-Ceramic-Food-Service-Baking-Pans-Wholesale-4-540x540.webp 540w, https:\/\/jinhuaceramic.com\/wp-content\/uploads\/2026\/01\/Oval-White-Casserole-Dish-Custom-Ceramic-Food-Service-Baking-Pans-Wholesale-4-660x660.webp 660w\" sizes=\"(max-width: 1024px) 100vw, 1024px\" \/><\/figure>\n<\/div>\n<\/div>","protected":false},"excerpt":{"rendered":"<p>Bienvenido a comprar nuestra cacerola ovalada blanca al por mayor con su elegante dise\u00f1o exterior, tama\u00f1o de capacidad razonable, material de alta calidad, y f\u00e1cil limpieza, que se han convertido en utensilios para hornear pr\u00e1ctico y hermoso en la cocina. Adecuado para hornos, microondas, y diversos escenarios de cocci\u00f3n, disponible para ayudar con las compras al por mayor y las necesidades de personalizaci\u00f3n de la marca.<\/p>","protected":false},"featured_media":11862,"comment_status":"closed","ping_status":"closed","template":"","meta":{"_acf_changed":false},"product_brand":[],"product_cat":[53],"product_tag":[71],"class_list":{"0":"post-12038","1":"product","2":"type-product","3":"status-publish","4":"has-post-thumbnail","6":"product_cat-bakeware-in-bulk","7":"product_tag-wholesale-baking-pans","9":"first","10":"instock","11":"shipping-taxable","12":"product-type-simple"},"acf":[],"_links":{"self":[{"href":"https:\/\/jinhuaceramic.com\/es\/wp-json\/wp\/v2\/product\/12038","targetHints":{"allow":["GET"]}}],"collection":[{"href":"https:\/\/jinhuaceramic.com\/es\/wp-json\/wp\/v2\/product"}],"about":[{"href":"https:\/\/jinhuaceramic.com\/es\/wp-json\/wp\/v2\/types\/product"}],"replies":[{"embeddable":true,"href":"https:\/\/jinhuaceramic.com\/es\/wp-json\/wp\/v2\/comments?post=12038"}],"version-history":[{"count":0,"href":"https:\/\/jinhuaceramic.com\/es\/wp-json\/wp\/v2\/product\/12038\/revisions"}],"wp:featuredmedia":[{"embeddable":true,"href":"https:\/\/jinhuaceramic.com\/es\/wp-json\/wp\/v2\/media\/11862"}],"wp:attachment":[{"href":"https:\/\/jinhuaceramic.com\/es\/wp-json\/wp\/v2\/media?parent=12038"}],"wp:term":[{"taxonomy":"product_brand","embeddable":true,"href":"https:\/\/jinhuaceramic.com\/es\/wp-json\/wp\/v2\/product_brand?post=12038"},{"taxonomy":"product_cat","embeddable":true,"href":"https:\/\/jinhuaceramic.com\/es\/wp-json\/wp\/v2\/product_cat?post=12038"},{"taxonomy":"product_tag","embeddable":true,"href":"https:\/\/jinhuaceramic.com\/es\/wp-json\/wp\/v2\/product_tag?post=12038"}],"curies":[{"name":"wp","href":"https:\/\/api.w.org\/{rel}","templated":true}]}}