{"id":12041,"date":"2026-01-20T01:58:11","date_gmt":"2026-01-20T01:58:11","guid":{"rendered":"https:\/\/jinhuaceramic.com\/?post_type=product&#038;p=12041"},"modified":"2026-01-20T01:58:15","modified_gmt":"2026-01-20T01:58:15","slug":"bath-accessories-custom","status":"publish","type":"product","link":"https:\/\/jinhuaceramic.com\/es\/product\/bath-accessories-custom\/","title":{"rendered":"Accesorios de ba\u00f1o de cer\u00e1mica y madera Juego de ba\u00f1o personalizado y a granel"},"content":{"rendered":"<div class=\"wp-block-columns is-layout-flex wp-container-core-columns-is-layout-9d6595d7 wp-block-columns-is-layout-flex\">\n<div class=\"wp-block-column is-layout-flow wp-block-column-is-layout-flow\">\n<h3 class=\"wp-block-heading\">Accesorios de ba\u00f1o de cer\u00e1mica y madera de primera calidad Caracter\u00edsticas personalizadas:<\/h3>\n\n\n\n<ul class=\"wp-block-list\">\n<li><strong>Base de madera:<\/strong> Estos accesorios de ba\u00f1o personalizados presentan una combinaci\u00f3n de cer\u00e1mica negra mate y base de madera natural veteada. La adici\u00f3n de elementos de madera a\u00f1ade una sensaci\u00f3n natural y c\u00e1lida a todo el conjunto, evitando la fr\u00eda dureza del negro puro y mejorando el nivel visual mediante el contraste de materiales, lo que hace que el conjunto sea m\u00e1s art\u00edstico.<\/li>\n\n\n\n<li><strong>Embellecedor de etiqueta blanca:<\/strong> Estos accesorios de ba\u00f1o personalizados est\u00e1n etiquetados con etiquetas blancas que indican el nombre y la capacidad de los art\u00edculos. Este dise\u00f1o minimalista no s\u00f3lo facilita el reconocimiento y el uso por parte del usuario, sino que tambi\u00e9n hace que el juego de ba\u00f1o sea pr\u00e1ctico sin dejar de estar a la moda.<\/li>\n\n\n\n<li><strong>Juego completo:<\/strong> Estos sets de ba\u00f1o a granel incluyen art\u00edculos de ba\u00f1o comunes, como portacepillos de dientes, botellas de jab\u00f3n, vasos para enjuague bucal y jaboneras, que satisfacen las necesidades b\u00e1sicas de aseo diario y almacenamiento en el ba\u00f1o, manteniendo organizada la encimera del ba\u00f1o.<\/li>\n\n\n\n<li><strong>Excelente material: <\/strong>Estos juegos de ba\u00f1o de cer\u00e1mica a granel tienen buena resistencia al desgaste y a la corrosi\u00f3n, pueden soportar la humedad del ambiente del ba\u00f1o y la fricci\u00f3n durante el uso diario, y no se da\u00f1an f\u00e1cilmente.<\/li>\n\n\n\n<li><strong>Suministro directo de f\u00e1brica:<\/strong> Somos el fabricante original, garantizamos un suministro estable, apoyamos los pedidos al por mayor y la cooperaci\u00f3n a largo plazo, con un plazo de entrega controlable y una calidad constante.<\/li>\n<\/ul>\n<\/div>\n\n\n\n<div class=\"wp-block-column is-layout-flow wp-block-column-is-layout-flow\">\n<figure class=\"wp-block-image size-full\"><img fetchpriority=\"high\" decoding=\"async\" width=\"1500\" height=\"1500\" src=\"https:\/\/jinhuaceramic.com\/wp-content\/uploads\/2026\/01\/High-End-Ceramic-and-Wood-Bathroom-Set-Custom-Wholesale-Bath-Accessories-3.webp\" alt=\"cer\u00e1mica y madera - accesorios de ba\u00f1o - juego de ba\u00f1o a granel personalizado - 3\" class=\"wp-image-11878\" srcset=\"https:\/\/jinhuaceramic.com\/wp-content\/uploads\/2026\/01\/High-End-Ceramic-and-Wood-Bathroom-Set-Custom-Wholesale-Bath-Accessories-3.webp 1500w, https:\/\/jinhuaceramic.com\/wp-content\/uploads\/2026\/01\/High-End-Ceramic-and-Wood-Bathroom-Set-Custom-Wholesale-Bath-Accessories-3-300x300.webp 300w, https:\/\/jinhuaceramic.com\/wp-content\/uploads\/2026\/01\/High-End-Ceramic-and-Wood-Bathroom-Set-Custom-Wholesale-Bath-Accessories-3-150x150.webp 150w, https:\/\/jinhuaceramic.com\/wp-content\/uploads\/2026\/01\/High-End-Ceramic-and-Wood-Bathroom-Set-Custom-Wholesale-Bath-Accessories-3-768x768.webp 768w, https:\/\/jinhuaceramic.com\/wp-content\/uploads\/2026\/01\/High-End-Ceramic-and-Wood-Bathroom-Set-Custom-Wholesale-Bath-Accessories-3-12x12.webp 12w, https:\/\/jinhuaceramic.com\/wp-content\/uploads\/2026\/01\/High-End-Ceramic-and-Wood-Bathroom-Set-Custom-Wholesale-Bath-Accessories-3-285x285.webp 285w, https:\/\/jinhuaceramic.com\/wp-content\/uploads\/2026\/01\/High-End-Ceramic-and-Wood-Bathroom-Set-Custom-Wholesale-Bath-Accessories-3-270x270.webp 270w, https:\/\/jinhuaceramic.com\/wp-content\/uploads\/2026\/01\/High-End-Ceramic-and-Wood-Bathroom-Set-Custom-Wholesale-Bath-Accessories-3-540x540.webp 540w, https:\/\/jinhuaceramic.com\/wp-content\/uploads\/2026\/01\/High-End-Ceramic-and-Wood-Bathroom-Set-Custom-Wholesale-Bath-Accessories-3-660x660.webp 660w\" sizes=\"(max-width: 1500px) 100vw, 1500px\" \/><\/figure>\n<\/div>\n<\/div>","protected":false},"excerpt":{"rendered":"<p>Bienvenido a comprar estos accesorios de ba\u00f1o de cer\u00e1mica y madera personalizados para suministro a granel a hoteles, marcas y proyectos comerciales. El set de ba\u00f1o negro presenta m\u00faltiples ventajas gracias a su exclusivo dise\u00f1o exterior, sus pr\u00e1cticos ajustes funcionales y la excelente calidad de sus materiales. No son s\u00f3lo productos pr\u00e1cticos para el ba\u00f1o, sino tambi\u00e9n art\u00edculos decorativos que pueden realzar el estilo del cuarto de ba\u00f1o, proporcionando a los usuarios una experiencia m\u00e1s c\u00f3moda y confortable.<\/p>","protected":false},"featured_media":11883,"comment_status":"closed","ping_status":"closed","template":"","meta":{"_acf_changed":false},"product_brand":[],"product_cat":[51],"product_tag":[74],"class_list":{"0":"post-12041","1":"product","2":"type-product","3":"status-publish","4":"has-post-thumbnail","6":"product_cat-bathroom-accessories-wholesale","7":"product_tag-ceramic-bath-accessories-wholesale","9":"first","10":"instock","11":"shipping-taxable","12":"product-type-simple"},"acf":[],"_links":{"self":[{"href":"https:\/\/jinhuaceramic.com\/es\/wp-json\/wp\/v2\/product\/12041","targetHints":{"allow":["GET"]}}],"collection":[{"href":"https:\/\/jinhuaceramic.com\/es\/wp-json\/wp\/v2\/product"}],"about":[{"href":"https:\/\/jinhuaceramic.com\/es\/wp-json\/wp\/v2\/types\/product"}],"replies":[{"embeddable":true,"href":"https:\/\/jinhuaceramic.com\/es\/wp-json\/wp\/v2\/comments?post=12041"}],"version-history":[{"count":0,"href":"https:\/\/jinhuaceramic.com\/es\/wp-json\/wp\/v2\/product\/12041\/revisions"}],"wp:featuredmedia":[{"embeddable":true,"href":"https:\/\/jinhuaceramic.com\/es\/wp-json\/wp\/v2\/media\/11883"}],"wp:attachment":[{"href":"https:\/\/jinhuaceramic.com\/es\/wp-json\/wp\/v2\/media?parent=12041"}],"wp:term":[{"taxonomy":"product_brand","embeddable":true,"href":"https:\/\/jinhuaceramic.com\/es\/wp-json\/wp\/v2\/product_brand?post=12041"},{"taxonomy":"product_cat","embeddable":true,"href":"https:\/\/jinhuaceramic.com\/es\/wp-json\/wp\/v2\/product_cat?post=12041"},{"taxonomy":"product_tag","embeddable":true,"href":"https:\/\/jinhuaceramic.com\/es\/wp-json\/wp\/v2\/product_tag?post=12041"}],"curies":[{"name":"wp","href":"https:\/\/api.w.org\/{rel}","templated":true}]}}