{"id":12044,"date":"2026-01-20T02:35:51","date_gmt":"2026-01-20T02:35:51","guid":{"rendered":"https:\/\/jinhuaceramic.com\/?post_type=product&#038;p=12044"},"modified":"2026-03-09T06:47:38","modified_gmt":"2026-03-09T06:47:38","slug":"custom-white-bakeware-set","status":"publish","type":"product","link":"https:\/\/jinhuaceramic.com\/es\/product\/custom-white-bakeware-set\/","title":{"rendered":"Juego de 3 piezas de cer\u00e1mica blanca para hornear a granel"},"content":{"rendered":"<div class=\"wp-block-columns is-layout-flex wp-container-core-columns-is-layout-9d6595d7 wp-block-columns-is-layout-flex\">\n<div class=\"wp-block-column is-layout-flow wp-block-column-is-layout-flow\">\n<h3 class=\"wp-block-heading\">Juego de 3 piezas para hornear de color blanco personalizado Caracter\u00edsticas:<\/h3>\n\n\n\n<ul class=\"wp-block-list\">\n<li><strong>Material de primera calidad:<\/strong> Este juego de utensilios para hornear de color blanco contiene materiales cer\u00e1micos de alta calidad con buena conductividad t\u00e9rmica, que pueden ayudar a calentar los alimentos de manera uniforme al hornear, evitar el sobrecalentamiento local o la cocci\u00f3n insuficiente de los alimentos y mejorar el efecto del horneado.<\/li>\n\n\n\n<li><strong>Dise\u00f1o minimalista:<\/strong> Estos moldes de cer\u00e1mica para hornear al por mayor est\u00e1n fabricados en blanco puro sin adornos innecesarios, con bordes redondeados que parecen m\u00e1s suaves visualmente, ofreciendo a la gente una experiencia visual sencilla, limpia y fresca. El blanco es vers\u00e1til y puede combinar perfectamente con diversos estilos de decoraci\u00f3n de cocinas y vajillas.<\/li>\n\n\n\n<li><strong>Varios tama\u00f1os: <\/strong>Este juego de utensilios para hornear de color blanco personalizado incluye 3 moldes de diferentes tama\u00f1os, que pueden satisfacer las necesidades de diferentes escenarios culinarios y comensales. El molde m\u00e1s grande es adecuado para hornear ingredientes grandes, mientras que el molde m\u00e1s peque\u00f1o es adecuado para hacer postres peque\u00f1os, hornear aperitivos, etc.<\/li>\n\n\n\n<li><strong>F\u00e1cil de guardar: <\/strong>Estas bandejas de cer\u00e1mica para hornear al por mayor de diferentes tama\u00f1os mantienen una forma consistente y pueden anidarse y apilarse: las bandejas peque\u00f1as se encajan en la bandeja central y luego se colocan juntas en la bandeja grande, lo que ahorra mucho espacio de almacenamiento en la cocina.<\/li>\n\n\n\n<li><strong>Apto para horno, microondas y lavavajillas:<\/strong> Este juego de utensilios para hornear de color blanco est\u00e1 dise\u00f1ado para una mayor comodidad; los moldes son aptos para horno, microondas, frigor\u00edfico y lavavajillas. Esta versatilidad reduce las complicaciones operativas y mejora la eficiencia en cocinas con mucho trabajo.<\/li>\n\n\n\n<li><strong>Ideal para pedidos al por mayor y a granel:<\/strong> El juego de utensilios para hornear al por mayor est\u00e1 dise\u00f1ado para la producci\u00f3n a gran escala y la compra al por mayor, por lo que es adecuado para mayoristas, minoristas, marcas de utensilios de cocina y proveedores de hosteler\u00eda que buscan un suministro fiable.<\/li>\n<\/ul>\n<\/div>\n\n\n\n<div class=\"wp-block-column is-layout-flow wp-block-column-is-layout-flow\">\n<figure class=\"wp-block-image size-full\"><img fetchpriority=\"high\" decoding=\"async\" width=\"1500\" height=\"1500\" src=\"https:\/\/jinhuaceramic.com\/wp-content\/uploads\/2026\/01\/3-Piece-White-Custom-Bakeware-Set-Ceramic-Kitchen-Baking-Pans-Wholesale-5.webp\" alt=\"juego de utensilios de cer\u00e1mica para hornear de 3 piezas a granel-5\" class=\"wp-image-11875\" srcset=\"https:\/\/jinhuaceramic.com\/wp-content\/uploads\/2026\/01\/3-Piece-White-Custom-Bakeware-Set-Ceramic-Kitchen-Baking-Pans-Wholesale-5.webp 1500w, https:\/\/jinhuaceramic.com\/wp-content\/uploads\/2026\/01\/3-Piece-White-Custom-Bakeware-Set-Ceramic-Kitchen-Baking-Pans-Wholesale-5-300x300.webp 300w, https:\/\/jinhuaceramic.com\/wp-content\/uploads\/2026\/01\/3-Piece-White-Custom-Bakeware-Set-Ceramic-Kitchen-Baking-Pans-Wholesale-5-150x150.webp 150w, https:\/\/jinhuaceramic.com\/wp-content\/uploads\/2026\/01\/3-Piece-White-Custom-Bakeware-Set-Ceramic-Kitchen-Baking-Pans-Wholesale-5-768x768.webp 768w, https:\/\/jinhuaceramic.com\/wp-content\/uploads\/2026\/01\/3-Piece-White-Custom-Bakeware-Set-Ceramic-Kitchen-Baking-Pans-Wholesale-5-12x12.webp 12w, https:\/\/jinhuaceramic.com\/wp-content\/uploads\/2026\/01\/3-Piece-White-Custom-Bakeware-Set-Ceramic-Kitchen-Baking-Pans-Wholesale-5-285x285.webp 285w, https:\/\/jinhuaceramic.com\/wp-content\/uploads\/2026\/01\/3-Piece-White-Custom-Bakeware-Set-Ceramic-Kitchen-Baking-Pans-Wholesale-5-270x270.webp 270w, https:\/\/jinhuaceramic.com\/wp-content\/uploads\/2026\/01\/3-Piece-White-Custom-Bakeware-Set-Ceramic-Kitchen-Baking-Pans-Wholesale-5-540x540.webp 540w, https:\/\/jinhuaceramic.com\/wp-content\/uploads\/2026\/01\/3-Piece-White-Custom-Bakeware-Set-Ceramic-Kitchen-Baking-Pans-Wholesale-5-660x660.webp 660w\" sizes=\"(max-width: 1500px) 100vw, 1500px\" \/><\/figure>\n<\/div>\n<\/div>","protected":false},"excerpt":{"rendered":"<p>Bienvenido a comprar nuestro juego de utensilios para hornear blancos personalizados con su dise\u00f1o exterior minimalista, combinaciones de varios tama\u00f1os y materiales cer\u00e1micos de alta calidad, que se han convertido en utensilios para hornear est\u00e9ticamente agradables y pr\u00e1cticos en la cocina. Suministro directo de f\u00e1brica con servicios OEM\/ODM, perfecto para minoristas, importadores y compradores de servicios alimentarios que buscan soluciones fiables de utensilios para hornear a granel.<\/p>","protected":false},"featured_media":11874,"comment_status":"closed","ping_status":"closed","template":"","meta":{"_acf_changed":false},"product_brand":[],"product_cat":[53],"product_tag":[71],"class_list":{"0":"post-12044","1":"product","2":"type-product","3":"status-publish","4":"has-post-thumbnail","6":"product_cat-bakeware-in-bulk","7":"product_tag-wholesale-baking-pans","9":"first","10":"instock","11":"shipping-taxable","12":"product-type-simple"},"acf":[],"_links":{"self":[{"href":"https:\/\/jinhuaceramic.com\/es\/wp-json\/wp\/v2\/product\/12044","targetHints":{"allow":["GET"]}}],"collection":[{"href":"https:\/\/jinhuaceramic.com\/es\/wp-json\/wp\/v2\/product"}],"about":[{"href":"https:\/\/jinhuaceramic.com\/es\/wp-json\/wp\/v2\/types\/product"}],"replies":[{"embeddable":true,"href":"https:\/\/jinhuaceramic.com\/es\/wp-json\/wp\/v2\/comments?post=12044"}],"version-history":[{"count":1,"href":"https:\/\/jinhuaceramic.com\/es\/wp-json\/wp\/v2\/product\/12044\/revisions"}],"predecessor-version":[{"id":12144,"href":"https:\/\/jinhuaceramic.com\/es\/wp-json\/wp\/v2\/product\/12044\/revisions\/12144"}],"wp:featuredmedia":[{"embeddable":true,"href":"https:\/\/jinhuaceramic.com\/es\/wp-json\/wp\/v2\/media\/11874"}],"wp:attachment":[{"href":"https:\/\/jinhuaceramic.com\/es\/wp-json\/wp\/v2\/media?parent=12044"}],"wp:term":[{"taxonomy":"product_brand","embeddable":true,"href":"https:\/\/jinhuaceramic.com\/es\/wp-json\/wp\/v2\/product_brand?post=12044"},{"taxonomy":"product_cat","embeddable":true,"href":"https:\/\/jinhuaceramic.com\/es\/wp-json\/wp\/v2\/product_cat?post=12044"},{"taxonomy":"product_tag","embeddable":true,"href":"https:\/\/jinhuaceramic.com\/es\/wp-json\/wp\/v2\/product_tag?post=12044"}],"curies":[{"name":"wp","href":"https:\/\/api.w.org\/{rel}","templated":true}]}}