{"id":12047,"date":"2026-01-20T03:13:45","date_gmt":"2026-01-20T03:13:45","guid":{"rendered":"https:\/\/jinhuaceramic.com\/?post_type=product&#038;p=12047"},"modified":"2026-01-20T04:00:32","modified_gmt":"2026-01-20T04:00:32","slug":"3-piece-ceramic-baking-dishes-wholesale","status":"publish","type":"product","link":"https:\/\/jinhuaceramic.com\/es\/product\/3-piece-ceramic-baking-dishes-wholesale\/","title":{"rendered":"3-Piezas de cer\u00e1mica para hornear platos al por mayor con varios patrones"},"content":{"rendered":"<div class=\"wp-block-columns is-layout-flex wp-container-core-columns-is-layout-9d6595d7 wp-block-columns-is-layout-flex\">\n<div class=\"wp-block-column is-layout-flow wp-block-column-is-layout-flow\">\n<h3 class=\"wp-block-heading\">Premium 3-Pieza de cer\u00e1mica para hornear platos al por mayor Caracter\u00edsticas:<\/h3>\n\n\n\n<ul class=\"wp-block-list\">\n<li><strong>Varios patrones:<\/strong> Estos platos de cer\u00e1mica para hornear de 3 piezas al por mayor est\u00e1n amablemente provistos de patrones geom\u00e9tricos negros en la superficie, como adagios regulares en forma de arco, rejilla triangular y l\u00edneas con elipses. Estos patrones de dise\u00f1o son estilos de arte muy moderno y pueden a\u00f1adir un sabor visual \u00fanico a la bandeja para hornear.<\/li>\n\n\n\n<li><strong>Diferentes tama\u00f1os: <\/strong>Estos platos de cer\u00e1mica para hornear de 3 piezas al por mayor contienen los tama\u00f1os grande, mediano y peque\u00f1o con capacidades de 2280 ml, 1182 ml y 535 ml, respectivamente. Diferentes opciones de tama\u00f1o est\u00e1n disponibles para satisfacer sus necesidades para diferentes escalas de la cocina, de uso personal a las comidas familiares.<\/li>\n\n\n\n<li><strong>Material de alta calidad:<\/strong> Nuestros moldes a medida se fabrican con materiales cer\u00e1micos de alta calidad con propiedades qu\u00edmicas estables. No liberan sustancias nocivas en el proceso de horneado a alta temperatura, por lo que los alimentos son seguros y saludables.<\/li>\n\n\n\n<li><strong>Superficie vitrificada f\u00e1cil de limpiar:<\/strong> La superficie de estos moldes para hornear al por mayor es lisa y densa, por lo que es menos propensa a las manchas de aceite, lo que mejora la eficacia y reduce los problemas posventa en los sectores de la restauraci\u00f3n y el comercio minorista.<\/li>\n\n\n\n<li><strong>Versatilidad:<\/strong> Adem\u00e1s de utilizarse como utensilios para hornear, estos platos de cer\u00e1mica para hornear de 3 piezas al por mayor tambi\u00e9n pueden utilizarse directamente como vajilla. Los patrones \u00fanicos y exquisita apariencia pueden mejorar el estilo de comedor y a\u00f1adir un sentido de la ceremonia a la experiencia de comer, especialmente adecuado para entretener a los invitados.<\/li>\n<\/ul>\n<\/div>\n\n\n\n<div class=\"wp-block-column is-layout-flow wp-block-column-is-layout-flow\">\n<figure class=\"wp-block-image size-full\"><img fetchpriority=\"high\" decoding=\"async\" width=\"1000\" height=\"1000\" src=\"https:\/\/jinhuaceramic.com\/wp-content\/uploads\/2026\/01\/3-Piece-Baking-Dish-Set-with-Various-Patterns-Custom-Baking-Pans-Wholesale-5.webp\" alt=\"Platos de cer\u00e1mica para hornear de 3 piezas al por mayor con varios motivos-5\" class=\"wp-image-11887\" srcset=\"https:\/\/jinhuaceramic.com\/wp-content\/uploads\/2026\/01\/3-Piece-Baking-Dish-Set-with-Various-Patterns-Custom-Baking-Pans-Wholesale-5.webp 1000w, https:\/\/jinhuaceramic.com\/wp-content\/uploads\/2026\/01\/3-Piece-Baking-Dish-Set-with-Various-Patterns-Custom-Baking-Pans-Wholesale-5-300x300.webp 300w, https:\/\/jinhuaceramic.com\/wp-content\/uploads\/2026\/01\/3-Piece-Baking-Dish-Set-with-Various-Patterns-Custom-Baking-Pans-Wholesale-5-150x150.webp 150w, https:\/\/jinhuaceramic.com\/wp-content\/uploads\/2026\/01\/3-Piece-Baking-Dish-Set-with-Various-Patterns-Custom-Baking-Pans-Wholesale-5-768x768.webp 768w, https:\/\/jinhuaceramic.com\/wp-content\/uploads\/2026\/01\/3-Piece-Baking-Dish-Set-with-Various-Patterns-Custom-Baking-Pans-Wholesale-5-12x12.webp 12w, https:\/\/jinhuaceramic.com\/wp-content\/uploads\/2026\/01\/3-Piece-Baking-Dish-Set-with-Various-Patterns-Custom-Baking-Pans-Wholesale-5-285x285.webp 285w, https:\/\/jinhuaceramic.com\/wp-content\/uploads\/2026\/01\/3-Piece-Baking-Dish-Set-with-Various-Patterns-Custom-Baking-Pans-Wholesale-5-270x270.webp 270w, https:\/\/jinhuaceramic.com\/wp-content\/uploads\/2026\/01\/3-Piece-Baking-Dish-Set-with-Various-Patterns-Custom-Baking-Pans-Wholesale-5-540x540.webp 540w, https:\/\/jinhuaceramic.com\/wp-content\/uploads\/2026\/01\/3-Piece-Baking-Dish-Set-with-Various-Patterns-Custom-Baking-Pans-Wholesale-5-660x660.webp 660w\" sizes=\"(max-width: 1000px) 100vw, 1000px\" \/><\/figure>\n<\/div>\n<\/div>","protected":false},"excerpt":{"rendered":"<p>Bienvenido a comprar nuestros platos de cer\u00e1mica para hornear de 3 piezas al por mayor, que est\u00e1n hechos de cer\u00e1mica de alta calidad para una distribuci\u00f3n uniforme del calor y una larga durabilidad. Estas cacerolas de la hornada de cer\u00e1mica son horno, microondas y lavavajillas seguro, con un dise\u00f1o de patr\u00f3n \u00fanico ideal para la personalizaci\u00f3n de la marca. Suministro directo desde la f\u00e1brica de cer\u00e1mica, adecuado para pedidos de gran volumen y cooperaci\u00f3n a largo plazo.<\/p>","protected":false},"featured_media":11884,"comment_status":"closed","ping_status":"closed","template":"","meta":{"_acf_changed":false},"product_brand":[],"product_cat":[53],"product_tag":[71],"class_list":{"0":"post-12047","1":"product","2":"type-product","3":"status-publish","4":"has-post-thumbnail","6":"product_cat-bakeware-in-bulk","7":"product_tag-wholesale-baking-pans","9":"first","10":"instock","11":"shipping-taxable","12":"product-type-simple"},"acf":[],"_links":{"self":[{"href":"https:\/\/jinhuaceramic.com\/es\/wp-json\/wp\/v2\/product\/12047","targetHints":{"allow":["GET"]}}],"collection":[{"href":"https:\/\/jinhuaceramic.com\/es\/wp-json\/wp\/v2\/product"}],"about":[{"href":"https:\/\/jinhuaceramic.com\/es\/wp-json\/wp\/v2\/types\/product"}],"replies":[{"embeddable":true,"href":"https:\/\/jinhuaceramic.com\/es\/wp-json\/wp\/v2\/comments?post=12047"}],"version-history":[{"count":0,"href":"https:\/\/jinhuaceramic.com\/es\/wp-json\/wp\/v2\/product\/12047\/revisions"}],"wp:featuredmedia":[{"embeddable":true,"href":"https:\/\/jinhuaceramic.com\/es\/wp-json\/wp\/v2\/media\/11884"}],"wp:attachment":[{"href":"https:\/\/jinhuaceramic.com\/es\/wp-json\/wp\/v2\/media?parent=12047"}],"wp:term":[{"taxonomy":"product_brand","embeddable":true,"href":"https:\/\/jinhuaceramic.com\/es\/wp-json\/wp\/v2\/product_brand?post=12047"},{"taxonomy":"product_cat","embeddable":true,"href":"https:\/\/jinhuaceramic.com\/es\/wp-json\/wp\/v2\/product_cat?post=12047"},{"taxonomy":"product_tag","embeddable":true,"href":"https:\/\/jinhuaceramic.com\/es\/wp-json\/wp\/v2\/product_tag?post=12047"}],"curies":[{"name":"wp","href":"https:\/\/api.w.org\/{rel}","templated":true}]}}