{"id":12050,"date":"2026-01-20T03:56:19","date_gmt":"2026-01-20T03:56:19","guid":{"rendered":"https:\/\/jinhuaceramic.com\/?post_type=product&#038;p=12050"},"modified":"2026-03-09T06:27:54","modified_gmt":"2026-03-09T06:27:54","slug":"hotel-bathroom-set-wholesale","status":"publish","type":"product","link":"https:\/\/jinhuaceramic.com\/es\/product\/hotel-bathroom-set-wholesale\/","title":{"rendered":"Juego de ba\u00f1o de hotel al por mayor, Proveedor de accesorios de ba\u00f1o de cer\u00e1mica"},"content":{"rendered":"<div class=\"wp-block-columns is-layout-flex wp-container-core-columns-is-layout-9d6595d7 wp-block-columns-is-layout-flex\">\n<div class=\"wp-block-column is-layout-flow wp-block-column-is-layout-flow\">\n<h3 class=\"wp-block-heading\">Premium Hotel Set de Ba\u00f1o al por mayor Caracter\u00edsticas:<\/h3>\n\n\n\n<ul class=\"wp-block-list\">\n<li><strong>Estilo retro:<\/strong> Este juego de ba\u00f1o de hotel al por mayor presenta un dise\u00f1o de colores a juego beige y blanco puro, con transiciones de colores naturales, emparejado con patrones vintage y etiquetas vintage con palabras como \u201cRELAJACI\u00d3N BIENESTAR\u201d, que no s\u00f3lo realza la atm\u00f3sfera curativa sino que tambi\u00e9n a\u00f1ade textura art\u00edstica.<\/li>\n\n\n\n<li><strong>Muy pr\u00e1ctico:<\/strong> Este set de ba\u00f1o para hotel al por mayor incluye varios pr\u00e1cticos accesorios de ba\u00f1o, como dosificadores de jab\u00f3n para guardar l\u00edquidos como champ\u00fa, desinfectante de manos o gel de ducha, portacepillos de dientes para guardar cepillos de dientes, pasta de dientes o brochas de maquillaje, y jaboneras para guardar jab\u00f3n o peque\u00f1os objetos como relojes y joyas.<\/li>\n\n\n\n<li><strong>Material duradero:<\/strong> Estos accesorios de ba\u00f1o a medida est\u00e1n fabricados con cer\u00e1mica de alta calidad cocida a altas temperaturas, de gran densidad y dureza. No se rayan ni astillan f\u00e1cilmente en los choques diarios y tienen una larga vida \u00fatil.<\/li>\n\n\n\n<li><strong>F\u00e1cil de mantener:<\/strong> Estos accesorios de ba\u00f1o de cer\u00e1mica a medida tienen un esmalte suave y denso, no se manchan f\u00e1cilmente y son f\u00e1ciles de limpiar y mantener. Incluso si se mancha con manchas de jab\u00f3n, pasta de dientes, etc., se puede limpiar f\u00e1cilmente con un pa\u00f1o.<\/li>\n\n\n\n<li><strong>Customization &amp; OEM\/ODM Support:<\/strong> This hotel bathroom set wholesale supports logo printing, color customization, pattern design, packaging customization, and set configuration to match hotel brands, distributors, and private label requirements.<\/li>\n\n\n\n<li><strong>Bulk Supply for Hospitality Projects: <\/strong>Ideal for wholesalers, hotel suppliers, hospitality procurement companies, and bathroom accessory brands looking for a stable bulk supply with competitive factory pricing.<\/li>\n<\/ul>\n<\/div>\n\n\n\n<div class=\"wp-block-column is-layout-flow wp-block-column-is-layout-flow\">\n<figure class=\"wp-block-image size-full\"><img fetchpriority=\"high\" decoding=\"async\" width=\"1500\" height=\"1500\" src=\"https:\/\/jinhuaceramic.com\/wp-content\/uploads\/2026\/01\/Two-Tone-Designer-Bathroom-Accessories-Wholesale-Soap-Dispenser-and-Soap-Dish-Set-2.webp\" alt=\"hotel-bathroom-set-wholesale-custom-ceramic-bath-accessory-2\" class=\"wp-image-11892\" srcset=\"https:\/\/jinhuaceramic.com\/wp-content\/uploads\/2026\/01\/Two-Tone-Designer-Bathroom-Accessories-Wholesale-Soap-Dispenser-and-Soap-Dish-Set-2.webp 1500w, https:\/\/jinhuaceramic.com\/wp-content\/uploads\/2026\/01\/Two-Tone-Designer-Bathroom-Accessories-Wholesale-Soap-Dispenser-and-Soap-Dish-Set-2-300x300.webp 300w, https:\/\/jinhuaceramic.com\/wp-content\/uploads\/2026\/01\/Two-Tone-Designer-Bathroom-Accessories-Wholesale-Soap-Dispenser-and-Soap-Dish-Set-2-150x150.webp 150w, https:\/\/jinhuaceramic.com\/wp-content\/uploads\/2026\/01\/Two-Tone-Designer-Bathroom-Accessories-Wholesale-Soap-Dispenser-and-Soap-Dish-Set-2-768x768.webp 768w, https:\/\/jinhuaceramic.com\/wp-content\/uploads\/2026\/01\/Two-Tone-Designer-Bathroom-Accessories-Wholesale-Soap-Dispenser-and-Soap-Dish-Set-2-12x12.webp 12w, https:\/\/jinhuaceramic.com\/wp-content\/uploads\/2026\/01\/Two-Tone-Designer-Bathroom-Accessories-Wholesale-Soap-Dispenser-and-Soap-Dish-Set-2-285x285.webp 285w, https:\/\/jinhuaceramic.com\/wp-content\/uploads\/2026\/01\/Two-Tone-Designer-Bathroom-Accessories-Wholesale-Soap-Dispenser-and-Soap-Dish-Set-2-270x270.webp 270w, https:\/\/jinhuaceramic.com\/wp-content\/uploads\/2026\/01\/Two-Tone-Designer-Bathroom-Accessories-Wholesale-Soap-Dispenser-and-Soap-Dish-Set-2-540x540.webp 540w, https:\/\/jinhuaceramic.com\/wp-content\/uploads\/2026\/01\/Two-Tone-Designer-Bathroom-Accessories-Wholesale-Soap-Dispenser-and-Soap-Dish-Set-2-660x660.webp 660w\" sizes=\"(max-width: 1500px) 100vw, 1500px\" \/><\/figure>\n<\/div>\n<\/div>","protected":false},"excerpt":{"rendered":"<p>Le damos la bienvenida a la compra al por mayor de nuestros juegos de ba\u00f1o para hotel, que pueden realzar el estilo general del cuarto de ba\u00f1o, sus pr\u00e1cticas funciones satisfacen diversas necesidades de la vida diaria, y los materiales cer\u00e1micos de alta calidad garantizan la durabilidad y la facilidad de limpieza de los productos. Estos juegos de ba\u00f1o son una buena elecci\u00f3n tanto para las familias que persiguen una calidad de vida como para los usuarios que prestan atenci\u00f3n a los detalles de dise\u00f1o. Ideales para compras al por mayor, suministros a largo plazo y soluciones de ba\u00f1o para hosteler\u00eda de gama alta.<\/p>","protected":false},"featured_media":11897,"comment_status":"closed","ping_status":"closed","template":"","meta":{"_acf_changed":false},"product_brand":[],"product_cat":[51],"product_tag":[74],"class_list":{"0":"post-12050","1":"product","2":"type-product","3":"status-publish","4":"has-post-thumbnail","6":"product_cat-bathroom-accessories-wholesale","7":"product_tag-ceramic-bath-accessories-wholesale","9":"first","10":"instock","11":"shipping-taxable","12":"product-type-simple"},"acf":[],"_links":{"self":[{"href":"https:\/\/jinhuaceramic.com\/es\/wp-json\/wp\/v2\/product\/12050","targetHints":{"allow":["GET"]}}],"collection":[{"href":"https:\/\/jinhuaceramic.com\/es\/wp-json\/wp\/v2\/product"}],"about":[{"href":"https:\/\/jinhuaceramic.com\/es\/wp-json\/wp\/v2\/types\/product"}],"replies":[{"embeddable":true,"href":"https:\/\/jinhuaceramic.com\/es\/wp-json\/wp\/v2\/comments?post=12050"}],"version-history":[{"count":1,"href":"https:\/\/jinhuaceramic.com\/es\/wp-json\/wp\/v2\/product\/12050\/revisions"}],"predecessor-version":[{"id":12143,"href":"https:\/\/jinhuaceramic.com\/es\/wp-json\/wp\/v2\/product\/12050\/revisions\/12143"}],"wp:featuredmedia":[{"embeddable":true,"href":"https:\/\/jinhuaceramic.com\/es\/wp-json\/wp\/v2\/media\/11897"}],"wp:attachment":[{"href":"https:\/\/jinhuaceramic.com\/es\/wp-json\/wp\/v2\/media?parent=12050"}],"wp:term":[{"taxonomy":"product_brand","embeddable":true,"href":"https:\/\/jinhuaceramic.com\/es\/wp-json\/wp\/v2\/product_brand?post=12050"},{"taxonomy":"product_cat","embeddable":true,"href":"https:\/\/jinhuaceramic.com\/es\/wp-json\/wp\/v2\/product_cat?post=12050"},{"taxonomy":"product_tag","embeddable":true,"href":"https:\/\/jinhuaceramic.com\/es\/wp-json\/wp\/v2\/product_tag?post=12050"}],"curies":[{"name":"wp","href":"https:\/\/api.w.org\/{rel}","templated":true}]}}