{"id":3124,"date":"2024-04-08T16:04:48","date_gmt":"2024-04-08T16:04:48","guid":{"rendered":"https:\/\/jinhuaceramic.com\/?post_type=product&#038;p=3124"},"modified":"2026-02-05T01:03:38","modified_gmt":"2026-02-05T01:03:38","slug":"bathroom-accessories-wholesale","status":"publish","type":"product","link":"https:\/\/jinhuaceramic.com\/es\/product\/bathroom-accessories-wholesale\/","title":{"rendered":"Accesorios De Ba\u00f1o De Cer\u00e1mica Al Por Mayor Con Dise\u00f1o Moderno"},"content":{"rendered":"<div class=\"wp-block-columns is-layout-flex wp-container-core-columns-is-layout-9d6595d7 wp-block-columns-is-layout-flex\">\n<div class=\"wp-block-column is-layout-flow wp-block-column-is-layout-flow\" style=\"flex-basis:50%\">\n<h3 class=\"wp-block-heading\">Accesorios de Ba\u00f1o Premium al por mayor Caracter\u00edsticas:<\/h3>\n\n\n\n<ul class=\"wp-block-list\">\n<li><strong>Bonito dise\u00f1o moderno: <\/strong>Este accesorio de ba\u00f1o al por mayor adopta un concepto de dise\u00f1o nuevo y creativo que capta la est\u00e9tica moderna con elementos simp\u00e1ticos, a\u00f1adiendo diversi\u00f3n y vitalidad a su cuarto de ba\u00f1o.<\/li>\n\n\n\n<li><strong>Material cer\u00e1mico de alta calidad: <\/strong>Seleccionado a partir de las mejores materias primas cer\u00e1micas y fabricado en nuestros accesorios de ba\u00f1o al por mayor con fina artesan\u00eda, este accesorio de ba\u00f1o al por mayor tiene una superficie de textura mate con estructura estable y es duradero.<\/li>\n\n\n\n<li><strong>Descuento por compra a granel: <\/strong>Como uno de los mejores fabricantes de accesorios de ba\u00f1o de China, Jinhua ofrece precios muy competitivos para la venta al por mayor de accesorios de ba\u00f1o y permite a nuestros clientes disfrutar de m\u00e1s descuentos por compras al por mayor para satisfacer proyectos comerciales o necesidades de decoraci\u00f3n personal.<\/li>\n\n\n\n<li><strong>Diversas l\u00edneas de productos: <\/strong>Nuestra venta al por mayor de accesorios de ba\u00f1o abarca un amplio abanico, desde jaboneras hasta vasos para cepillos de dientes y tarros de almacenaje; todo est\u00e1 aqu\u00ed para todas sus necesidades de decoraci\u00f3n de ba\u00f1os.<\/li>\n<\/ul>\n<\/div>\n\n\n\n<div class=\"wp-block-column is-layout-flow wp-block-column-is-layout-flow\" style=\"flex-basis:50%\">\n<figure class=\"wp-block-image size-full\"><img fetchpriority=\"high\" decoding=\"async\" width=\"1000\" height=\"1000\" src=\"https:\/\/jinhuaceramic.com\/wp-content\/uploads\/2024\/04\/ceramic-manufacturer-wholesale-bathroom-accessories-set-bathrooms-supplies-5.webp\" alt=\"cer\u00e1mica-accesorios-de-ba\u00f1o-mayorista-con-dise\u00f1o-moderno\" class=\"wp-image-3195\" srcset=\"https:\/\/jinhuaceramic.com\/wp-content\/uploads\/2024\/04\/ceramic-manufacturer-wholesale-bathroom-accessories-set-bathrooms-supplies-5.webp 1000w, https:\/\/jinhuaceramic.com\/wp-content\/uploads\/2024\/04\/ceramic-manufacturer-wholesale-bathroom-accessories-set-bathrooms-supplies-5-300x300.webp 300w, https:\/\/jinhuaceramic.com\/wp-content\/uploads\/2024\/04\/ceramic-manufacturer-wholesale-bathroom-accessories-set-bathrooms-supplies-5-150x150.webp 150w, https:\/\/jinhuaceramic.com\/wp-content\/uploads\/2024\/04\/ceramic-manufacturer-wholesale-bathroom-accessories-set-bathrooms-supplies-5-768x768.webp 768w, https:\/\/jinhuaceramic.com\/wp-content\/uploads\/2024\/04\/ceramic-manufacturer-wholesale-bathroom-accessories-set-bathrooms-supplies-5-285x285.webp 285w, https:\/\/jinhuaceramic.com\/wp-content\/uploads\/2024\/04\/ceramic-manufacturer-wholesale-bathroom-accessories-set-bathrooms-supplies-5-270x270.webp 270w, https:\/\/jinhuaceramic.com\/wp-content\/uploads\/2024\/04\/ceramic-manufacturer-wholesale-bathroom-accessories-set-bathrooms-supplies-5-540x540.webp 540w, https:\/\/jinhuaceramic.com\/wp-content\/uploads\/2024\/04\/ceramic-manufacturer-wholesale-bathroom-accessories-set-bathrooms-supplies-5-660x660.webp 660w\" sizes=\"(max-width: 1000px) 100vw, 1000px\" \/><\/figure>\n<\/div>\n<\/div>","protected":false},"excerpt":{"rendered":"<p>Bienvenido a comprar accesorios de ba\u00f1o al por mayor. Estos novedosos accesorios de ba\u00f1o al por mayor combinan la est\u00e9tica moderna y la monada en el dise\u00f1o. El uso de material cer\u00e1mico de alta calidad con una artesan\u00eda exquisita garantiza que cada producto sea est\u00e9ticamente agradable y, al mismo tiempo, pueda soportar el desgaste durante m\u00e1s tiempo. Damos precios preferentes a las grandes compras para que le resulte m\u00e1s econ\u00f3mico conseguir una decoraci\u00f3n de ba\u00f1o de alta gama.<\/p>","protected":false},"featured_media":3192,"comment_status":"closed","ping_status":"closed","template":"","meta":{"_acf_changed":false},"product_brand":[],"product_cat":[51],"product_tag":[74],"class_list":{"0":"post-3124","1":"product","2":"type-product","3":"status-publish","4":"has-post-thumbnail","6":"product_cat-bathroom-accessories-wholesale","7":"product_tag-ceramic-bath-accessories-wholesale","9":"first","10":"instock","11":"shipping-taxable","12":"product-type-simple"},"acf":[],"_links":{"self":[{"href":"https:\/\/jinhuaceramic.com\/es\/wp-json\/wp\/v2\/product\/3124","targetHints":{"allow":["GET"]}}],"collection":[{"href":"https:\/\/jinhuaceramic.com\/es\/wp-json\/wp\/v2\/product"}],"about":[{"href":"https:\/\/jinhuaceramic.com\/es\/wp-json\/wp\/v2\/types\/product"}],"replies":[{"embeddable":true,"href":"https:\/\/jinhuaceramic.com\/es\/wp-json\/wp\/v2\/comments?post=3124"}],"version-history":[{"count":0,"href":"https:\/\/jinhuaceramic.com\/es\/wp-json\/wp\/v2\/product\/3124\/revisions"}],"wp:featuredmedia":[{"embeddable":true,"href":"https:\/\/jinhuaceramic.com\/es\/wp-json\/wp\/v2\/media\/3192"}],"wp:attachment":[{"href":"https:\/\/jinhuaceramic.com\/es\/wp-json\/wp\/v2\/media?parent=3124"}],"wp:term":[{"taxonomy":"product_brand","embeddable":true,"href":"https:\/\/jinhuaceramic.com\/es\/wp-json\/wp\/v2\/product_brand?post=3124"},{"taxonomy":"product_cat","embeddable":true,"href":"https:\/\/jinhuaceramic.com\/es\/wp-json\/wp\/v2\/product_cat?post=3124"},{"taxonomy":"product_tag","embeddable":true,"href":"https:\/\/jinhuaceramic.com\/es\/wp-json\/wp\/v2\/product_tag?post=3124"}],"curies":[{"name":"wp","href":"https:\/\/api.w.org\/{rel}","templated":true}]}}