{"id":3198,"date":"2024-04-10T02:05:59","date_gmt":"2024-04-10T02:05:59","guid":{"rendered":"https:\/\/jinhuaceramic.com\/?post_type=product&#038;p=3198"},"modified":"2026-02-05T01:06:35","modified_gmt":"2026-02-05T01:06:35","slug":"ceramic-bathroom-set-wholesale-2","status":"publish","type":"product","link":"https:\/\/jinhuaceramic.com\/es\/product\/ceramic-bathroom-set-wholesale-2\/","title":{"rendered":"Set de Ba\u00f1o de Cer\u00e1mica al por mayor, Accesorios de Ba\u00f1o para Decoraci\u00f3n"},"content":{"rendered":"<div class=\"wp-block-columns is-layout-flex wp-container-core-columns-is-layout-9d6595d7 wp-block-columns-is-layout-flex\">\n<div class=\"wp-block-column is-layout-flow wp-block-column-is-layout-flow\" style=\"flex-basis:50%\">\n<h3 class=\"wp-block-heading\">Set de Ba\u00f1o Premium al por mayor Caracter\u00edsticas:<\/h3>\n\n\n\n<ul class=\"wp-block-list\">\n<li><strong>Realzar la belleza del cuarto de ba\u00f1o: <\/strong>Nuestro juego de ba\u00f1o de cer\u00e1mica al por mayor est\u00e1 muy bien dise\u00f1ado, y su estilo var\u00eda de acuerdo con todo tipo de decoraci\u00f3n de ba\u00f1o; esto mejora f\u00e1cilmente la perspectiva general y la textura del cuarto de ba\u00f1o y le da a su espacio de ba\u00f1o un aspecto completamente nuevo.<\/li>\n\n\n\n<li><strong>Antigrietas y a prueba de humedad: <\/strong>Estos accesorios de ba\u00f1o al por mayor est\u00e1n fabricados con materiales cer\u00e1micos de alta calidad, que son s\u00f3lidos y duraderos, antifisuras e impermeables; garantizan una larga vida \u00fatil en estas condiciones de ba\u00f1o y se limpian f\u00e1cilmente para mantener su aspecto liso y brillante.<\/li>\n\n\n\n<li><strong>Gran sentido pr\u00e1ctico: <\/strong>Nuestro juego de ba\u00f1o de cer\u00e1mica al por mayor contiene, entre otros, jaboneras, dispensadores de jab\u00f3n y vasos de enjuague bucal extremadamente pr\u00e1cticos, que satisfacen las necesidades diarias de ba\u00f1o de las personas y garantizan plenamente que la funci\u00f3n y la belleza est\u00e1n perfectamente unidas.<\/li>\n\n\n\n<li><strong>Admite la compra al por mayor y la personalizaci\u00f3n: <\/strong>Ofrecemos un servicio de pedidos al por mayor de accesorios de ba\u00f1o. Admiten una personalizaci\u00f3n diversificada, como el color, el patr\u00f3n y el tama\u00f1o, que son adecuados para las necesidades de compra a gran escala, como hoteles, promotores inmobiliarios y minoristas, etc.<\/li>\n<\/ul>\n<\/div>\n\n\n\n<div class=\"wp-block-column is-layout-flow wp-block-column-is-layout-flow\" style=\"flex-basis:50%\">\n<figure class=\"wp-block-image size-full\"><img fetchpriority=\"high\" decoding=\"async\" width=\"1500\" height=\"1500\" src=\"https:\/\/jinhuaceramic.com\/wp-content\/uploads\/2024\/04\/ceramic-manufacturer-wholesale-bathroom-accessories-set-bathrooms-supplies-3-1.webp\" alt=\"Juego de ba\u00f1o de cer\u00e1mica al por mayor, Accesorios de ba\u00f1o al por mayor para la decoraci\u00f3n del tocador del ba\u00f1o\" class=\"wp-image-3199\" srcset=\"https:\/\/jinhuaceramic.com\/wp-content\/uploads\/2024\/04\/ceramic-manufacturer-wholesale-bathroom-accessories-set-bathrooms-supplies-3-1.webp 1500w, https:\/\/jinhuaceramic.com\/wp-content\/uploads\/2024\/04\/ceramic-manufacturer-wholesale-bathroom-accessories-set-bathrooms-supplies-3-1-300x300.webp 300w, https:\/\/jinhuaceramic.com\/wp-content\/uploads\/2024\/04\/ceramic-manufacturer-wholesale-bathroom-accessories-set-bathrooms-supplies-3-1-150x150.webp 150w, https:\/\/jinhuaceramic.com\/wp-content\/uploads\/2024\/04\/ceramic-manufacturer-wholesale-bathroom-accessories-set-bathrooms-supplies-3-1-768x768.webp 768w, https:\/\/jinhuaceramic.com\/wp-content\/uploads\/2024\/04\/ceramic-manufacturer-wholesale-bathroom-accessories-set-bathrooms-supplies-3-1-285x285.webp 285w, https:\/\/jinhuaceramic.com\/wp-content\/uploads\/2024\/04\/ceramic-manufacturer-wholesale-bathroom-accessories-set-bathrooms-supplies-3-1-270x270.webp 270w, https:\/\/jinhuaceramic.com\/wp-content\/uploads\/2024\/04\/ceramic-manufacturer-wholesale-bathroom-accessories-set-bathrooms-supplies-3-1-540x540.webp 540w, https:\/\/jinhuaceramic.com\/wp-content\/uploads\/2024\/04\/ceramic-manufacturer-wholesale-bathroom-accessories-set-bathrooms-supplies-3-1-660x660.webp 660w\" sizes=\"(max-width: 1500px) 100vw, 1500px\" \/><\/figure>\n<\/div>\n<\/div>","protected":false},"excerpt":{"rendered":"<p>Bienvenido a comprar accesorios de ba\u00f1o al por mayor. Nuestros juegos de ba\u00f1o de cer\u00e1mica al por mayor de dise\u00f1o elegante y con material cer\u00e1mico de alta calidad pueden decorar la belleza y funcionalidad de los cuartos de ba\u00f1o. Los conjuntos al por mayor incluyen varios accesorios pr\u00e1cticos adecuados para su uso en la vida diaria, apoyando las compras al por mayor y servicios personalizados.<\/p>","protected":false},"featured_media":3203,"comment_status":"closed","ping_status":"closed","template":"","meta":{"_acf_changed":false},"product_brand":[],"product_cat":[51],"product_tag":[74],"class_list":{"0":"post-3198","1":"product","2":"type-product","3":"status-publish","4":"has-post-thumbnail","6":"product_cat-bathroom-accessories-wholesale","7":"product_tag-ceramic-bath-accessories-wholesale","9":"first","10":"instock","11":"shipping-taxable","12":"product-type-simple"},"acf":[],"_links":{"self":[{"href":"https:\/\/jinhuaceramic.com\/es\/wp-json\/wp\/v2\/product\/3198","targetHints":{"allow":["GET"]}}],"collection":[{"href":"https:\/\/jinhuaceramic.com\/es\/wp-json\/wp\/v2\/product"}],"about":[{"href":"https:\/\/jinhuaceramic.com\/es\/wp-json\/wp\/v2\/types\/product"}],"replies":[{"embeddable":true,"href":"https:\/\/jinhuaceramic.com\/es\/wp-json\/wp\/v2\/comments?post=3198"}],"version-history":[{"count":0,"href":"https:\/\/jinhuaceramic.com\/es\/wp-json\/wp\/v2\/product\/3198\/revisions"}],"wp:featuredmedia":[{"embeddable":true,"href":"https:\/\/jinhuaceramic.com\/es\/wp-json\/wp\/v2\/media\/3203"}],"wp:attachment":[{"href":"https:\/\/jinhuaceramic.com\/es\/wp-json\/wp\/v2\/media?parent=3198"}],"wp:term":[{"taxonomy":"product_brand","embeddable":true,"href":"https:\/\/jinhuaceramic.com\/es\/wp-json\/wp\/v2\/product_brand?post=3198"},{"taxonomy":"product_cat","embeddable":true,"href":"https:\/\/jinhuaceramic.com\/es\/wp-json\/wp\/v2\/product_cat?post=3198"},{"taxonomy":"product_tag","embeddable":true,"href":"https:\/\/jinhuaceramic.com\/es\/wp-json\/wp\/v2\/product_tag?post=3198"}],"curies":[{"name":"wp","href":"https:\/\/api.w.org\/{rel}","templated":true}]}}