{"id":3211,"date":"2024-04-10T02:31:40","date_gmt":"2024-04-10T02:31:40","guid":{"rendered":"https:\/\/jinhuaceramic.com\/?post_type=product&#038;p=3211"},"modified":"2026-02-05T01:21:10","modified_gmt":"2026-02-05T01:21:10","slug":"hot-selling-ceramic-bathroom-set-bulk","status":"publish","type":"product","link":"https:\/\/jinhuaceramic.com\/es\/product\/hot-selling-ceramic-bathroom-set-bulk\/","title":{"rendered":"Set de Ba\u00f1o de Cer\u00e1mica Gris al por mayor, Accesorios de Ba\u00f1o al por mayor"},"content":{"rendered":"<div class=\"wp-block-columns is-layout-flex wp-container-core-columns-is-layout-9d6595d7 wp-block-columns-is-layout-flex\">\n<div class=\"wp-block-column is-layout-flow wp-block-column-is-layout-flow\" style=\"flex-basis:50%\">\n<h3 class=\"wp-block-heading\">Set de Ba\u00f1o de Cer\u00e1mica Premium a Granel Caracter\u00edsticas:<\/h3>\n\n\n\n<ul class=\"wp-block-list\">\n<li><strong>Dise\u00f1o moderno:<\/strong> Este juego de ba\u00f1o de cer\u00e1mica de 5 piezas a granel utiliza el dise\u00f1o moderno en la integraci\u00f3n de estilos sencillos y de moda. Proporciona una decoraci\u00f3n elegante a los cuartos de ba\u00f1o del hotel.<\/li>\n\n\n\n<li><strong>Material de alta calidad: <\/strong>Todos nuestros accesorios de ba\u00f1o al por mayor est\u00e1n fabricados con material cer\u00e1mico de alta calidad para garantizar su durabilidad.<\/li>\n\n\n\n<li><strong>Conjuntos completos: <\/strong>Este set de ba\u00f1o de cer\u00e1mica a granel incluye una jabonera, un dispensador de jab\u00f3n, 2 tazas y un portacepillos de dientes. Cinco elementos indispensables en las diversas necesidades del cuarto de ba\u00f1o del hotel puede hacer que la decoraci\u00f3n m\u00e1s completa y unificada.<\/li>\n\n\n\n<li><strong>Personalizaci\u00f3n: <\/strong>Se pueden realizar diferentes colores y estampados para este juego de ba\u00f1o de cer\u00e1mica al por mayor para adaptarse a cada estilo de hotel y necesidades de decoraci\u00f3n, satisfaciendo las necesidades personalizadas de los clientes.<\/li>\n<\/ul>\n<\/div>\n\n\n\n<div class=\"wp-block-column is-layout-flow wp-block-column-is-layout-flow\" style=\"flex-basis:50%\">\n<figure class=\"wp-block-image size-full\"><img fetchpriority=\"high\" decoding=\"async\" width=\"1500\" height=\"1500\" src=\"https:\/\/jinhuaceramic.com\/wp-content\/uploads\/2024\/04\/ceramic-manufacturer-wholesale-bathroom-accessories-set-bathroom-supplies-4.webp\" alt=\"Juego de Ba\u00f1o de Cer\u00e1mica Gris al por mayor, Accesorios de Ba\u00f1o al por mayor-1\" class=\"wp-image-3215\" srcset=\"https:\/\/jinhuaceramic.com\/wp-content\/uploads\/2024\/04\/ceramic-manufacturer-wholesale-bathroom-accessories-set-bathroom-supplies-4.webp 1500w, https:\/\/jinhuaceramic.com\/wp-content\/uploads\/2024\/04\/ceramic-manufacturer-wholesale-bathroom-accessories-set-bathroom-supplies-4-300x300.webp 300w, https:\/\/jinhuaceramic.com\/wp-content\/uploads\/2024\/04\/ceramic-manufacturer-wholesale-bathroom-accessories-set-bathroom-supplies-4-150x150.webp 150w, https:\/\/jinhuaceramic.com\/wp-content\/uploads\/2024\/04\/ceramic-manufacturer-wholesale-bathroom-accessories-set-bathroom-supplies-4-768x768.webp 768w, https:\/\/jinhuaceramic.com\/wp-content\/uploads\/2024\/04\/ceramic-manufacturer-wholesale-bathroom-accessories-set-bathroom-supplies-4-285x285.webp 285w, https:\/\/jinhuaceramic.com\/wp-content\/uploads\/2024\/04\/ceramic-manufacturer-wholesale-bathroom-accessories-set-bathroom-supplies-4-270x270.webp 270w, https:\/\/jinhuaceramic.com\/wp-content\/uploads\/2024\/04\/ceramic-manufacturer-wholesale-bathroom-accessories-set-bathroom-supplies-4-540x540.webp 540w, https:\/\/jinhuaceramic.com\/wp-content\/uploads\/2024\/04\/ceramic-manufacturer-wholesale-bathroom-accessories-set-bathroom-supplies-4-660x660.webp 660w\" sizes=\"(max-width: 1500px) 100vw, 1500px\" \/><\/figure>\n<\/div>\n<\/div>","protected":false},"excerpt":{"rendered":"<p>Bienvenido a comprar accesorios de ba\u00f1o al por mayor. Nuestro set de ba\u00f1o de cer\u00e1mica de 5 piezas al por mayor estar\u00e1 dise\u00f1ado a la moda y con material cer\u00e1mico superior. Por eso es duradero y hermoso. Combinaci\u00f3n de accesorios multifuncional que se adapta a todos los usos diarios. Admite la compra al por mayor y la personalizaci\u00f3n, adecuado para hoteles y minoristas, una opci\u00f3n ideal para mejorar el sabor del ba\u00f1o.<\/p>","protected":false},"featured_media":3212,"comment_status":"closed","ping_status":"closed","template":"","meta":{"_acf_changed":false},"product_brand":[],"product_cat":[51],"product_tag":[74],"class_list":{"0":"post-3211","1":"product","2":"type-product","3":"status-publish","4":"has-post-thumbnail","6":"product_cat-bathroom-accessories-wholesale","7":"product_tag-ceramic-bath-accessories-wholesale","9":"first","10":"instock","11":"shipping-taxable","12":"product-type-simple"},"acf":[],"_links":{"self":[{"href":"https:\/\/jinhuaceramic.com\/es\/wp-json\/wp\/v2\/product\/3211","targetHints":{"allow":["GET"]}}],"collection":[{"href":"https:\/\/jinhuaceramic.com\/es\/wp-json\/wp\/v2\/product"}],"about":[{"href":"https:\/\/jinhuaceramic.com\/es\/wp-json\/wp\/v2\/types\/product"}],"replies":[{"embeddable":true,"href":"https:\/\/jinhuaceramic.com\/es\/wp-json\/wp\/v2\/comments?post=3211"}],"version-history":[{"count":0,"href":"https:\/\/jinhuaceramic.com\/es\/wp-json\/wp\/v2\/product\/3211\/revisions"}],"wp:featuredmedia":[{"embeddable":true,"href":"https:\/\/jinhuaceramic.com\/es\/wp-json\/wp\/v2\/media\/3212"}],"wp:attachment":[{"href":"https:\/\/jinhuaceramic.com\/es\/wp-json\/wp\/v2\/media?parent=3211"}],"wp:term":[{"taxonomy":"product_brand","embeddable":true,"href":"https:\/\/jinhuaceramic.com\/es\/wp-json\/wp\/v2\/product_brand?post=3211"},{"taxonomy":"product_cat","embeddable":true,"href":"https:\/\/jinhuaceramic.com\/es\/wp-json\/wp\/v2\/product_cat?post=3211"},{"taxonomy":"product_tag","embeddable":true,"href":"https:\/\/jinhuaceramic.com\/es\/wp-json\/wp\/v2\/product_tag?post=3211"}],"curies":[{"name":"wp","href":"https:\/\/api.w.org\/{rel}","templated":true}]}}