{"id":3233,"date":"2024-04-10T03:18:00","date_gmt":"2024-04-10T03:18:00","guid":{"rendered":"https:\/\/jinhuaceramic.com\/?post_type=product&#038;p=3233"},"modified":"2025-04-19T09:09:25","modified_gmt":"2025-04-19T09:09:25","slug":"factory-supply-bathroom-accessories","status":"publish","type":"product","link":"https:\/\/jinhuaceramic.com\/es\/product\/factory-supply-bathroom-accessories\/","title":{"rendered":"Accesorios de ba\u00f1o con estampado de hojas"},"content":{"rendered":"<div class=\"wp-block-columns is-layout-flex wp-container-core-columns-is-layout-9d6595d7 wp-block-columns-is-layout-flex\">\n<div class=\"wp-block-column is-layout-flow wp-block-column-is-layout-flow\" style=\"flex-basis:50%\">\n<h3 class=\"wp-block-heading\">Premium Factory Supply Accesorios de ba\u00f1o Caracter\u00edsticas:<\/h3>\n\n\n\n<ul class=\"wp-block-list\">\n<li><strong>Suministro directo de f\u00e1brica: <\/strong>Cada producto de nuestros accesorios de ba\u00f1o de suministro de f\u00e1brica es estrictamente controlada la calidad, desde la selecci\u00f3n de materiales a los productos terminados, cada eslab\u00f3n es refinado.<\/li>\n\n\n\n<li><strong>Dise\u00f1o de hojas naturales: <\/strong>Estos accesorios de ba\u00f1o personalizados a granel est\u00e1n dise\u00f1ados con un estampado de hojas realista y de colores brillantes que a\u00f1ade aire fresco al espacio del ba\u00f1o, realzando la estratificaci\u00f3n y el ambiente art\u00edstico de toda la decoraci\u00f3n.<\/li>\n\n\n\n<li><strong>Material cer\u00e1mico duradero: <\/strong>Nuestra f\u00e1brica de accesorios de ba\u00f1o ha adoptado en su producci\u00f3n materiales cer\u00e1micos de alta calidad resistentes al desgaste y a la corrosi\u00f3n para garantizar que los productos no se da\u00f1en f\u00e1cilmente en el uso diario y sean f\u00e1ciles de limpiar y mantener.<\/li>\n\n\n\n<li><strong>Soluci\u00f3n integral de emparejamiento:<\/strong> Esta serie de accesorios de ba\u00f1o personalizados a granel, que incluye una jabonera, un portacepillos de dientes, un vaso para enjuague bucal, etc., forman un estilo decorativo unificado y satisfacen diversos requisitos de la decoraci\u00f3n de ba\u00f1os.<\/li>\n<\/ul>\n<\/div>\n\n\n\n<div class=\"wp-block-column is-layout-flow wp-block-column-is-layout-flow\" style=\"flex-basis:50%\">\n<figure class=\"wp-block-image size-full\"><img fetchpriority=\"high\" decoding=\"async\" width=\"1088\" height=\"1088\" src=\"https:\/\/jinhuaceramic.com\/wp-content\/uploads\/2024\/04\/ceramic-manufacturer-wholesale-bathroom-accessories-set-hotal-bathroom-supplies-soap-dispenser-5-1.webp\" alt=\"fabricante-de-ceramica-accesorios-de-ba\u00f1o-con-hojas\" class=\"wp-image-3238\" srcset=\"https:\/\/jinhuaceramic.com\/wp-content\/uploads\/2024\/04\/ceramic-manufacturer-wholesale-bathroom-accessories-set-hotal-bathroom-supplies-soap-dispenser-5-1.webp 1088w, https:\/\/jinhuaceramic.com\/wp-content\/uploads\/2024\/04\/ceramic-manufacturer-wholesale-bathroom-accessories-set-hotal-bathroom-supplies-soap-dispenser-5-1-300x300.webp 300w, https:\/\/jinhuaceramic.com\/wp-content\/uploads\/2024\/04\/ceramic-manufacturer-wholesale-bathroom-accessories-set-hotal-bathroom-supplies-soap-dispenser-5-1-150x150.webp 150w, https:\/\/jinhuaceramic.com\/wp-content\/uploads\/2024\/04\/ceramic-manufacturer-wholesale-bathroom-accessories-set-hotal-bathroom-supplies-soap-dispenser-5-1-768x768.webp 768w, https:\/\/jinhuaceramic.com\/wp-content\/uploads\/2024\/04\/ceramic-manufacturer-wholesale-bathroom-accessories-set-hotal-bathroom-supplies-soap-dispenser-5-1-285x285.webp 285w, https:\/\/jinhuaceramic.com\/wp-content\/uploads\/2024\/04\/ceramic-manufacturer-wholesale-bathroom-accessories-set-hotal-bathroom-supplies-soap-dispenser-5-1-270x270.webp 270w, https:\/\/jinhuaceramic.com\/wp-content\/uploads\/2024\/04\/ceramic-manufacturer-wholesale-bathroom-accessories-set-hotal-bathroom-supplies-soap-dispenser-5-1-540x540.webp 540w, https:\/\/jinhuaceramic.com\/wp-content\/uploads\/2024\/04\/ceramic-manufacturer-wholesale-bathroom-accessories-set-hotal-bathroom-supplies-soap-dispenser-5-1-660x660.webp 660w\" sizes=\"(max-width: 1088px) 100vw, 1088px\" \/><\/figure>\n<\/div>\n<\/div>","protected":false},"excerpt":{"rendered":"<p>Bienvenido a los accesorios de ba\u00f1o personalizados. El dise\u00f1o de hojas naturales de los accesorios de ba\u00f1o suministrados por la f\u00e1brica combina a la perfecci\u00f3n la frescura exterior con la decoraci\u00f3n interior. La cer\u00e1mica seleccionada de alta calidad no s\u00f3lo es hermosa, sino tambi\u00e9n pr\u00e1ctica y duradera.<\/p>","protected":false},"featured_media":3237,"comment_status":"closed","ping_status":"closed","template":"","meta":{"_acf_changed":false},"product_brand":[],"product_cat":[51],"product_tag":[74],"class_list":{"0":"post-3233","1":"product","2":"type-product","3":"status-publish","4":"has-post-thumbnail","6":"product_cat-bathroom-accessories-wholesale","7":"product_tag-ceramic-bath-accessories-wholesale","9":"first","10":"instock","11":"shipping-taxable","12":"product-type-simple"},"acf":[],"_links":{"self":[{"href":"https:\/\/jinhuaceramic.com\/es\/wp-json\/wp\/v2\/product\/3233","targetHints":{"allow":["GET"]}}],"collection":[{"href":"https:\/\/jinhuaceramic.com\/es\/wp-json\/wp\/v2\/product"}],"about":[{"href":"https:\/\/jinhuaceramic.com\/es\/wp-json\/wp\/v2\/types\/product"}],"replies":[{"embeddable":true,"href":"https:\/\/jinhuaceramic.com\/es\/wp-json\/wp\/v2\/comments?post=3233"}],"version-history":[{"count":0,"href":"https:\/\/jinhuaceramic.com\/es\/wp-json\/wp\/v2\/product\/3233\/revisions"}],"wp:featuredmedia":[{"embeddable":true,"href":"https:\/\/jinhuaceramic.com\/es\/wp-json\/wp\/v2\/media\/3237"}],"wp:attachment":[{"href":"https:\/\/jinhuaceramic.com\/es\/wp-json\/wp\/v2\/media?parent=3233"}],"wp:term":[{"taxonomy":"product_brand","embeddable":true,"href":"https:\/\/jinhuaceramic.com\/es\/wp-json\/wp\/v2\/product_brand?post=3233"},{"taxonomy":"product_cat","embeddable":true,"href":"https:\/\/jinhuaceramic.com\/es\/wp-json\/wp\/v2\/product_cat?post=3233"},{"taxonomy":"product_tag","embeddable":true,"href":"https:\/\/jinhuaceramic.com\/es\/wp-json\/wp\/v2\/product_tag?post=3233"}],"curies":[{"name":"wp","href":"https:\/\/api.w.org\/{rel}","templated":true}]}}