{"id":3243,"date":"2024-04-10T03:42:47","date_gmt":"2024-04-10T03:42:47","guid":{"rendered":"https:\/\/jinhuaceramic.com\/?post_type=product&#038;p=3243"},"modified":"2026-02-05T01:30:24","modified_gmt":"2026-02-05T01:30:24","slug":"wholesale-bathroom-accessories","status":"publish","type":"product","link":"https:\/\/jinhuaceramic.com\/es\/product\/wholesale-bathroom-accessories\/","title":{"rendered":"Mayorista Accesorios de Ba\u00f1o, Set de Ba\u00f1o de Cer\u00e1mica de 4 Piezas"},"content":{"rendered":"<div class=\"wp-block-columns is-layout-flex wp-container-core-columns-is-layout-9d6595d7 wp-block-columns-is-layout-flex\">\n<div class=\"wp-block-column is-layout-flow wp-block-column-is-layout-flow\" style=\"flex-basis:50%\">\n<h3 class=\"wp-block-heading\">Premium Accesorios de ba\u00f1o al por mayor Caracter\u00edsticas:<\/h3>\n\n\n\n<ul class=\"wp-block-list\">\n<li><strong>Juego de 4 piezas: <\/strong>Nuestro juego de ba\u00f1o de cer\u00e1mica a granel incluye una jabonera, un dispensador de jab\u00f3n, un vaso para enjuague bucal y un vaso para cepillo de dientes, que satisfacen plenamente las necesidades diarias del ba\u00f1o y proporcionan una soluci\u00f3n de accesorios de ba\u00f1o ordenada y unificada.<\/li>\n\n\n\n<li><strong>Duradero y f\u00e1cil de limpiar: <\/strong>Nuestros accesorios de ba\u00f1o al por mayor est\u00e1n fabricados con materiales cer\u00e1micos de alta calidad para garantizar su resistencia a las grietas y a la humedad, as\u00ed como su f\u00e1cil limpieza y mantenimiento, y mantenerlos como nuevos durante un uso prolongado.<\/li>\n\n\n\n<li><strong>Dise\u00f1o elegante: <\/strong>El estilo de dise\u00f1o moderno y a la moda combinado con la exquisita artesan\u00eda hace que cada accesorio de nuestro juego de ba\u00f1o de cer\u00e1mica a granel tenga un aspecto elegante y pueda mejorar el efecto de decoraci\u00f3n general del cuarto de ba\u00f1o.<\/li>\n\n\n\n<li><strong>Apoyo a la personalizaci\u00f3n:<\/strong> Ofrecemos precios al por mayor y servicios de compra al por mayor de accesorios de ba\u00f1o, y podemos personalizarlos seg\u00fan las necesidades del cliente, incluida la selecci\u00f3n de colores y dise\u00f1os, para satisfacer las diversas necesidades de empresas y particulares.<\/li>\n<\/ul>\n<\/div>\n\n\n\n<div class=\"wp-block-column is-layout-flow wp-block-column-is-layout-flow\" style=\"flex-basis:50%\">\n<figure class=\"wp-block-image size-full\"><img fetchpriority=\"high\" decoding=\"async\" width=\"1500\" height=\"1500\" src=\"https:\/\/jinhuaceramic.com\/wp-content\/uploads\/2024\/04\/ceramic-manufacturer-wholesale-bathroom-accessories-set-bathroom-supplies-3-1.webp\" alt=\"cer\u00e1mica-fabricante-mayorista-accesorios-de-ba\u00f1o-conjunto-suministros-de-ba\u00f1o-3\" class=\"wp-image-3247\" srcset=\"https:\/\/jinhuaceramic.com\/wp-content\/uploads\/2024\/04\/ceramic-manufacturer-wholesale-bathroom-accessories-set-bathroom-supplies-3-1.webp 1500w, https:\/\/jinhuaceramic.com\/wp-content\/uploads\/2024\/04\/ceramic-manufacturer-wholesale-bathroom-accessories-set-bathroom-supplies-3-1-300x300.webp 300w, https:\/\/jinhuaceramic.com\/wp-content\/uploads\/2024\/04\/ceramic-manufacturer-wholesale-bathroom-accessories-set-bathroom-supplies-3-1-150x150.webp 150w, https:\/\/jinhuaceramic.com\/wp-content\/uploads\/2024\/04\/ceramic-manufacturer-wholesale-bathroom-accessories-set-bathroom-supplies-3-1-768x768.webp 768w, https:\/\/jinhuaceramic.com\/wp-content\/uploads\/2024\/04\/ceramic-manufacturer-wholesale-bathroom-accessories-set-bathroom-supplies-3-1-285x285.webp 285w, https:\/\/jinhuaceramic.com\/wp-content\/uploads\/2024\/04\/ceramic-manufacturer-wholesale-bathroom-accessories-set-bathroom-supplies-3-1-270x270.webp 270w, https:\/\/jinhuaceramic.com\/wp-content\/uploads\/2024\/04\/ceramic-manufacturer-wholesale-bathroom-accessories-set-bathroom-supplies-3-1-540x540.webp 540w, https:\/\/jinhuaceramic.com\/wp-content\/uploads\/2024\/04\/ceramic-manufacturer-wholesale-bathroom-accessories-set-bathroom-supplies-3-1-660x660.webp 660w\" sizes=\"(max-width: 1500px) 100vw, 1500px\" \/><\/figure>\n<\/div>\n<\/div>","protected":false},"excerpt":{"rendered":"<p>Bienvenido a comprar set de ba\u00f1o de cer\u00e1mica al por mayor. Nuestros accesorios de ba\u00f1o de cuatro piezas al por mayor incluyen una jabonera, un dispensador de jab\u00f3n, un vaso para enjuague bucal y un vaso para cepillo de dientes, proporcionando una soluci\u00f3n completa y pr\u00e1ctica. Los materiales cer\u00e1micos de alta calidad garantizan su durabilidad y f\u00e1cil limpieza, y su moderno dise\u00f1o realza la belleza del ba\u00f1o. Admite la compra al por mayor y la personalizaci\u00f3n, es una opci\u00f3n ideal para hoteles, minoristas y familias.<\/p>","protected":false},"featured_media":3247,"comment_status":"closed","ping_status":"closed","template":"","meta":{"_acf_changed":false},"product_brand":[],"product_cat":[51],"product_tag":[74],"class_list":{"0":"post-3243","1":"product","2":"type-product","3":"status-publish","4":"has-post-thumbnail","6":"product_cat-bathroom-accessories-wholesale","7":"product_tag-ceramic-bath-accessories-wholesale","9":"first","10":"instock","11":"shipping-taxable","12":"product-type-simple"},"acf":[],"_links":{"self":[{"href":"https:\/\/jinhuaceramic.com\/es\/wp-json\/wp\/v2\/product\/3243","targetHints":{"allow":["GET"]}}],"collection":[{"href":"https:\/\/jinhuaceramic.com\/es\/wp-json\/wp\/v2\/product"}],"about":[{"href":"https:\/\/jinhuaceramic.com\/es\/wp-json\/wp\/v2\/types\/product"}],"replies":[{"embeddable":true,"href":"https:\/\/jinhuaceramic.com\/es\/wp-json\/wp\/v2\/comments?post=3243"}],"version-history":[{"count":0,"href":"https:\/\/jinhuaceramic.com\/es\/wp-json\/wp\/v2\/product\/3243\/revisions"}],"wp:featuredmedia":[{"embeddable":true,"href":"https:\/\/jinhuaceramic.com\/es\/wp-json\/wp\/v2\/media\/3247"}],"wp:attachment":[{"href":"https:\/\/jinhuaceramic.com\/es\/wp-json\/wp\/v2\/media?parent=3243"}],"wp:term":[{"taxonomy":"product_brand","embeddable":true,"href":"https:\/\/jinhuaceramic.com\/es\/wp-json\/wp\/v2\/product_brand?post=3243"},{"taxonomy":"product_cat","embeddable":true,"href":"https:\/\/jinhuaceramic.com\/es\/wp-json\/wp\/v2\/product_cat?post=3243"},{"taxonomy":"product_tag","embeddable":true,"href":"https:\/\/jinhuaceramic.com\/es\/wp-json\/wp\/v2\/product_tag?post=3243"}],"curies":[{"name":"wp","href":"https:\/\/api.w.org\/{rel}","templated":true}]}}