{"id":3252,"date":"2024-04-10T06:09:35","date_gmt":"2024-04-10T06:09:35","guid":{"rendered":"https:\/\/jinhuaceramic.com\/?post_type=product&#038;p=3252"},"modified":"2025-04-19T09:11:31","modified_gmt":"2025-04-19T09:11:31","slug":"raindrop-candle-jars-wholesale","status":"publish","type":"product","link":"https:\/\/jinhuaceramic.com\/es\/product\/raindrop-candle-jars-wholesale\/","title":{"rendered":"Tarros de Cer\u00e1mica para Velas con Forma de Gota de Lluvia al por Mayor, Recipientes para Velas Yoga al por Mayor"},"content":{"rendered":"<div class=\"wp-block-columns is-layout-flex wp-container-core-columns-is-layout-9d6595d7 wp-block-columns-is-layout-flex\">\n<div class=\"wp-block-column is-layout-flow wp-block-column-is-layout-flow\" style=\"flex-basis:50%\">\n<h3 class=\"wp-block-heading\">Tarros de cer\u00e1mica de primera calidad para velas al por mayor Caracter\u00edsticas:<\/h3>\n\n\n\n<ul class=\"wp-block-list\">\n<li><strong>Dise\u00f1o \u00fanico en forma de l\u00e1grima, sencillo y elegante: <\/strong>Estos tarros de cer\u00e1mica para velas al por mayor adoptan el dise\u00f1o de apariencia en forma de l\u00e1grima. Las l\u00edneas de este recipiente de cer\u00e1mica para velas son suaves y muestran una suavidad natural, que se adapta a las necesidades de decoraci\u00f3n de diversos ambientes del hogar, ya sea de estilo minimalista moderno o de estilo retro; puede integrarse en ellos y a\u00f1adirles elegancia.<\/li>\n\n\n\n<li><strong>El contenedor de velas ideal para yoga y meditaci\u00f3n: <\/strong>Nuestros recipientes para velas a granel no s\u00f3lo tienen un aspecto atractivo, sino que tambi\u00e9n son muy adecuados para escenas de relajaci\u00f3n como el yoga y la meditaci\u00f3n. Una vez encendidas, una suave luz se emite a trav\u00e9s del tarro, ayudando a crear una atm\u00f3sfera tranquila y relajante que equilibra el cuerpo y la mente y mejora la experiencia de concentraci\u00f3n y meditaci\u00f3n.<\/li>\n\n\n\n<li><strong>Materiales cer\u00e1micos de alta calidad, duraderos y bonitos: <\/strong>Los productos de nuestros tarros de cer\u00e1mica para velas al por mayor eligen cer\u00e1mica cocida a alta temperatura para garantizar que el producto sea duradero y no se rompa ni se decolore f\u00e1cilmente, y su esmalte es liso, no s\u00f3lo suave al tacto sino tambi\u00e9n resistente al calor y la humedad, adecuado para un uso a largo plazo y el color y la textura permanecen exactamente igual que nuevos.<\/li>\n\n\n\n<li><strong>Personalizaci\u00f3n masiva, flexibilidad para satisfacer las necesidades: <\/strong>Ofrecemos servicios de adquisici\u00f3n al por mayor de recipientes para velas a granel y de personalizaci\u00f3n de tarros para velas. Seg\u00fan las necesidades del cliente, se pueden elegir productos de diferentes colores, tama\u00f1os o tratamientos superficiales.<\/li>\n<\/ul>\n<\/div>\n\n\n\n<div class=\"wp-block-column is-layout-flow wp-block-column-is-layout-flow\" style=\"flex-basis:50%\">\n<figure class=\"wp-block-image size-full\"><img fetchpriority=\"high\" decoding=\"async\" width=\"750\" height=\"750\" src=\"https:\/\/jinhuaceramic.com\/wp-content\/uploads\/2024\/04\/ceramic-manufacturer-custom-canisters-bulk-candle-jars-wholesale-2.webp\" alt=\"Tarros de Cer\u00e1mica para Velas con Forma de Gota de Lluvia al por Mayor, Recipientes para Velas Yoga a Granel-1\" class=\"wp-image-3253\" srcset=\"https:\/\/jinhuaceramic.com\/wp-content\/uploads\/2024\/04\/ceramic-manufacturer-custom-canisters-bulk-candle-jars-wholesale-2.webp 750w, https:\/\/jinhuaceramic.com\/wp-content\/uploads\/2024\/04\/ceramic-manufacturer-custom-canisters-bulk-candle-jars-wholesale-2-300x300.webp 300w, https:\/\/jinhuaceramic.com\/wp-content\/uploads\/2024\/04\/ceramic-manufacturer-custom-canisters-bulk-candle-jars-wholesale-2-150x150.webp 150w, https:\/\/jinhuaceramic.com\/wp-content\/uploads\/2024\/04\/ceramic-manufacturer-custom-canisters-bulk-candle-jars-wholesale-2-285x285.webp 285w, https:\/\/jinhuaceramic.com\/wp-content\/uploads\/2024\/04\/ceramic-manufacturer-custom-canisters-bulk-candle-jars-wholesale-2-270x270.webp 270w, https:\/\/jinhuaceramic.com\/wp-content\/uploads\/2024\/04\/ceramic-manufacturer-custom-canisters-bulk-candle-jars-wholesale-2-540x540.webp 540w, https:\/\/jinhuaceramic.com\/wp-content\/uploads\/2024\/04\/ceramic-manufacturer-custom-canisters-bulk-candle-jars-wholesale-2-660x660.webp 660w\" sizes=\"(max-width: 750px) 100vw, 750px\" \/><\/figure>\n<\/div>\n<\/div>","protected":false},"excerpt":{"rendered":"<p>Bienvenido a comprar recipientes para velas al por mayor. Nuestros tarros de velas de cer\u00e1mica en forma de l\u00e1grima al por mayor presentan dise\u00f1os sencillos y elegantes, adecuados para ocasiones como el yoga y la meditaci\u00f3n, que ayudan a crear un ambiente c\u00f3modo y tranquilo. Fabricados con materiales cer\u00e1micos de alta calidad para garantizar su belleza y durabilidad, y admiten la personalizaci\u00f3n al por mayor de tarros para velas.<\/p>","protected":false},"featured_media":3254,"comment_status":"closed","ping_status":"closed","template":"","meta":{"_acf_changed":false},"product_brand":[],"product_cat":[52],"product_tag":[66],"class_list":{"0":"post-3252","1":"product","2":"type-product","3":"status-publish","4":"has-post-thumbnail","6":"product_cat-wholesale-candle-containers","7":"product_tag-candle-jars-wholesale","9":"first","10":"instock","11":"shipping-taxable","12":"product-type-simple"},"acf":[],"_links":{"self":[{"href":"https:\/\/jinhuaceramic.com\/es\/wp-json\/wp\/v2\/product\/3252","targetHints":{"allow":["GET"]}}],"collection":[{"href":"https:\/\/jinhuaceramic.com\/es\/wp-json\/wp\/v2\/product"}],"about":[{"href":"https:\/\/jinhuaceramic.com\/es\/wp-json\/wp\/v2\/types\/product"}],"replies":[{"embeddable":true,"href":"https:\/\/jinhuaceramic.com\/es\/wp-json\/wp\/v2\/comments?post=3252"}],"version-history":[{"count":0,"href":"https:\/\/jinhuaceramic.com\/es\/wp-json\/wp\/v2\/product\/3252\/revisions"}],"wp:featuredmedia":[{"embeddable":true,"href":"https:\/\/jinhuaceramic.com\/es\/wp-json\/wp\/v2\/media\/3254"}],"wp:attachment":[{"href":"https:\/\/jinhuaceramic.com\/es\/wp-json\/wp\/v2\/media?parent=3252"}],"wp:term":[{"taxonomy":"product_brand","embeddable":true,"href":"https:\/\/jinhuaceramic.com\/es\/wp-json\/wp\/v2\/product_brand?post=3252"},{"taxonomy":"product_cat","embeddable":true,"href":"https:\/\/jinhuaceramic.com\/es\/wp-json\/wp\/v2\/product_cat?post=3252"},{"taxonomy":"product_tag","embeddable":true,"href":"https:\/\/jinhuaceramic.com\/es\/wp-json\/wp\/v2\/product_tag?post=3252"}],"curies":[{"name":"wp","href":"https:\/\/api.w.org\/{rel}","templated":true}]}}