{"id":3261,"date":"2024-04-10T06:29:40","date_gmt":"2024-04-10T06:29:40","guid":{"rendered":"https:\/\/jinhuaceramic.com\/?post_type=product&#038;p=3261"},"modified":"2025-04-19T09:12:49","modified_gmt":"2025-04-19T09:12:49","slug":"wholesale-candle-jar-with-stand","status":"publish","type":"product","link":"https:\/\/jinhuaceramic.com\/es\/product\/wholesale-candle-jar-with-stand\/","title":{"rendered":"Mayorista Tarro Con Soporte Para Velas, Tarros Para Velas Meditacion Al Por Mayor"},"content":{"rendered":"<div class=\"wp-block-columns is-layout-flex wp-container-core-columns-is-layout-9d6595d7 wp-block-columns-is-layout-flex\">\n<div class=\"wp-block-column is-layout-flow wp-block-column-is-layout-flow\" style=\"flex-basis:50%\">\n<h3 class=\"wp-block-heading\">Premium al por mayor tarro de vela con soporte Caracter\u00edsticas:<\/h3>\n\n\n\n<ul class=\"wp-block-list\">\n<li><strong>Una forma exquisita: <\/strong>Bellamente dise\u00f1ado, este tarro para velas al por mayor con soporte presenta un aspecto refinado y elegante, que a\u00f1ade atractivo visual a la vela.<\/li>\n\n\n\n<li><strong>Con soporte:<\/strong> El dise\u00f1o del soporte de nuestros tarros de cer\u00e1mica para velas a granel puede elevar la vela, haci\u00e9ndola m\u00e1s llamativa en el espacio, realzando los efectos decorativos y visuales de la vela, y creando una atm\u00f3sfera c\u00e1lida y rom\u00e1ntica para el ambiente.<\/li>\n\n\n\n<li><strong>Seguro y estable: <\/strong>El dise\u00f1o del soporte de este tarro de velas al por mayor es estable y fiable, y puede sostener firmemente el tarro de velas, garantizando estabilidad y seguridad.<\/li>\n\n\n\n<li><strong>Muy decorativo: <\/strong>Estos tarros de cer\u00e1mica para velas a granel tienen una forma preciosa y pueden colocarse no s\u00f3lo como tarro para velas, sino tambi\u00e9n como decoraci\u00f3n, aumentando la belleza y el efecto decorativo del espacio.<\/li>\n<\/ul>\n<\/div>\n\n\n\n<div class=\"wp-block-column is-layout-flow wp-block-column-is-layout-flow\" style=\"flex-basis:50%\">\n<figure class=\"wp-block-image size-full\"><img fetchpriority=\"high\" decoding=\"async\" width=\"2306\" height=\"2306\" src=\"https:\/\/jinhuaceramic.com\/wp-content\/uploads\/2024\/04\/ceramic-manufacturer-custom-canisters-bulk-candle-jars-wholesale-candle-container-1-1.webp\" alt=\"fabricante-de-ceramica-tarros-a-granel-contenedor-de-velas-a-granel-con-contenedor-de-velas-a-mayor-1\" class=\"wp-image-3265\" srcset=\"https:\/\/jinhuaceramic.com\/wp-content\/uploads\/2024\/04\/ceramic-manufacturer-custom-canisters-bulk-candle-jars-wholesale-candle-container-1-1.webp 2306w, https:\/\/jinhuaceramic.com\/wp-content\/uploads\/2024\/04\/ceramic-manufacturer-custom-canisters-bulk-candle-jars-wholesale-candle-container-1-1-300x300.webp 300w, https:\/\/jinhuaceramic.com\/wp-content\/uploads\/2024\/04\/ceramic-manufacturer-custom-canisters-bulk-candle-jars-wholesale-candle-container-1-1-150x150.webp 150w, https:\/\/jinhuaceramic.com\/wp-content\/uploads\/2024\/04\/ceramic-manufacturer-custom-canisters-bulk-candle-jars-wholesale-candle-container-1-1-768x768.webp 768w, https:\/\/jinhuaceramic.com\/wp-content\/uploads\/2024\/04\/ceramic-manufacturer-custom-canisters-bulk-candle-jars-wholesale-candle-container-1-1-285x285.webp 285w, https:\/\/jinhuaceramic.com\/wp-content\/uploads\/2024\/04\/ceramic-manufacturer-custom-canisters-bulk-candle-jars-wholesale-candle-container-1-1-1600x1600.webp 1600w, https:\/\/jinhuaceramic.com\/wp-content\/uploads\/2024\/04\/ceramic-manufacturer-custom-canisters-bulk-candle-jars-wholesale-candle-container-1-1-270x270.webp 270w, https:\/\/jinhuaceramic.com\/wp-content\/uploads\/2024\/04\/ceramic-manufacturer-custom-canisters-bulk-candle-jars-wholesale-candle-container-1-1-540x540.webp 540w, https:\/\/jinhuaceramic.com\/wp-content\/uploads\/2024\/04\/ceramic-manufacturer-custom-canisters-bulk-candle-jars-wholesale-candle-container-1-1-660x660.webp 660w\" sizes=\"(max-width: 2306px) 100vw, 2306px\" \/><\/figure>\n<\/div>\n<\/div>","protected":false},"excerpt":{"rendered":"<p>Bienvenido a comprar tarros de cer\u00e1mica para velas al por mayor. Este tarro de vela al por mayor con soporte cuenta con una forma exquisita, seguridad y estabilidad, y fuertes caracter\u00edsticas decorativas, con lo que un aspecto m\u00e1s elegante a la vela y la creaci\u00f3n de un ambiente c\u00e1lido y rom\u00e1ntico para el medio ambiente.<\/p>","protected":false},"featured_media":3262,"comment_status":"closed","ping_status":"closed","template":"","meta":{"_acf_changed":false},"product_brand":[],"product_cat":[52],"product_tag":[66],"class_list":{"0":"post-3261","1":"product","2":"type-product","3":"status-publish","4":"has-post-thumbnail","6":"product_cat-wholesale-candle-containers","7":"product_tag-candle-jars-wholesale","9":"first","10":"instock","11":"shipping-taxable","12":"product-type-simple"},"acf":[],"_links":{"self":[{"href":"https:\/\/jinhuaceramic.com\/es\/wp-json\/wp\/v2\/product\/3261","targetHints":{"allow":["GET"]}}],"collection":[{"href":"https:\/\/jinhuaceramic.com\/es\/wp-json\/wp\/v2\/product"}],"about":[{"href":"https:\/\/jinhuaceramic.com\/es\/wp-json\/wp\/v2\/types\/product"}],"replies":[{"embeddable":true,"href":"https:\/\/jinhuaceramic.com\/es\/wp-json\/wp\/v2\/comments?post=3261"}],"version-history":[{"count":0,"href":"https:\/\/jinhuaceramic.com\/es\/wp-json\/wp\/v2\/product\/3261\/revisions"}],"wp:featuredmedia":[{"embeddable":true,"href":"https:\/\/jinhuaceramic.com\/es\/wp-json\/wp\/v2\/media\/3262"}],"wp:attachment":[{"href":"https:\/\/jinhuaceramic.com\/es\/wp-json\/wp\/v2\/media?parent=3261"}],"wp:term":[{"taxonomy":"product_brand","embeddable":true,"href":"https:\/\/jinhuaceramic.com\/es\/wp-json\/wp\/v2\/product_brand?post=3261"},{"taxonomy":"product_cat","embeddable":true,"href":"https:\/\/jinhuaceramic.com\/es\/wp-json\/wp\/v2\/product_cat?post=3261"},{"taxonomy":"product_tag","embeddable":true,"href":"https:\/\/jinhuaceramic.com\/es\/wp-json\/wp\/v2\/product_tag?post=3261"}],"curies":[{"name":"wp","href":"https:\/\/api.w.org\/{rel}","templated":true}]}}