{"id":3269,"date":"2024-04-10T06:58:22","date_gmt":"2024-04-10T06:58:22","guid":{"rendered":"https:\/\/jinhuaceramic.com\/?post_type=product&#038;p=3269"},"modified":"2025-04-19T09:13:34","modified_gmt":"2025-04-19T09:13:34","slug":"ceramic-bulk-candle-containers","status":"publish","type":"product","link":"https:\/\/jinhuaceramic.com\/es\/product\/ceramic-bulk-candle-containers\/","title":{"rendered":"Recipientes para velas a granel, Tarros para velas de lujo personalizados al por mayor"},"content":{"rendered":"<div class=\"wp-block-columns is-layout-flex wp-container-core-columns-is-layout-9d6595d7 wp-block-columns-is-layout-flex\">\n<div class=\"wp-block-column is-layout-flow wp-block-column-is-layout-flow\" style=\"flex-basis:50%\">\n<h3 class=\"wp-block-heading\">Premium Bulk Candle Containers Caracter\u00edsticas:<\/h3>\n\n\n\n<ul class=\"wp-block-list\">\n<li><strong>Dise\u00f1o lujoso, realza la sensaci\u00f3n de alta gama:<\/strong> Estos recipientes para velas a granel adoptan un dise\u00f1o de aspecto exquisito, pensado especialmente para los clientes que persiguen la calidad y la moda. El esmalte suave y delicado desprende un ambiente de lujo de gama alta, adecuado para el mercado del hogar y el regalo de gama alta.<\/li>\n\n\n\n<li><strong>M\u00faltiples opciones de color, adecuadas para diferentes estilos: <\/strong>Este tarro de velas de lujo al por mayor ofrece una gran variedad de opciones de color, y los clientes pueden elegir el color adecuado seg\u00fan las necesidades de su propia marca o proyecto. Esto hace que el contenedor de velas sea m\u00e1s flexible y pueda integrarse perfectamente en diferentes dise\u00f1os de espacios o estilos de decoraci\u00f3n.<\/li>\n\n\n\n<li><strong>Admite la personalizaci\u00f3n para resaltar las caracter\u00edsticas de la marca: <\/strong>Proporcionamos a los clientes servicios de tarros de velas personalizados, que admiten la personalizaci\u00f3n del color y la impresi\u00f3n del logotipo en estos recipientes para velas a granel. Ya sea para crear un dise\u00f1o \u00fanico o estilos exclusivos para ocasiones especiales, podemos satisfacer las necesidades de personalizaci\u00f3n.<\/li>\n\n\n\n<li><strong>Materiales cer\u00e1micos de alta calidad, seguros y duraderos:<\/strong> Estos lujosos tarros para velas al por mayor, fabricados en cer\u00e1mica de alta calidad, garantizar\u00e1n la durabilidad del producto. Son lo suficientemente resistentes al calor como para soportar un uso prolongado. La superficie es lisa y se limpia f\u00e1cilmente, puede durar mucho tiempo y conservar su belleza. Es una opci\u00f3n ideal para hogares de alta gama y como regalo.<\/li>\n<\/ul>\n<\/div>\n\n\n\n<div class=\"wp-block-column is-layout-flow wp-block-column-is-layout-flow\" style=\"flex-basis:50%\">\n<figure class=\"wp-block-image size-full\"><img fetchpriority=\"high\" decoding=\"async\" width=\"1500\" height=\"1500\" src=\"https:\/\/jinhuaceramic.com\/wp-content\/uploads\/2024\/04\/ceramic-manufacturer-custom-canisters-bulk-candle-jars-wholesale-2-2.webp\" alt=\"Recipientes para velas a granel, Tarros para velas de lujo personalizados al por mayor-1\" class=\"wp-image-3270\" srcset=\"https:\/\/jinhuaceramic.com\/wp-content\/uploads\/2024\/04\/ceramic-manufacturer-custom-canisters-bulk-candle-jars-wholesale-2-2.webp 1500w, https:\/\/jinhuaceramic.com\/wp-content\/uploads\/2024\/04\/ceramic-manufacturer-custom-canisters-bulk-candle-jars-wholesale-2-2-300x300.webp 300w, https:\/\/jinhuaceramic.com\/wp-content\/uploads\/2024\/04\/ceramic-manufacturer-custom-canisters-bulk-candle-jars-wholesale-2-2-150x150.webp 150w, https:\/\/jinhuaceramic.com\/wp-content\/uploads\/2024\/04\/ceramic-manufacturer-custom-canisters-bulk-candle-jars-wholesale-2-2-768x768.webp 768w, https:\/\/jinhuaceramic.com\/wp-content\/uploads\/2024\/04\/ceramic-manufacturer-custom-canisters-bulk-candle-jars-wholesale-2-2-285x285.webp 285w, https:\/\/jinhuaceramic.com\/wp-content\/uploads\/2024\/04\/ceramic-manufacturer-custom-canisters-bulk-candle-jars-wholesale-2-2-270x270.webp 270w, https:\/\/jinhuaceramic.com\/wp-content\/uploads\/2024\/04\/ceramic-manufacturer-custom-canisters-bulk-candle-jars-wholesale-2-2-540x540.webp 540w, https:\/\/jinhuaceramic.com\/wp-content\/uploads\/2024\/04\/ceramic-manufacturer-custom-canisters-bulk-candle-jars-wholesale-2-2-660x660.webp 660w\" sizes=\"(max-width: 1500px) 100vw, 1500px\" \/><\/figure>\n<\/div>\n<\/div>","protected":false},"excerpt":{"rendered":"<p>Bienvenido a comprar envases de velas al por mayor. Nuestros lujosos tarros para velas al por mayor est\u00e1n exquisitamente dise\u00f1ados y disponibles en una gran variedad de colores, admiten la personalizaci\u00f3n de colores y logotipos, mostrando a la perfecci\u00f3n el estilo \u00fanico de la marca. Utilizamos cer\u00e1mica de alta calidad que es duradera, hermosa y adecuada para diversas necesidades de aplicaci\u00f3n en el mercado de gama alta.<\/p>","protected":false},"featured_media":3273,"comment_status":"closed","ping_status":"closed","template":"","meta":{"_acf_changed":false},"product_brand":[],"product_cat":[52],"product_tag":[66],"class_list":{"0":"post-3269","1":"product","2":"type-product","3":"status-publish","4":"has-post-thumbnail","6":"product_cat-wholesale-candle-containers","7":"product_tag-candle-jars-wholesale","9":"first","10":"instock","11":"shipping-taxable","12":"product-type-simple"},"acf":[],"_links":{"self":[{"href":"https:\/\/jinhuaceramic.com\/es\/wp-json\/wp\/v2\/product\/3269","targetHints":{"allow":["GET"]}}],"collection":[{"href":"https:\/\/jinhuaceramic.com\/es\/wp-json\/wp\/v2\/product"}],"about":[{"href":"https:\/\/jinhuaceramic.com\/es\/wp-json\/wp\/v2\/types\/product"}],"replies":[{"embeddable":true,"href":"https:\/\/jinhuaceramic.com\/es\/wp-json\/wp\/v2\/comments?post=3269"}],"version-history":[{"count":0,"href":"https:\/\/jinhuaceramic.com\/es\/wp-json\/wp\/v2\/product\/3269\/revisions"}],"wp:featuredmedia":[{"embeddable":true,"href":"https:\/\/jinhuaceramic.com\/es\/wp-json\/wp\/v2\/media\/3273"}],"wp:attachment":[{"href":"https:\/\/jinhuaceramic.com\/es\/wp-json\/wp\/v2\/media?parent=3269"}],"wp:term":[{"taxonomy":"product_brand","embeddable":true,"href":"https:\/\/jinhuaceramic.com\/es\/wp-json\/wp\/v2\/product_brand?post=3269"},{"taxonomy":"product_cat","embeddable":true,"href":"https:\/\/jinhuaceramic.com\/es\/wp-json\/wp\/v2\/product_cat?post=3269"},{"taxonomy":"product_tag","embeddable":true,"href":"https:\/\/jinhuaceramic.com\/es\/wp-json\/wp\/v2\/product_tag?post=3269"}],"curies":[{"name":"wp","href":"https:\/\/api.w.org\/{rel}","templated":true}]}}