{"id":3277,"date":"2024-04-10T07:14:02","date_gmt":"2024-04-10T07:14:02","guid":{"rendered":"https:\/\/jinhuaceramic.com\/?post_type=product&#038;p=3277"},"modified":"2025-04-19T09:14:11","modified_gmt":"2025-04-19T09:14:11","slug":"venta-al-por-mayor-de-recipientes-de-ceramica-para-velas","status":"publish","type":"product","link":"https:\/\/jinhuaceramic.com\/es\/product\/wholesale-ceramic-candle-containers\/","title":{"rendered":"Mayorista Recipientes de Cer\u00e1mica para Velas con Asas de Madera, Tarros Sencillos para Velas al por Mayor"},"content":{"rendered":"<div class=\"wp-block-columns is-layout-flex wp-container-core-columns-is-layout-9d6595d7 wp-block-columns-is-layout-flex\">\n<div class=\"wp-block-column is-layout-flow wp-block-column-is-layout-flow\" style=\"flex-basis:50%\">\n<h3 class=\"wp-block-heading\">Caracter\u00edsticas de los recipientes de cer\u00e1mica para velas al por mayor de primera calidad:<\/h3>\n\n\n\n<ul class=\"wp-block-list\">\n<li><strong>Dise\u00f1o exclusivo del mango de madera: <\/strong>Nuestros recipientes de cer\u00e1mica para velas al por mayor est\u00e1n equipados con exquisitas asas de madera, que no solo mejoran el efecto visual del producto, sino que tambi\u00e9n facilitan su manejo diario, especialmente adecuadas para la fabricaci\u00f3n de velas artesanales y la decoraci\u00f3n del hogar.<\/li>\n\n\n\n<li><strong>M\u00faltiples opciones de color:<\/strong> Estos tarros para velas a granel ofrecen una gran variedad de opciones de color, los clientes pueden elegir libremente seg\u00fan los diferentes estilos de decoraci\u00f3n o los requisitos de la marca de velas. Ya sea un color neutro sencillo o un color brillante y moderno, este recipiente para velas se integra perfectamente.<\/li>\n\n\n\n<li><strong>Duradero y respetuoso con el medio ambiente: <\/strong>Estos recipientes de cer\u00e1mica para velas al por mayor est\u00e1n fabricados con materiales cer\u00e1micos de alta calidad, cocidos a altas temperaturas, duraderos y con buena resistencia al calor y a la humedad. Los materiales cer\u00e1micos son naturales y no t\u00f3xicos, respetuosos con el medio ambiente.<\/li>\n\n\n\n<li><strong>Adecuado para la fabricaci\u00f3n artesanal de velas: <\/strong>Nuestros tarros para velas a granel est\u00e1n dise\u00f1ados para los aficionados a la fabricaci\u00f3n de velas y los peque\u00f1os talleres. La amplia capacidad del recipiente y su c\u00f3moda asa facilitan y agilizan el proceso de vertido y fabricaci\u00f3n de velas, lo que resulta muy adecuado para la producci\u00f3n en serie o el uso dom\u00e9stico.<\/li>\n<\/ul>\n<\/div>\n\n\n\n<div class=\"wp-block-column is-layout-flow wp-block-column-is-layout-flow\" style=\"flex-basis:50%\">\n<figure class=\"wp-block-image size-full\"><img fetchpriority=\"high\" decoding=\"async\" width=\"800\" height=\"800\" src=\"https:\/\/jinhuaceramic.com\/wp-content\/uploads\/2024\/04\/ceramic-manufacturer-custom-canisters-bulk-candle-jars-wholesale-1.webp\" alt=\"Venta al por mayor de recipientes de cer\u00e1mica para velas, tarros sencillos para velas a granel-1\" class=\"wp-image-3278\" srcset=\"https:\/\/jinhuaceramic.com\/wp-content\/uploads\/2024\/04\/ceramic-manufacturer-custom-canisters-bulk-candle-jars-wholesale-1.webp 800w, https:\/\/jinhuaceramic.com\/wp-content\/uploads\/2024\/04\/ceramic-manufacturer-custom-canisters-bulk-candle-jars-wholesale-1-300x300.webp 300w, https:\/\/jinhuaceramic.com\/wp-content\/uploads\/2024\/04\/ceramic-manufacturer-custom-canisters-bulk-candle-jars-wholesale-1-150x150.webp 150w, https:\/\/jinhuaceramic.com\/wp-content\/uploads\/2024\/04\/ceramic-manufacturer-custom-canisters-bulk-candle-jars-wholesale-1-768x768.webp 768w, https:\/\/jinhuaceramic.com\/wp-content\/uploads\/2024\/04\/ceramic-manufacturer-custom-canisters-bulk-candle-jars-wholesale-1-285x285.webp 285w, https:\/\/jinhuaceramic.com\/wp-content\/uploads\/2024\/04\/ceramic-manufacturer-custom-canisters-bulk-candle-jars-wholesale-1-270x270.webp 270w, https:\/\/jinhuaceramic.com\/wp-content\/uploads\/2024\/04\/ceramic-manufacturer-custom-canisters-bulk-candle-jars-wholesale-1-540x540.webp 540w, https:\/\/jinhuaceramic.com\/wp-content\/uploads\/2024\/04\/ceramic-manufacturer-custom-canisters-bulk-candle-jars-wholesale-1-660x660.webp 660w\" sizes=\"(max-width: 800px) 100vw, 800px\" \/><\/figure>\n<\/div>\n<\/div>","protected":false},"excerpt":{"rendered":"<p>Bienvenido a la compra al por mayor de tarros para velas. Estos recipientes de cer\u00e1mica para velas con asas de madera est\u00e1n dise\u00f1ados de forma \u00fanica, combinando practicidad y belleza. Hay una gran variedad de colores disponibles para satisfacer diferentes necesidades de estilo. Fabricados con materiales cer\u00e1micos de alta calidad, respetuosos con el medio ambiente y duraderos.<\/p>","protected":false},"featured_media":3279,"comment_status":"closed","ping_status":"closed","template":"","meta":{"_acf_changed":false},"product_brand":[],"product_cat":[52],"product_tag":[66],"class_list":{"0":"post-3277","1":"product","2":"type-product","3":"status-publish","4":"has-post-thumbnail","6":"product_cat-wholesale-candle-containers","7":"product_tag-candle-jars-wholesale","9":"first","10":"instock","11":"shipping-taxable","12":"product-type-simple"},"acf":[],"_links":{"self":[{"href":"https:\/\/jinhuaceramic.com\/es\/wp-json\/wp\/v2\/product\/3277","targetHints":{"allow":["GET"]}}],"collection":[{"href":"https:\/\/jinhuaceramic.com\/es\/wp-json\/wp\/v2\/product"}],"about":[{"href":"https:\/\/jinhuaceramic.com\/es\/wp-json\/wp\/v2\/types\/product"}],"replies":[{"embeddable":true,"href":"https:\/\/jinhuaceramic.com\/es\/wp-json\/wp\/v2\/comments?post=3277"}],"version-history":[{"count":0,"href":"https:\/\/jinhuaceramic.com\/es\/wp-json\/wp\/v2\/product\/3277\/revisions"}],"wp:featuredmedia":[{"embeddable":true,"href":"https:\/\/jinhuaceramic.com\/es\/wp-json\/wp\/v2\/media\/3279"}],"wp:attachment":[{"href":"https:\/\/jinhuaceramic.com\/es\/wp-json\/wp\/v2\/media?parent=3277"}],"wp:term":[{"taxonomy":"product_brand","embeddable":true,"href":"https:\/\/jinhuaceramic.com\/es\/wp-json\/wp\/v2\/product_brand?post=3277"},{"taxonomy":"product_cat","embeddable":true,"href":"https:\/\/jinhuaceramic.com\/es\/wp-json\/wp\/v2\/product_cat?post=3277"},{"taxonomy":"product_tag","embeddable":true,"href":"https:\/\/jinhuaceramic.com\/es\/wp-json\/wp\/v2\/product_tag?post=3277"}],"curies":[{"name":"wp","href":"https:\/\/api.w.org\/{rel}","templated":true}]}}