{"id":3284,"date":"2024-04-10T07:29:04","date_gmt":"2024-04-10T07:29:04","guid":{"rendered":"https:\/\/jinhuaceramic.com\/?post_type=product&#038;p=3284"},"modified":"2025-04-19T09:15:33","modified_gmt":"2025-04-19T09:15:33","slug":"elegant-wholesale-ceramic-candle-holders","status":"publish","type":"product","link":"https:\/\/jinhuaceramic.com\/es\/product\/elegant-wholesale-ceramic-candle-holders\/","title":{"rendered":"Mayorista Portavelas de Cer\u00e1mica con Elegante Forma Irregular, Portavelas de T\u00e9 al por Mayor"},"content":{"rendered":"<div class=\"wp-block-columns is-layout-flex wp-container-core-columns-is-layout-9d6595d7 wp-block-columns-is-layout-flex\">\n<div class=\"wp-block-column is-layout-flow wp-block-column-is-layout-flow\" style=\"flex-basis:50%\">\n<h3 class=\"wp-block-heading\">Premium al por mayor de cer\u00e1mica Candle Holders Caracter\u00edsticas:<\/h3>\n\n\n\n<ul class=\"wp-block-list\">\n<li><strong>Elegante dise\u00f1o de forma irregular: <\/strong>Estos portavelas de cer\u00e1mica al por mayor est\u00e1n dise\u00f1ados con una forma \u00fanica irregular, sin ce\u00f1irse nunca al estilo sim\u00e9trico tradicional, lo que confiere a cada espacio efectos decorativos art\u00edsticos y se adapta a los hogares modernos con elegancia y a la moda.<\/li>\n\n\n\n<li><strong>Dise\u00f1ado para velas candelita:<\/strong> El tama\u00f1o de nuestros portavelas de t\u00e9 a granel es de hasta velas candelita. Por lo tanto, este titular de la vela puede adaptarse a m\u00faltiples ocasiones: reuni\u00f3n familiar, decoraci\u00f3n de la boda, o elegante mobiliario en el hotel-que puede a\u00f1adir un ambiente c\u00e1lido en los espacios.<\/li>\n\n\n\n<li><strong>Material duradero y seguro: <\/strong>Nuestros portavelas de cer\u00e1mica al por mayor est\u00e1n hechos de cer\u00e1mica de alta calidad, cocidos a alta temperatura, con buena resistencia al calor y son duraderos para un uso a largo plazo.<\/li>\n\n\n\n<li><strong>Suministro a granel para satisfacer las necesidades de aprovisionamiento comercial:<\/strong> Ofrecemos servicios de compra de portavelas de t\u00e9 a granel, especialmente para su uso a gran escala por parte de clientes comerciales como hoteles, empresas de organizaci\u00f3n de bodas, tiendas de regalos, etc., con el fin de garantizar un suministro estable y satisfacer las necesidades a largo plazo de los clientes.<\/li>\n<\/ul>\n<\/div>\n\n\n\n<div class=\"wp-block-column is-layout-flow wp-block-column-is-layout-flow\" style=\"flex-basis:50%\">\n<figure class=\"wp-block-image size-full\"><img fetchpriority=\"high\" decoding=\"async\" width=\"1500\" height=\"1500\" src=\"https:\/\/jinhuaceramic.com\/wp-content\/uploads\/2024\/04\/ceramic-manufacturer-custom-candle-container-wholesale-candle-holders-bulk-6.webp\" alt=\"Mayorista Portavelas de Cer\u00e1mica con Elegante Forma Irregular, Portavelas de T\u00e9 a Granel-1\" class=\"wp-image-3290\" srcset=\"https:\/\/jinhuaceramic.com\/wp-content\/uploads\/2024\/04\/ceramic-manufacturer-custom-candle-container-wholesale-candle-holders-bulk-6.webp 1500w, https:\/\/jinhuaceramic.com\/wp-content\/uploads\/2024\/04\/ceramic-manufacturer-custom-candle-container-wholesale-candle-holders-bulk-6-300x300.webp 300w, https:\/\/jinhuaceramic.com\/wp-content\/uploads\/2024\/04\/ceramic-manufacturer-custom-candle-container-wholesale-candle-holders-bulk-6-150x150.webp 150w, https:\/\/jinhuaceramic.com\/wp-content\/uploads\/2024\/04\/ceramic-manufacturer-custom-candle-container-wholesale-candle-holders-bulk-6-768x768.webp 768w, https:\/\/jinhuaceramic.com\/wp-content\/uploads\/2024\/04\/ceramic-manufacturer-custom-candle-container-wholesale-candle-holders-bulk-6-285x285.webp 285w, https:\/\/jinhuaceramic.com\/wp-content\/uploads\/2024\/04\/ceramic-manufacturer-custom-candle-container-wholesale-candle-holders-bulk-6-270x270.webp 270w, https:\/\/jinhuaceramic.com\/wp-content\/uploads\/2024\/04\/ceramic-manufacturer-custom-candle-container-wholesale-candle-holders-bulk-6-540x540.webp 540w, https:\/\/jinhuaceramic.com\/wp-content\/uploads\/2024\/04\/ceramic-manufacturer-custom-candle-container-wholesale-candle-holders-bulk-6-660x660.webp 660w\" sizes=\"(max-width: 1500px) 100vw, 1500px\" \/><\/figure>\n<\/div>\n<\/div>","protected":false},"excerpt":{"rendered":"<p>Bienvenido a comprar portavelas de t\u00e9 al por mayor. Nuestros portavelas de cer\u00e1mica al por mayor tienen una elegante forma irregular y un dise\u00f1o \u00fanico, hechos de material cer\u00e1mico de alta calidad. Es adecuado para una variedad de ocasiones, creando un ambiente c\u00e1lido con facilidad. Admite la compra al por mayor, ideal para la decoraci\u00f3n del hogar y el uso comercial.<\/p>","protected":false},"featured_media":3290,"comment_status":"closed","ping_status":"closed","template":"","meta":{"_acf_changed":false},"product_brand":[],"product_cat":[52],"product_tag":[68,79],"class_list":{"0":"post-3284","1":"product","2":"type-product","3":"status-publish","4":"has-post-thumbnail","6":"product_cat-wholesale-candle-containers","7":"product_tag-ceramic-candlesticks-bulk","8":"product_tag-tea-light-candle-holders-bulk","10":"first","11":"instock","12":"shipping-taxable","13":"product-type-simple"},"acf":[],"_links":{"self":[{"href":"https:\/\/jinhuaceramic.com\/es\/wp-json\/wp\/v2\/product\/3284","targetHints":{"allow":["GET"]}}],"collection":[{"href":"https:\/\/jinhuaceramic.com\/es\/wp-json\/wp\/v2\/product"}],"about":[{"href":"https:\/\/jinhuaceramic.com\/es\/wp-json\/wp\/v2\/types\/product"}],"replies":[{"embeddable":true,"href":"https:\/\/jinhuaceramic.com\/es\/wp-json\/wp\/v2\/comments?post=3284"}],"version-history":[{"count":0,"href":"https:\/\/jinhuaceramic.com\/es\/wp-json\/wp\/v2\/product\/3284\/revisions"}],"wp:featuredmedia":[{"embeddable":true,"href":"https:\/\/jinhuaceramic.com\/es\/wp-json\/wp\/v2\/media\/3290"}],"wp:attachment":[{"href":"https:\/\/jinhuaceramic.com\/es\/wp-json\/wp\/v2\/media?parent=3284"}],"wp:term":[{"taxonomy":"product_brand","embeddable":true,"href":"https:\/\/jinhuaceramic.com\/es\/wp-json\/wp\/v2\/product_brand?post=3284"},{"taxonomy":"product_cat","embeddable":true,"href":"https:\/\/jinhuaceramic.com\/es\/wp-json\/wp\/v2\/product_cat?post=3284"},{"taxonomy":"product_tag","embeddable":true,"href":"https:\/\/jinhuaceramic.com\/es\/wp-json\/wp\/v2\/product_tag?post=3284"}],"curies":[{"name":"wp","href":"https:\/\/api.w.org\/{rel}","templated":true}]}}