{"id":3294,"date":"2024-04-10T08:00:17","date_gmt":"2024-04-10T08:00:17","guid":{"rendered":"https:\/\/jinhuaceramic.com\/?post_type=product&#038;p=3294"},"modified":"2025-04-19T09:16:10","modified_gmt":"2025-04-19T09:16:10","slug":"wholesale-cute-candle-jars","status":"publish","type":"product","link":"https:\/\/jinhuaceramic.com\/es\/product\/wholesale-cute-candle-jars\/","title":{"rendered":"Mayorista Bonitos Tarros para Velas, Recipientes para Velas a Granel Multicolor"},"content":{"rendered":"<div class=\"wp-block-columns is-layout-flex wp-container-core-columns-is-layout-9d6595d7 wp-block-columns-is-layout-flex\">\n<div class=\"wp-block-column is-layout-flow wp-block-column-is-layout-flow\" style=\"flex-basis:50%\">\n<h3 class=\"wp-block-heading\">Premium al por mayor Cute Candle Jars Caracter\u00edsticas:<\/h3>\n\n\n\n<ul class=\"wp-block-list\">\n<li><strong>Dise\u00f1o lindo y juguet\u00f3n, realza la diversi\u00f3n del espacio: <\/strong>Estos lindos tarros de velas al por mayor presentan un interesante dise\u00f1o estilizado, adecuado para la decoraci\u00f3n del hogar, el envasado de regalos o la decoraci\u00f3n navide\u00f1a para grupos j\u00f3venes, a\u00f1adiendo vivacidad y personalidad al espacio.<\/li>\n\n\n\n<li><strong>M\u00faltiples opciones de color, adecuadas para diferentes estilos: <\/strong>Estos recipientes para velas a granel est\u00e1n disponibles en varios colores, y los clientes pueden combinarlos libremente seg\u00fan sus preferencias personales o los requisitos de la marca. Este colorido recipiente para velas puede integrarse perfectamente con diversos estilos decorativos y es adecuado para todas las ocasiones.<\/li>\n\n\n\n<li><strong>Materiales de alta calidad, seguros y respetuosos con el medio ambiente:<\/strong> Nuestros tarros para velas al por mayor est\u00e1n fabricados con materiales cer\u00e1micos de alta calidad y cocidos a altas temperaturas para garantizar que los productos sean robustos y duraderos, con buena resistencia al calor y a la humedad. Los materiales cer\u00e1micos son naturalmente no t\u00f3xicos, respetuosos con el medio ambiente y muy adecuados para el uso a largo plazo y la fabricaci\u00f3n de velas artesanales.<\/li>\n\n\n\n<li><strong>Suministro a granel y servicios personalizados: <\/strong>Proporcionamos servicios de adquisici\u00f3n de buques vela a granel para apoyar las necesidades a largo plazo de los clientes comerciales. Al mismo tiempo, podemos personalizar el color, el tama\u00f1o y el logotipo seg\u00fan los requisitos del cliente para ofrecer soluciones personalizadas para las marcas.<\/li>\n<\/ul>\n<\/div>\n\n\n\n<div class=\"wp-block-column is-layout-flow wp-block-column-is-layout-flow\" style=\"flex-basis:50%\">\n<figure class=\"wp-block-image size-full\"><img fetchpriority=\"high\" decoding=\"async\" width=\"997\" height=\"997\" src=\"https:\/\/jinhuaceramic.com\/wp-content\/uploads\/2024\/04\/ceramic-manufacturer-custom-canisters-bulk-candle-jars-wholesale-2-4.webp\" alt=\"Mayorista Bonitos Tarros para Velas, Recipientes para Velas a Granel Multicolor-1\" class=\"wp-image-3296\" srcset=\"https:\/\/jinhuaceramic.com\/wp-content\/uploads\/2024\/04\/ceramic-manufacturer-custom-canisters-bulk-candle-jars-wholesale-2-4.webp 997w, https:\/\/jinhuaceramic.com\/wp-content\/uploads\/2024\/04\/ceramic-manufacturer-custom-canisters-bulk-candle-jars-wholesale-2-4-300x300.webp 300w, https:\/\/jinhuaceramic.com\/wp-content\/uploads\/2024\/04\/ceramic-manufacturer-custom-canisters-bulk-candle-jars-wholesale-2-4-150x150.webp 150w, https:\/\/jinhuaceramic.com\/wp-content\/uploads\/2024\/04\/ceramic-manufacturer-custom-canisters-bulk-candle-jars-wholesale-2-4-768x768.webp 768w, https:\/\/jinhuaceramic.com\/wp-content\/uploads\/2024\/04\/ceramic-manufacturer-custom-canisters-bulk-candle-jars-wholesale-2-4-285x285.webp 285w, https:\/\/jinhuaceramic.com\/wp-content\/uploads\/2024\/04\/ceramic-manufacturer-custom-canisters-bulk-candle-jars-wholesale-2-4-270x270.webp 270w, https:\/\/jinhuaceramic.com\/wp-content\/uploads\/2024\/04\/ceramic-manufacturer-custom-canisters-bulk-candle-jars-wholesale-2-4-540x540.webp 540w, https:\/\/jinhuaceramic.com\/wp-content\/uploads\/2024\/04\/ceramic-manufacturer-custom-canisters-bulk-candle-jars-wholesale-2-4-660x660.webp 660w\" sizes=\"(max-width: 997px) 100vw, 997px\" \/><\/figure>\n<\/div>\n<\/div>","protected":false},"excerpt":{"rendered":"<p>Bienvenido a comprar recipientes para velas al por mayor. Estos coloridos tarros de velas al por mayor no s\u00f3lo tienen un dise\u00f1o \u00fanico y colorido, sino que tambi\u00e9n son respetuosos con el medio ambiente y duraderos. Adecuado para la decoraci\u00f3n y la fabricaci\u00f3n de velas hechas a mano en varias ocasiones, es compatible con la compra al por mayor y servicios personalizados, y es una opci\u00f3n ideal para la decoraci\u00f3n del hogar y uso comercial.<\/p>","protected":false},"featured_media":3297,"comment_status":"closed","ping_status":"closed","template":"","meta":{"_acf_changed":false},"product_brand":[],"product_cat":[52],"product_tag":[66],"class_list":{"0":"post-3294","1":"product","2":"type-product","3":"status-publish","4":"has-post-thumbnail","6":"product_cat-wholesale-candle-containers","7":"product_tag-candle-jars-wholesale","9":"first","10":"instock","11":"shipping-taxable","12":"product-type-simple"},"acf":[],"_links":{"self":[{"href":"https:\/\/jinhuaceramic.com\/es\/wp-json\/wp\/v2\/product\/3294","targetHints":{"allow":["GET"]}}],"collection":[{"href":"https:\/\/jinhuaceramic.com\/es\/wp-json\/wp\/v2\/product"}],"about":[{"href":"https:\/\/jinhuaceramic.com\/es\/wp-json\/wp\/v2\/types\/product"}],"replies":[{"embeddable":true,"href":"https:\/\/jinhuaceramic.com\/es\/wp-json\/wp\/v2\/comments?post=3294"}],"version-history":[{"count":0,"href":"https:\/\/jinhuaceramic.com\/es\/wp-json\/wp\/v2\/product\/3294\/revisions"}],"wp:featuredmedia":[{"embeddable":true,"href":"https:\/\/jinhuaceramic.com\/es\/wp-json\/wp\/v2\/media\/3297"}],"wp:attachment":[{"href":"https:\/\/jinhuaceramic.com\/es\/wp-json\/wp\/v2\/media?parent=3294"}],"wp:term":[{"taxonomy":"product_brand","embeddable":true,"href":"https:\/\/jinhuaceramic.com\/es\/wp-json\/wp\/v2\/product_brand?post=3294"},{"taxonomy":"product_cat","embeddable":true,"href":"https:\/\/jinhuaceramic.com\/es\/wp-json\/wp\/v2\/product_cat?post=3294"},{"taxonomy":"product_tag","embeddable":true,"href":"https:\/\/jinhuaceramic.com\/es\/wp-json\/wp\/v2\/product_tag?post=3294"}],"curies":[{"name":"wp","href":"https:\/\/api.w.org\/{rel}","templated":true}]}}