{"id":3302,"date":"2024-04-10T08:15:01","date_gmt":"2024-04-10T08:15:01","guid":{"rendered":"https:\/\/jinhuaceramic.com\/?post_type=product&#038;p=3302"},"modified":"2025-04-19T09:17:35","modified_gmt":"2025-04-19T09:17:35","slug":"custom-ceramic-bakeware","status":"publish","type":"product","link":"https:\/\/jinhuaceramic.com\/es\/product\/custom-ceramic-bakeware\/","title":{"rendered":"Bandejas de cer\u00e1mica para hornear a granel, duraderas al por mayor"},"content":{"rendered":"<div class=\"wp-block-columns is-layout-flex wp-container-core-columns-is-layout-9d6595d7 wp-block-columns-is-layout-flex\">\n<div class=\"wp-block-column is-layout-flow wp-block-column-is-layout-flow\" style=\"flex-basis:50%\">\n<h3 class=\"wp-block-heading\">Premium Custom Bakeware cer\u00e1mica a granel Caracter\u00edsticas:<\/h3>\n\n\n\n<ul class=\"wp-block-list\">\n<li><strong>Color azul oscuro cl\u00e1sico, noble y duradero: <\/strong>Este utensilio de cer\u00e1mica para hornear a medida utiliza el cl\u00e1sico esmalte azul oscuro. La textura discreta y lujosa ser\u00e1 un acompa\u00f1amiento adecuado para varios estilos de decoraci\u00f3n de cocina. No solo realza la belleza de sus utensilios de reposter\u00eda, sino que tambi\u00e9n presenta sus trabajos de reposter\u00eda de forma atractiva sobre la mesa.<\/li>\n\n\n\n<li><strong>M\u00faltiples tama\u00f1os para diferentes necesidades: <\/strong>Nuestros moldes para hornear al por mayor vienen en una gran variedad de tama\u00f1os, adecuados para hornear todo tipo de alimentos, desde peque\u00f1os postres para una persona hasta grandes platos para la familia. Siempre encontrar\u00e1 el tama\u00f1o adecuado para cocinar con mayor comodidad.<\/li>\n\n\n\n<li><strong>Alta durabilidad, uso a largo plazo: <\/strong>Nuestros utensilios de cer\u00e1mica para hornear a medida est\u00e1n fabricados con cer\u00e1mica de alta calidad de gran durabilidad y resistencia a los ara\u00f1azos. Aunque se utilice muchas veces, puede mantener el brillo y la funci\u00f3n originales, lo que garantiza que no habr\u00e1 ning\u00fan problema en caso de uso prolongado.<\/li>\n\n\n\n<li><strong>Adecuado para diversos equipos de cocina: <\/strong>Estos moldes para hornear al por mayor resistentes al calor son f\u00e1ciles de limpiar. Estos productos son su mejor opci\u00f3n para cocinar todo tipo de tartas, pasteles, verduras asadas, etc. para mejorar la eficiencia de trabajo en la cocina.<\/li>\n<\/ul>\n<\/div>\n\n\n\n<div class=\"wp-block-column is-layout-flow wp-block-column-is-layout-flow\" style=\"flex-basis:50%\">\n<figure class=\"wp-block-image size-full\"><img fetchpriority=\"high\" decoding=\"async\" width=\"750\" height=\"750\" src=\"https:\/\/jinhuaceramic.com\/wp-content\/uploads\/2024\/04\/Custom-Ceramic-Bakeware-Bulk-Durable-Wholesale-Baking-Pans-5.webp\" alt=\"Bandejas de cer\u00e1mica para hornear a granel, duraderas al por mayor-5\" class=\"wp-image-6052\" srcset=\"https:\/\/jinhuaceramic.com\/wp-content\/uploads\/2024\/04\/Custom-Ceramic-Bakeware-Bulk-Durable-Wholesale-Baking-Pans-5.webp 750w, https:\/\/jinhuaceramic.com\/wp-content\/uploads\/2024\/04\/Custom-Ceramic-Bakeware-Bulk-Durable-Wholesale-Baking-Pans-5-300x300.webp 300w, https:\/\/jinhuaceramic.com\/wp-content\/uploads\/2024\/04\/Custom-Ceramic-Bakeware-Bulk-Durable-Wholesale-Baking-Pans-5-150x150.webp 150w, https:\/\/jinhuaceramic.com\/wp-content\/uploads\/2024\/04\/Custom-Ceramic-Bakeware-Bulk-Durable-Wholesale-Baking-Pans-5-12x12.webp 12w, https:\/\/jinhuaceramic.com\/wp-content\/uploads\/2024\/04\/Custom-Ceramic-Bakeware-Bulk-Durable-Wholesale-Baking-Pans-5-285x285.webp 285w, https:\/\/jinhuaceramic.com\/wp-content\/uploads\/2024\/04\/Custom-Ceramic-Bakeware-Bulk-Durable-Wholesale-Baking-Pans-5-270x270.webp 270w, https:\/\/jinhuaceramic.com\/wp-content\/uploads\/2024\/04\/Custom-Ceramic-Bakeware-Bulk-Durable-Wholesale-Baking-Pans-5-540x540.webp 540w, https:\/\/jinhuaceramic.com\/wp-content\/uploads\/2024\/04\/Custom-Ceramic-Bakeware-Bulk-Durable-Wholesale-Baking-Pans-5-660x660.webp 660w\" sizes=\"(max-width: 750px) 100vw, 750px\" \/><\/figure>\n<\/div>\n<\/div>\n\n\n\n<p><\/p>","protected":false},"excerpt":{"rendered":"<p>Bienvenido a comprar al por mayor moldes para hornear. Este azul oscuro utensilios para hornear de cer\u00e1mica de encargo en el dise\u00f1o cl\u00e1sico elegante con diferentes tama\u00f1os para diversos fines de hornear. Es muy duradero porque es de cer\u00e1mica, por lo que se puede utilizar en microondas y hornos. No venenoso, resistente a altas temperaturas y f\u00e1cil de limpiar, puede ser un buen ayudante mientras hornea en la cocina.<\/p>","protected":false},"featured_media":6053,"comment_status":"closed","ping_status":"closed","template":"","meta":{"_acf_changed":false},"product_brand":[],"product_cat":[53],"product_tag":[71],"class_list":{"0":"post-3302","1":"product","2":"type-product","3":"status-publish","4":"has-post-thumbnail","6":"product_cat-bakeware-in-bulk","7":"product_tag-wholesale-baking-pans","9":"first","10":"instock","11":"shipping-taxable","12":"product-type-simple"},"acf":[],"_links":{"self":[{"href":"https:\/\/jinhuaceramic.com\/es\/wp-json\/wp\/v2\/product\/3302","targetHints":{"allow":["GET"]}}],"collection":[{"href":"https:\/\/jinhuaceramic.com\/es\/wp-json\/wp\/v2\/product"}],"about":[{"href":"https:\/\/jinhuaceramic.com\/es\/wp-json\/wp\/v2\/types\/product"}],"replies":[{"embeddable":true,"href":"https:\/\/jinhuaceramic.com\/es\/wp-json\/wp\/v2\/comments?post=3302"}],"version-history":[{"count":0,"href":"https:\/\/jinhuaceramic.com\/es\/wp-json\/wp\/v2\/product\/3302\/revisions"}],"wp:featuredmedia":[{"embeddable":true,"href":"https:\/\/jinhuaceramic.com\/es\/wp-json\/wp\/v2\/media\/6053"}],"wp:attachment":[{"href":"https:\/\/jinhuaceramic.com\/es\/wp-json\/wp\/v2\/media?parent=3302"}],"wp:term":[{"taxonomy":"product_brand","embeddable":true,"href":"https:\/\/jinhuaceramic.com\/es\/wp-json\/wp\/v2\/product_brand?post=3302"},{"taxonomy":"product_cat","embeddable":true,"href":"https:\/\/jinhuaceramic.com\/es\/wp-json\/wp\/v2\/product_cat?post=3302"},{"taxonomy":"product_tag","embeddable":true,"href":"https:\/\/jinhuaceramic.com\/es\/wp-json\/wp\/v2\/product_tag?post=3302"}],"curies":[{"name":"wp","href":"https:\/\/api.w.org\/{rel}","templated":true}]}}