{"id":3312,"date":"2024-04-10T08:34:40","date_gmt":"2024-04-10T08:34:40","guid":{"rendered":"https:\/\/jinhuaceramic.com\/?post_type=product&#038;p=3312"},"modified":"2025-04-19T09:18:17","modified_gmt":"2025-04-19T09:18:17","slug":"custom-baking-pans","status":"publish","type":"product","link":"https:\/\/jinhuaceramic.com\/es\/product\/custom-baking-pans\/","title":{"rendered":"moldes para hornear a medida, moldes para tartas a granel, moldes redondos para hornear al por mayor"},"content":{"rendered":"<div class=\"wp-block-columns is-layout-flex wp-container-core-columns-is-layout-9d6595d7 wp-block-columns-is-layout-flex\">\n<div class=\"wp-block-column is-layout-flow wp-block-column-is-layout-flow\" style=\"flex-basis:50%\">\n<h3 class=\"wp-block-heading\">Premium Custom Baking Pans Caracter\u00edsticas:<\/h3>\n\n\n\n<ul class=\"wp-block-list\">\n<li><strong>Elegante beige:<\/strong> Estas bandejas de horno personalizadas utilizan un tono beige suave, sencillo pero elegante. Puede combinar perfectamente con varios estilos de cocina y es adecuado para el uso diario o para exponer en ocasiones especiales.<\/li>\n\n\n\n<li><strong>Exquisito dise\u00f1o de bordes ondulados: <\/strong>Este dise\u00f1o de borde ondulado de los moldes para tartas a granel no s\u00f3lo aumenta la belleza, sino que tambi\u00e9n puede a\u00f1adir una atm\u00f3sfera art\u00edstica al presentar los alimentos despu\u00e9s de hornearlos, lo que resulta excelente para elevar la experiencia gastron\u00f3mica.<\/li>\n\n\n\n<li><strong>Molde redondo multifuncional:<\/strong> Nuestro molde personalizado est\u00e1 dise\u00f1ado para todo tipo de alimentos horneados, tartas, pasteles, etc. Se puede utilizar tanto en reuniones familiares como en celebraciones festivas. Es pr\u00e1ctico y hermoso para satisfacer el uso diario y el uso especial del festival.<\/li>\n\n\n\n<li><strong>Resistencia a la temperatura, sin plomo:<\/strong> En la fabricaci\u00f3n de estos moldes para tartas a granel se utiliza cer\u00e1mica de alta calidad sin plomo para garantizar la salud y la seguridad. Son aptas para hornos microondas y hornos. Puede resistir temperaturas muy altas, con un calentamiento uniforme que le permitir\u00e1 cocinar f\u00e1cilmente deliciosas tartas, pasteles y otros alimentos.<\/li>\n<\/ul>\n<\/div>\n\n\n\n<div class=\"wp-block-column is-layout-flow wp-block-column-is-layout-flow\" style=\"flex-basis:50%\">\n<figure class=\"wp-block-image size-full\"><img fetchpriority=\"high\" decoding=\"async\" width=\"1500\" height=\"1500\" src=\"https:\/\/jinhuaceramic.com\/wp-content\/uploads\/2024\/04\/wholesale-bakeware-custom-baking-pans-2.webp\" alt=\"moldes para hornear a medida, moldes para tartas a granel, moldes redondos al por mayor-1\" class=\"wp-image-3318\" srcset=\"https:\/\/jinhuaceramic.com\/wp-content\/uploads\/2024\/04\/wholesale-bakeware-custom-baking-pans-2.webp 1500w, https:\/\/jinhuaceramic.com\/wp-content\/uploads\/2024\/04\/wholesale-bakeware-custom-baking-pans-2-300x300.webp 300w, https:\/\/jinhuaceramic.com\/wp-content\/uploads\/2024\/04\/wholesale-bakeware-custom-baking-pans-2-150x150.webp 150w, https:\/\/jinhuaceramic.com\/wp-content\/uploads\/2024\/04\/wholesale-bakeware-custom-baking-pans-2-768x768.webp 768w, https:\/\/jinhuaceramic.com\/wp-content\/uploads\/2024\/04\/wholesale-bakeware-custom-baking-pans-2-285x285.webp 285w, https:\/\/jinhuaceramic.com\/wp-content\/uploads\/2024\/04\/wholesale-bakeware-custom-baking-pans-2-270x270.webp 270w, https:\/\/jinhuaceramic.com\/wp-content\/uploads\/2024\/04\/wholesale-bakeware-custom-baking-pans-2-540x540.webp 540w, https:\/\/jinhuaceramic.com\/wp-content\/uploads\/2024\/04\/wholesale-bakeware-custom-baking-pans-2-660x660.webp 660w\" sizes=\"(max-width: 1500px) 100vw, 1500px\" \/><\/figure>\n<\/div>\n<\/div>","protected":false},"excerpt":{"rendered":"<p>Bienvenido a comprar moldes de cer\u00e1mica para tartas al por mayor. Estos moldes personalizados de color beige tienen un atractivo dise\u00f1o de borde ondulado y son elegantes a la vez que pr\u00e1cticos. Con un dise\u00f1o redondo adecuado para muchas otras necesidades de horneado, viene con cer\u00e1mica sin plomo de alta calidad buena para la seguridad alimentaria. Tanto si se hornea de vez en cuando como si se planea un banquete festivo, este molde es una adici\u00f3n segura a cualquier cocina.<\/p>","protected":false},"featured_media":3316,"comment_status":"closed","ping_status":"closed","template":"","meta":{"_acf_changed":false},"product_brand":[],"product_cat":[53],"product_tag":[70],"class_list":{"0":"post-3312","1":"product","2":"type-product","3":"status-publish","4":"has-post-thumbnail","6":"product_cat-bakeware-in-bulk","7":"product_tag-custom-pie-pans","9":"first","10":"instock","11":"shipping-taxable","12":"product-type-simple"},"acf":[],"_links":{"self":[{"href":"https:\/\/jinhuaceramic.com\/es\/wp-json\/wp\/v2\/product\/3312","targetHints":{"allow":["GET"]}}],"collection":[{"href":"https:\/\/jinhuaceramic.com\/es\/wp-json\/wp\/v2\/product"}],"about":[{"href":"https:\/\/jinhuaceramic.com\/es\/wp-json\/wp\/v2\/types\/product"}],"replies":[{"embeddable":true,"href":"https:\/\/jinhuaceramic.com\/es\/wp-json\/wp\/v2\/comments?post=3312"}],"version-history":[{"count":0,"href":"https:\/\/jinhuaceramic.com\/es\/wp-json\/wp\/v2\/product\/3312\/revisions"}],"wp:featuredmedia":[{"embeddable":true,"href":"https:\/\/jinhuaceramic.com\/es\/wp-json\/wp\/v2\/media\/3316"}],"wp:attachment":[{"href":"https:\/\/jinhuaceramic.com\/es\/wp-json\/wp\/v2\/media?parent=3312"}],"wp:term":[{"taxonomy":"product_brand","embeddable":true,"href":"https:\/\/jinhuaceramic.com\/es\/wp-json\/wp\/v2\/product_brand?post=3312"},{"taxonomy":"product_cat","embeddable":true,"href":"https:\/\/jinhuaceramic.com\/es\/wp-json\/wp\/v2\/product_cat?post=3312"},{"taxonomy":"product_tag","embeddable":true,"href":"https:\/\/jinhuaceramic.com\/es\/wp-json\/wp\/v2\/product_tag?post=3312"}],"curies":[{"name":"wp","href":"https:\/\/api.w.org\/{rel}","templated":true}]}}