{"id":3329,"date":"2024-04-10T09:05:17","date_gmt":"2024-04-10T09:05:17","guid":{"rendered":"https:\/\/jinhuaceramic.com\/?post_type=product&#038;p=3329"},"modified":"2025-04-19T09:20:47","modified_gmt":"2025-04-19T09:20:47","slug":"custom-baking-dish-with-lid","status":"publish","type":"product","link":"https:\/\/jinhuaceramic.com\/es\/product\/custom-baking-dish-with-lid\/","title":{"rendered":"Plato para hornear con tapa, Bandejas de cer\u00e1mica para hornear a granel"},"content":{"rendered":"<div class=\"wp-block-columns is-layout-flex wp-container-core-columns-is-layout-9d6595d7 wp-block-columns-is-layout-flex\">\n<div class=\"wp-block-column is-layout-flow wp-block-column-is-layout-flow\" style=\"flex-basis:50%\">\n<h3 class=\"wp-block-heading\">Plato para hornear personalizado premium con tapa Caracter\u00edsticas:<\/h3>\n\n\n\n<ul class=\"wp-block-list\">\n<li><strong>M\u00faltiples opciones de color: <\/strong>Esta fuente de horno personalizada con tapa est\u00e1 disponible en tres colores: naranja, verde y blanco, para satisfacer las necesidades de combinaci\u00f3n de diferentes estilos de cocina.<\/li>\n\n\n\n<li><strong>Mant\u00e9ngase caliente y fresco: <\/strong>Nuestros moldes de cer\u00e1mica para hornear al por mayor est\u00e1n equipados con tapas de cer\u00e1mica, que no s\u00f3lo pueden bloquear eficazmente el calor de los alimentos, sino tambi\u00e9n mantener la comida fresca y fragante, y reducir la p\u00e9rdida de humedad. El dise\u00f1o de la tapa tambi\u00e9n es conveniente para el almacenamiento o el transporte, adecuado para banquetes, reuniones familiares y otras ocasiones.<\/li>\n\n\n\n<li><strong>Duradero y seguro: <\/strong>Esta fuente de horno personalizada con tapa est\u00e1 hecha de material cer\u00e1mico de alta calidad, con una excelente resistencia al calor y al desgaste, adecuada para un uso prolongado. No t\u00f3xico e inofensivo, garantiza la seguridad alimentaria, y la superficie es lisa y f\u00e1cil de limpiar, no es f\u00e1cil dejar manchas de aceite y suciedad.<\/li>\n\n\n\n<li><strong>Servicio de reposter\u00eda a medida: <\/strong>Nuestros moldes de cer\u00e1mica al por mayor para hornear al por mayor admiten servicios personalizados en tama\u00f1o, forma y patr\u00f3n para satisfacer las necesidades personalizadas de diferentes clientes. Ya se trate de hornear en casa, la industria de catering, o la personalizaci\u00f3n de regalo, este molde para hornear puede adaptarse con flexibilidad para mejorar la experiencia de hornear.<\/li>\n<\/ul>\n<\/div>\n\n\n\n<div class=\"wp-block-column is-layout-flow wp-block-column-is-layout-flow\" style=\"flex-basis:50%\">\n<figure class=\"wp-block-image size-full\"><img fetchpriority=\"high\" decoding=\"async\" width=\"800\" height=\"800\" src=\"https:\/\/jinhuaceramic.com\/wp-content\/uploads\/2024\/04\/custom-baking-dish-with-lid-wholesale-ceramic-bakeware-6.webp\" alt=\"fuente de cer\u00e1mica para hornear con tapa al por mayor-6\" class=\"wp-image-3334\" srcset=\"https:\/\/jinhuaceramic.com\/wp-content\/uploads\/2024\/04\/custom-baking-dish-with-lid-wholesale-ceramic-bakeware-6.webp 800w, https:\/\/jinhuaceramic.com\/wp-content\/uploads\/2024\/04\/custom-baking-dish-with-lid-wholesale-ceramic-bakeware-6-300x300.webp 300w, https:\/\/jinhuaceramic.com\/wp-content\/uploads\/2024\/04\/custom-baking-dish-with-lid-wholesale-ceramic-bakeware-6-150x150.webp 150w, https:\/\/jinhuaceramic.com\/wp-content\/uploads\/2024\/04\/custom-baking-dish-with-lid-wholesale-ceramic-bakeware-6-768x768.webp 768w, https:\/\/jinhuaceramic.com\/wp-content\/uploads\/2024\/04\/custom-baking-dish-with-lid-wholesale-ceramic-bakeware-6-285x285.webp 285w, https:\/\/jinhuaceramic.com\/wp-content\/uploads\/2024\/04\/custom-baking-dish-with-lid-wholesale-ceramic-bakeware-6-270x270.webp 270w, https:\/\/jinhuaceramic.com\/wp-content\/uploads\/2024\/04\/custom-baking-dish-with-lid-wholesale-ceramic-bakeware-6-540x540.webp 540w, https:\/\/jinhuaceramic.com\/wp-content\/uploads\/2024\/04\/custom-baking-dish-with-lid-wholesale-ceramic-bakeware-6-660x660.webp 660w\" sizes=\"(max-width: 800px) 100vw, 800px\" \/><\/figure>\n<\/div>\n<\/div>","protected":false},"excerpt":{"rendered":"<p>Bienvenido a la compra al por mayor de moldes para hornear. Esta fuente de horno personalizada con tapa est\u00e1 disponible en tres colores: naranja, verde y blanco, con un aspecto elegante y funciones pr\u00e1cticas. Est\u00e1 hecho de materiales cer\u00e1micos de alta calidad, es resistente a altas temperaturas, seguro y saludable, y es compatible con la personalizaci\u00f3n diversificada, por lo que es una opci\u00f3n ideal para la cocci\u00f3n de la cocina.<\/p>","protected":false},"featured_media":3331,"comment_status":"closed","ping_status":"closed","template":"","meta":{"_acf_changed":false},"product_brand":[],"product_cat":[53],"product_tag":[71],"class_list":{"0":"post-3329","1":"product","2":"type-product","3":"status-publish","4":"has-post-thumbnail","6":"product_cat-bakeware-in-bulk","7":"product_tag-wholesale-baking-pans","9":"first","10":"instock","11":"shipping-taxable","12":"product-type-simple"},"acf":[],"_links":{"self":[{"href":"https:\/\/jinhuaceramic.com\/es\/wp-json\/wp\/v2\/product\/3329","targetHints":{"allow":["GET"]}}],"collection":[{"href":"https:\/\/jinhuaceramic.com\/es\/wp-json\/wp\/v2\/product"}],"about":[{"href":"https:\/\/jinhuaceramic.com\/es\/wp-json\/wp\/v2\/types\/product"}],"replies":[{"embeddable":true,"href":"https:\/\/jinhuaceramic.com\/es\/wp-json\/wp\/v2\/comments?post=3329"}],"version-history":[{"count":0,"href":"https:\/\/jinhuaceramic.com\/es\/wp-json\/wp\/v2\/product\/3329\/revisions"}],"wp:featuredmedia":[{"embeddable":true,"href":"https:\/\/jinhuaceramic.com\/es\/wp-json\/wp\/v2\/media\/3331"}],"wp:attachment":[{"href":"https:\/\/jinhuaceramic.com\/es\/wp-json\/wp\/v2\/media?parent=3329"}],"wp:term":[{"taxonomy":"product_brand","embeddable":true,"href":"https:\/\/jinhuaceramic.com\/es\/wp-json\/wp\/v2\/product_brand?post=3329"},{"taxonomy":"product_cat","embeddable":true,"href":"https:\/\/jinhuaceramic.com\/es\/wp-json\/wp\/v2\/product_cat?post=3329"},{"taxonomy":"product_tag","embeddable":true,"href":"https:\/\/jinhuaceramic.com\/es\/wp-json\/wp\/v2\/product_tag?post=3329"}],"curies":[{"name":"wp","href":"https:\/\/api.w.org\/{rel}","templated":true}]}}