{"id":3338,"date":"2024-04-10T09:16:33","date_gmt":"2024-04-10T09:16:33","guid":{"rendered":"https:\/\/jinhuaceramic.com\/?post_type=product&#038;p=3338"},"modified":"2025-04-19T09:21:34","modified_gmt":"2025-04-19T09:21:34","slug":"wholesale-round-baking-pan","status":"publish","type":"product","link":"https:\/\/jinhuaceramic.com\/es\/product\/wholesale-round-baking-pan\/","title":{"rendered":"Mayorista Cacerolas Redondas, Cacerola Roja Personalizada Con Tapa"},"content":{"rendered":"<div class=\"wp-block-columns is-layout-flex wp-container-core-columns-is-layout-9d6595d7 wp-block-columns-is-layout-flex\">\n<div class=\"wp-block-column is-layout-flow wp-block-column-is-layout-flow\" style=\"flex-basis:50%\">\n<h3 class=\"wp-block-heading\">Venta al por mayor de moldes redondos para hornear Caracter\u00edsticas:<\/h3>\n\n\n\n<ul class=\"wp-block-list\">\n<li><strong>Patr\u00f3n cl\u00e1sico:<\/strong> Nuestros moldes redondos al por mayor tienen exquisitos motivos cl\u00e1sicos, que combinan la artesan\u00eda tradicional con la est\u00e9tica moderna. El aspecto es elegante y generoso, a\u00f1adiendo un toque de arte retro a su cocina, adecuado para la exhibici\u00f3n de mesa en varias ocasiones.<\/li>\n\n\n\n<li><strong>Equipado con tapa: <\/strong>Nuestras cazuelas personalizadas a granel tienen tapa incluida, y el cuerpo de la cazuela combina con una tapa para mantener eficazmente el calor y el aroma de los alimentos durante m\u00e1s tiempo conservando la temperatura, para fijar el sabor original de los alimentos, reducir la p\u00e9rdida de humedad y asegurar el sabor y la calidad.<\/li>\n\n\n\n<li><strong>Resistente al calor y duradero: <\/strong>Fabricadas con materiales cer\u00e1micos de calidad superior, estas bandejas redondas para hornear al por mayor tienen una gran resistencia a las altas temperaturas, por lo que pueden hornear a altas temperaturas en hornos o microondas. Y mientras tanto, tiene una conducci\u00f3n uniforme del calor para asegurar la cocci\u00f3n uniforme de los alimentos.<\/li>\n\n\n\n<li><strong>Servicio de bandeja de horno a medida: <\/strong>Nuestras cazuelas personalizadas a granel admiten servicios personalizados en varios tama\u00f1os y formas, que no s\u00f3lo son adecuados para la reposter\u00eda casera y el sector de la restauraci\u00f3n, sino que tambi\u00e9n pueden fabricar estilos especiales seg\u00fan los requisitos de los clientes y adaptarse con flexibilidad a la demanda del mercado.<\/li>\n<\/ul>\n<\/div>\n\n\n\n<div class=\"wp-block-column is-layout-flow wp-block-column-is-layout-flow\" style=\"flex-basis:50%\">\n<figure class=\"wp-block-image size-full\"><img fetchpriority=\"high\" decoding=\"async\" width=\"749\" height=\"749\" src=\"https:\/\/jinhuaceramic.com\/wp-content\/uploads\/2024\/04\/ceramic-manufacturer-wholesale-bakeware-set-custom-casserole-dish-with-lid-4.webp\" alt=\"Mayorista Cacerolas Redondas, Cacerolas Personalizadas Al Por Mayor Con Tapa-1\" class=\"wp-image-3342\" srcset=\"https:\/\/jinhuaceramic.com\/wp-content\/uploads\/2024\/04\/ceramic-manufacturer-wholesale-bakeware-set-custom-casserole-dish-with-lid-4.webp 749w, https:\/\/jinhuaceramic.com\/wp-content\/uploads\/2024\/04\/ceramic-manufacturer-wholesale-bakeware-set-custom-casserole-dish-with-lid-4-300x300.webp 300w, https:\/\/jinhuaceramic.com\/wp-content\/uploads\/2024\/04\/ceramic-manufacturer-wholesale-bakeware-set-custom-casserole-dish-with-lid-4-150x150.webp 150w, https:\/\/jinhuaceramic.com\/wp-content\/uploads\/2024\/04\/ceramic-manufacturer-wholesale-bakeware-set-custom-casserole-dish-with-lid-4-285x285.webp 285w, https:\/\/jinhuaceramic.com\/wp-content\/uploads\/2024\/04\/ceramic-manufacturer-wholesale-bakeware-set-custom-casserole-dish-with-lid-4-270x270.webp 270w, https:\/\/jinhuaceramic.com\/wp-content\/uploads\/2024\/04\/ceramic-manufacturer-wholesale-bakeware-set-custom-casserole-dish-with-lid-4-540x540.webp 540w, https:\/\/jinhuaceramic.com\/wp-content\/uploads\/2024\/04\/ceramic-manufacturer-wholesale-bakeware-set-custom-casserole-dish-with-lid-4-660x660.webp 660w\" sizes=\"(max-width: 749px) 100vw, 749px\" \/><\/figure>\n<\/div>\n<\/div>\n\n\n\n<p><\/p>","protected":false},"excerpt":{"rendered":"<p>Bienvenido a comprar cacerolas personalizadas al por mayor. Estas cacerolas redondas para hornear al por mayor vienen con tapas para mantener la humedad y el sabor en su interior, incluso para sopas y guisos, entre muchos otros. La cer\u00e1mica de buena calidad resistente a altas temperaturas que se utiliza en ellos garantiza un calentamiento uniforme; por lo tanto, son opciones ideales para cocinar en la cocina, ya que vienen en una amplia variedad de tama\u00f1os y son personalizables.<\/p>","protected":false},"featured_media":3343,"comment_status":"closed","ping_status":"closed","template":"","meta":{"_acf_changed":false},"product_brand":[],"product_cat":[53],"product_tag":[71],"class_list":{"0":"post-3338","1":"product","2":"type-product","3":"status-publish","4":"has-post-thumbnail","6":"product_cat-bakeware-in-bulk","7":"product_tag-wholesale-baking-pans","9":"first","10":"instock","11":"shipping-taxable","12":"product-type-simple"},"acf":[],"_links":{"self":[{"href":"https:\/\/jinhuaceramic.com\/es\/wp-json\/wp\/v2\/product\/3338","targetHints":{"allow":["GET"]}}],"collection":[{"href":"https:\/\/jinhuaceramic.com\/es\/wp-json\/wp\/v2\/product"}],"about":[{"href":"https:\/\/jinhuaceramic.com\/es\/wp-json\/wp\/v2\/types\/product"}],"replies":[{"embeddable":true,"href":"https:\/\/jinhuaceramic.com\/es\/wp-json\/wp\/v2\/comments?post=3338"}],"version-history":[{"count":0,"href":"https:\/\/jinhuaceramic.com\/es\/wp-json\/wp\/v2\/product\/3338\/revisions"}],"wp:featuredmedia":[{"embeddable":true,"href":"https:\/\/jinhuaceramic.com\/es\/wp-json\/wp\/v2\/media\/3343"}],"wp:attachment":[{"href":"https:\/\/jinhuaceramic.com\/es\/wp-json\/wp\/v2\/media?parent=3338"}],"wp:term":[{"taxonomy":"product_brand","embeddable":true,"href":"https:\/\/jinhuaceramic.com\/es\/wp-json\/wp\/v2\/product_brand?post=3338"},{"taxonomy":"product_cat","embeddable":true,"href":"https:\/\/jinhuaceramic.com\/es\/wp-json\/wp\/v2\/product_cat?post=3338"},{"taxonomy":"product_tag","embeddable":true,"href":"https:\/\/jinhuaceramic.com\/es\/wp-json\/wp\/v2\/product_tag?post=3338"}],"curies":[{"name":"wp","href":"https:\/\/api.w.org\/{rel}","templated":true}]}}