{"id":3348,"date":"2024-04-10T09:35:56","date_gmt":"2024-04-10T09:35:56","guid":{"rendered":"https:\/\/jinhuaceramic.com\/?post_type=product&#038;p=3348"},"modified":"2025-04-19T09:22:17","modified_gmt":"2025-04-19T09:22:17","slug":"hot-selling-custom-bakeware-bulk","status":"publish","type":"product","link":"https:\/\/jinhuaceramic.com\/es\/product\/hot-selling-custom-bakeware-bulk\/","title":{"rendered":"Hot Sale Custom Bakeware Bulk, no t\u00f3xicos peque\u00f1os moldes para hornear al por mayor"},"content":{"rendered":"<div class=\"wp-block-columns is-layout-flex wp-container-core-columns-is-layout-9d6595d7 wp-block-columns-is-layout-flex\">\n<div class=\"wp-block-column is-layout-flow wp-block-column-is-layout-flow\" style=\"flex-basis:50%\">\n<h3 class=\"wp-block-heading\">Premium Custom Bakeware Caracter\u00edsticas a granel:<\/h3>\n\n\n\n<ul class=\"wp-block-list\">\n<li><strong>Dise\u00f1o \u00fanico: <\/strong>Este bakeware personalizado a granel tiene varios patrones \u00fanicos de super simple a m\u00e1s complicado estilo, que puede a\u00f1adir decoraci\u00f3n art\u00edstica y personalizada a las cocinas. Se puede a\u00f1adir la belleza del efecto visual y captar la atenci\u00f3n de los dem\u00e1s, si se pone en servicio para uso familiar o exposici\u00f3n de negocios en las tiendas.<\/li>\n\n\n\n<li><strong>Peque\u00f1o y pr\u00e1ctico:<\/strong> Nuestros moldes para hornear al por mayor son de tama\u00f1o moderado, especialmente adecuados para la producci\u00f3n de peque\u00f1os postres y alimentos horneados personales, que es r\u00e1pido y conveniente, satisfacer las necesidades de la cocina diaria, especialmente adecuado para hornear peque\u00f1as delicias como galletas, pasteles y tartas.<\/li>\n\n\n\n<li><strong>Material no t\u00f3xico y seguro:<\/strong> Nuestros moldes a granel a medida se fabrican con material cer\u00e1mico no t\u00f3xico, libre de sustancias nocivas, que mantiene los alimentos sanos y seguros en hornos de alta temperatura y hace que los usuarios horneen con seguridad. Es muy adecuado para su uso en cocinas familiares y la producci\u00f3n de alimentos para los ni\u00f1os.<\/li>\n\n\n\n<li><strong>Duradera y adaptable: <\/strong>Estos moldes para hornear al por mayor pueden soportar temperaturas extremas a diferentes tipos de maquinaria de cocina, desde un horno hasta un microondas. Fabricado con materiales s\u00f3lidos, duros y duraderos, el fondo nunca se raya con facilidad; por lo tanto, garantiza una larga vida \u00fatil y proporciona una herramienta fiable en la cocina.<\/li>\n<\/ul>\n<\/div>\n\n\n\n<div class=\"wp-block-column is-layout-flow wp-block-column-is-layout-flow\" style=\"flex-basis:50%\">\n<figure class=\"wp-block-image size-full\"><img fetchpriority=\"high\" decoding=\"async\" width=\"1000\" height=\"1000\" src=\"https:\/\/jinhuaceramic.com\/wp-content\/uploads\/2024\/04\/custom-ceramic-baking-pans-wholesale-bakeware-set.webp\" alt=\"Hot Sale Custom Bakeware Bulk, no t\u00f3xicos peque\u00f1os moldes para hornear al por mayor-1\" class=\"wp-image-3354\" srcset=\"https:\/\/jinhuaceramic.com\/wp-content\/uploads\/2024\/04\/custom-ceramic-baking-pans-wholesale-bakeware-set.webp 1000w, https:\/\/jinhuaceramic.com\/wp-content\/uploads\/2024\/04\/custom-ceramic-baking-pans-wholesale-bakeware-set-300x300.webp 300w, https:\/\/jinhuaceramic.com\/wp-content\/uploads\/2024\/04\/custom-ceramic-baking-pans-wholesale-bakeware-set-150x150.webp 150w, https:\/\/jinhuaceramic.com\/wp-content\/uploads\/2024\/04\/custom-ceramic-baking-pans-wholesale-bakeware-set-768x768.webp 768w, https:\/\/jinhuaceramic.com\/wp-content\/uploads\/2024\/04\/custom-ceramic-baking-pans-wholesale-bakeware-set-285x285.webp 285w, https:\/\/jinhuaceramic.com\/wp-content\/uploads\/2024\/04\/custom-ceramic-baking-pans-wholesale-bakeware-set-270x270.webp 270w, https:\/\/jinhuaceramic.com\/wp-content\/uploads\/2024\/04\/custom-ceramic-baking-pans-wholesale-bakeware-set-540x540.webp 540w, https:\/\/jinhuaceramic.com\/wp-content\/uploads\/2024\/04\/custom-ceramic-baking-pans-wholesale-bakeware-set-660x660.webp 660w\" sizes=\"(max-width: 1000px) 100vw, 1000px\" \/><\/figure>\n<\/div>\n<\/div>","protected":false},"excerpt":{"rendered":"<p>Bienvenido a comprar moldes para hornear al por mayor. Este peque\u00f1o y pr\u00e1ctico utensilios para hornear al por mayor est\u00e1 hecho de material cer\u00e1mico no t\u00f3xico para garantizar la salud y la seguridad de los alimentos, y tiene un mont\u00f3n de opciones de patr\u00f3n \u00fanico, a la vez hermoso y pr\u00e1ctico. Los productos se pueden utilizar para hornear todo tipo de peque\u00f1as porciones de alimentos, que es adecuado para el uso de la cocina del hogar o uso comercial.<\/p>","protected":false},"featured_media":3354,"comment_status":"closed","ping_status":"closed","template":"","meta":{"_acf_changed":false},"product_brand":[],"product_cat":[53],"product_tag":[71],"class_list":{"0":"post-3348","1":"product","2":"type-product","3":"status-publish","4":"has-post-thumbnail","6":"product_cat-bakeware-in-bulk","7":"product_tag-wholesale-baking-pans","9":"first","10":"instock","11":"shipping-taxable","12":"product-type-simple"},"acf":[],"_links":{"self":[{"href":"https:\/\/jinhuaceramic.com\/es\/wp-json\/wp\/v2\/product\/3348","targetHints":{"allow":["GET"]}}],"collection":[{"href":"https:\/\/jinhuaceramic.com\/es\/wp-json\/wp\/v2\/product"}],"about":[{"href":"https:\/\/jinhuaceramic.com\/es\/wp-json\/wp\/v2\/types\/product"}],"replies":[{"embeddable":true,"href":"https:\/\/jinhuaceramic.com\/es\/wp-json\/wp\/v2\/comments?post=3348"}],"version-history":[{"count":0,"href":"https:\/\/jinhuaceramic.com\/es\/wp-json\/wp\/v2\/product\/3348\/revisions"}],"wp:featuredmedia":[{"embeddable":true,"href":"https:\/\/jinhuaceramic.com\/es\/wp-json\/wp\/v2\/media\/3354"}],"wp:attachment":[{"href":"https:\/\/jinhuaceramic.com\/es\/wp-json\/wp\/v2\/media?parent=3348"}],"wp:term":[{"taxonomy":"product_brand","embeddable":true,"href":"https:\/\/jinhuaceramic.com\/es\/wp-json\/wp\/v2\/product_brand?post=3348"},{"taxonomy":"product_cat","embeddable":true,"href":"https:\/\/jinhuaceramic.com\/es\/wp-json\/wp\/v2\/product_cat?post=3348"},{"taxonomy":"product_tag","embeddable":true,"href":"https:\/\/jinhuaceramic.com\/es\/wp-json\/wp\/v2\/product_tag?post=3348"}],"curies":[{"name":"wp","href":"https:\/\/api.w.org\/{rel}","templated":true}]}}