{"id":3357,"date":"2024-04-10T09:47:59","date_gmt":"2024-04-10T09:47:59","guid":{"rendered":"https:\/\/jinhuaceramic.com\/?post_type=product&#038;p=3357"},"modified":"2025-04-19T09:26:32","modified_gmt":"2025-04-19T09:26:32","slug":"wholesale-ceramic-diner-set","status":"publish","type":"product","link":"https:\/\/jinhuaceramic.com\/es\/product\/wholesale-ceramic-diner-set\/","title":{"rendered":"Juego de Comedor de Cer\u00e1mica Personalizado, Mayorista de Tazones en Forma de Coraz\u00f3n"},"content":{"rendered":"<div class=\"wp-block-columns is-layout-flex wp-container-core-columns-is-layout-9d6595d7 wp-block-columns-is-layout-flex\">\n<div class=\"wp-block-column is-layout-flow wp-block-column-is-layout-flow\" style=\"flex-basis:50%\">\n<h3 class=\"wp-block-heading\">Premium Ceramic Diner Set Caracter\u00edsticas:<\/h3>\n\n\n\n<ul class=\"wp-block-list\">\n<li><strong>Dise\u00f1o rom\u00e1ntico: <\/strong>Este juego de comedor de cer\u00e1mica en forma de coraz\u00f3n a\u00f1ade un ambiente rom\u00e1ntico a la mesa del comedor, atrae la atenci\u00f3n de los clientes y aporta un color emocional a la experiencia gastron\u00f3mica.<\/li>\n\n\n\n<li><strong>Materiales de alta calidad: <\/strong>Fabricados con materiales cer\u00e1micos de alta calidad, estos cuencos en forma de coraz\u00f3n al por mayor son seguros, no t\u00f3xicos y duraderos, lo que garantiza la calidad y la vida \u00fatil de estos cuencos.<\/li>\n\n\n\n<li><strong>Uso multifuncional:<\/strong> Adem\u00e1s de utilizarse como vajilla, estos cuencos de cer\u00e1mica al por mayor tambi\u00e9n pueden emplearse para celebrar ocasiones o eventos especiales, como cenas de parejas, cenas festivas, etc., para realzar la escena.<\/li>\n\n\n\n<li><strong>Ventajas de la venta al por mayor: <\/strong>Como producto al por mayor, estos cuencos en forma de coraz\u00f3n al por mayor disfrutan de ventajas de precio, este juego de comedor de cer\u00e1mica al por mayor proporciona a los restaurantes o comerciantes opciones de compra econ\u00f3micas, ayudando a reducir costes y aumentar beneficios.<\/li>\n<\/ul>\n<\/div>\n\n\n\n<div class=\"wp-block-column is-layout-flow wp-block-column-is-layout-flow\" style=\"flex-basis:50%\">\n<figure class=\"wp-block-image size-full\"><img fetchpriority=\"high\" decoding=\"async\" width=\"1212\" height=\"1214\" src=\"https:\/\/jinhuaceramic.com\/wp-content\/uploads\/2024\/04\/heart-shaped-plate-ceramic-tableware-wholesale-diner-set-6.webp\" alt=\"Juego de Comedor de Cer\u00e1mica Personalizado, Mayorista de Tazones en Forma de Coraz\u00f3n\" class=\"wp-image-3363\" srcset=\"https:\/\/jinhuaceramic.com\/wp-content\/uploads\/2024\/04\/heart-shaped-plate-ceramic-tableware-wholesale-diner-set-6.webp 1212w, https:\/\/jinhuaceramic.com\/wp-content\/uploads\/2024\/04\/heart-shaped-plate-ceramic-tableware-wholesale-diner-set-6-300x300.webp 300w, https:\/\/jinhuaceramic.com\/wp-content\/uploads\/2024\/04\/heart-shaped-plate-ceramic-tableware-wholesale-diner-set-6-150x150.webp 150w, https:\/\/jinhuaceramic.com\/wp-content\/uploads\/2024\/04\/heart-shaped-plate-ceramic-tableware-wholesale-diner-set-6-768x769.webp 768w, https:\/\/jinhuaceramic.com\/wp-content\/uploads\/2024\/04\/heart-shaped-plate-ceramic-tableware-wholesale-diner-set-6-285x285.webp 285w, https:\/\/jinhuaceramic.com\/wp-content\/uploads\/2024\/04\/heart-shaped-plate-ceramic-tableware-wholesale-diner-set-6-270x270.webp 270w, https:\/\/jinhuaceramic.com\/wp-content\/uploads\/2024\/04\/heart-shaped-plate-ceramic-tableware-wholesale-diner-set-6-540x540.webp 540w, https:\/\/jinhuaceramic.com\/wp-content\/uploads\/2024\/04\/heart-shaped-plate-ceramic-tableware-wholesale-diner-set-6-660x660.webp 660w\" sizes=\"(max-width: 1212px) 100vw, 1212px\" \/><\/figure>\n<\/div>\n<\/div>","protected":false},"excerpt":{"rendered":"<p>Bienvenido a comprar al por mayor varios estilos de cuencos de cer\u00e1mica al por mayor. Este conjunto de comedor de cer\u00e1mica personalizado proporciona una opci\u00f3n \u00fanica vajilla para restaurantes o comerciantes con su dise\u00f1o rom\u00e1ntico, materiales de alta calidad, usos multifuncionales, y las ventajas de venta al por mayor, con lo que una experiencia gastron\u00f3mica \u00fanica a los clientes y traer m\u00e1s beneficios a los comerciantes. Muchas oportunidades de venta.<\/p>","protected":false},"featured_media":3360,"comment_status":"closed","ping_status":"closed","template":"","meta":{"_acf_changed":false},"product_brand":[],"product_cat":[54,85],"product_tag":[78],"class_list":{"0":"post-3357","1":"product","2":"type-product","3":"status-publish","4":"has-post-thumbnail","6":"product_cat-tableware-wholesale","7":"product_cat-wholesale-ceramic-bowls","8":"product_tag-bulk-ceramic-bowls","10":"first","11":"instock","12":"shipping-taxable","13":"product-type-simple"},"acf":[],"_links":{"self":[{"href":"https:\/\/jinhuaceramic.com\/es\/wp-json\/wp\/v2\/product\/3357","targetHints":{"allow":["GET"]}}],"collection":[{"href":"https:\/\/jinhuaceramic.com\/es\/wp-json\/wp\/v2\/product"}],"about":[{"href":"https:\/\/jinhuaceramic.com\/es\/wp-json\/wp\/v2\/types\/product"}],"replies":[{"embeddable":true,"href":"https:\/\/jinhuaceramic.com\/es\/wp-json\/wp\/v2\/comments?post=3357"}],"version-history":[{"count":0,"href":"https:\/\/jinhuaceramic.com\/es\/wp-json\/wp\/v2\/product\/3357\/revisions"}],"wp:featuredmedia":[{"embeddable":true,"href":"https:\/\/jinhuaceramic.com\/es\/wp-json\/wp\/v2\/media\/3360"}],"wp:attachment":[{"href":"https:\/\/jinhuaceramic.com\/es\/wp-json\/wp\/v2\/media?parent=3357"}],"wp:term":[{"taxonomy":"product_brand","embeddable":true,"href":"https:\/\/jinhuaceramic.com\/es\/wp-json\/wp\/v2\/product_brand?post=3357"},{"taxonomy":"product_cat","embeddable":true,"href":"https:\/\/jinhuaceramic.com\/es\/wp-json\/wp\/v2\/product_cat?post=3357"},{"taxonomy":"product_tag","embeddable":true,"href":"https:\/\/jinhuaceramic.com\/es\/wp-json\/wp\/v2\/product_tag?post=3357"}],"curies":[{"name":"wp","href":"https:\/\/api.w.org\/{rel}","templated":true}]}}