{"id":3368,"date":"2024-04-10T10:07:00","date_gmt":"2024-04-10T10:07:00","guid":{"rendered":"https:\/\/jinhuaceramic.com\/?post_type=product&#038;p=3368"},"modified":"2025-04-19T09:27:23","modified_gmt":"2025-04-19T09:27:23","slug":"wholesale-ceramic-tableware","status":"publish","type":"product","link":"https:\/\/jinhuaceramic.com\/es\/product\/wholesale-ceramic-tableware\/","title":{"rendered":"Vajilla de Cer\u00e1mica al por mayor Plato en Forma de Pent\u00e1gono con Asa"},"content":{"rendered":"<div class=\"wp-block-columns is-layout-flex wp-container-core-columns-is-layout-9d6595d7 wp-block-columns-is-layout-flex\">\n<div class=\"wp-block-column is-layout-flow wp-block-column-is-layout-flow\" style=\"flex-basis:50%\">\n<h3 class=\"wp-block-heading\">Caracter\u00edsticas de la vajilla cer\u00e1mica al por mayor de primera calidad:<\/h3>\n\n\n\n<ul class=\"wp-block-list\">\n<li><strong>Innovador dise\u00f1o en forma de estrella: <\/strong>El fabricante mayorista de vajillas de cer\u00e1mica de Jinhua le ofrece cuencos de cer\u00e1mica a granel con una forma de estrella \u00fanica, que son a la vez modernos y creativos, adecuados para disfrutar de la comida en diversas ocasiones.<\/li>\n\n\n\n<li><strong>Gran capacidad y practicidad: <\/strong>Estos cuencos de sopa con asas y dise\u00f1o a granel tienen una capacidad suficiente, adecuada para una gran variedad de alimentos, como sopas, ensaladas, guisos, etc., para satisfacer las necesidades de las reuniones familiares o los servicios de restauraci\u00f3n, y son ideales para el uso diario.<\/li>\n\n\n\n<li><strong>Dise\u00f1o pr\u00e1ctico del mango: <\/strong>Cada cuenco cer\u00e1mico a granel est\u00e1 equipado con un pr\u00e1ctico asa, muy \u00fatil para coger y servir alimentos, ya sea sopa caliente o platos fr\u00edos, lo que hace que su uso sea m\u00e1s c\u00f3modo y seguro. Nuestra vajilla cer\u00e1mica al por mayor puede mejorar la experiencia gastron\u00f3mica de los restaurantes.<\/li>\n\n\n\n<li><strong>Elegante esmalte blanco: <\/strong>El elegante esmalte blanco hace que estos cuencos de sopa con asas no solo sean f\u00e1ciles de limpiar, sino que tambi\u00e9n combinen a la perfecci\u00f3n con cualquier mesa. Su aspecto cl\u00e1sico se adapta a diversos estilos de restaurantes o entornos dom\u00e9sticos, realzando el ambiente general de la mesa.<\/li>\n<\/ul>\n<\/div>\n\n\n\n<div class=\"wp-block-column is-layout-flow wp-block-column-is-layout-flow\" style=\"flex-basis:50%\">\n<figure class=\"wp-block-image size-full\"><img fetchpriority=\"high\" decoding=\"async\" width=\"1202\" height=\"1206\" src=\"https:\/\/jinhuaceramic.com\/wp-content\/uploads\/2024\/04\/pentagon-shape-plate-ceramic-tableware-wholesale-dinnerware-7.webp\" alt=\"Venta al por mayor de vajilla de cer\u00e1mica, cuencos de sopa con asas a granel-1\" class=\"wp-image-3374\" srcset=\"https:\/\/jinhuaceramic.com\/wp-content\/uploads\/2024\/04\/pentagon-shape-plate-ceramic-tableware-wholesale-dinnerware-7.webp 1202w, https:\/\/jinhuaceramic.com\/wp-content\/uploads\/2024\/04\/pentagon-shape-plate-ceramic-tableware-wholesale-dinnerware-7-300x300.webp 300w, https:\/\/jinhuaceramic.com\/wp-content\/uploads\/2024\/04\/pentagon-shape-plate-ceramic-tableware-wholesale-dinnerware-7-150x150.webp 150w, https:\/\/jinhuaceramic.com\/wp-content\/uploads\/2024\/04\/pentagon-shape-plate-ceramic-tableware-wholesale-dinnerware-7-768x771.webp 768w, https:\/\/jinhuaceramic.com\/wp-content\/uploads\/2024\/04\/pentagon-shape-plate-ceramic-tableware-wholesale-dinnerware-7-285x286.webp 285w, https:\/\/jinhuaceramic.com\/wp-content\/uploads\/2024\/04\/pentagon-shape-plate-ceramic-tableware-wholesale-dinnerware-7-270x270.webp 270w, https:\/\/jinhuaceramic.com\/wp-content\/uploads\/2024\/04\/pentagon-shape-plate-ceramic-tableware-wholesale-dinnerware-7-658x660.webp 658w\" sizes=\"(max-width: 1202px) 100vw, 1202px\" \/><\/figure>\n<\/div>\n<\/div>","protected":false},"excerpt":{"rendered":"<p>Bienvenido a la compra al por mayor de vajillas de cer\u00e1mica. Nuestros cuencos para sopa con asas combinan un innovador dise\u00f1o en forma de estrella y una gran capacidad, ideal para sopas y ensaladas. Las pr\u00e1cticas asas facilitan su uso, mientras que el elegante esmalte blanco combina f\u00e1cilmente con cualquier estilo de mesa.<\/p>","protected":false},"featured_media":3370,"comment_status":"closed","ping_status":"closed","template":"","meta":{"_acf_changed":false},"product_brand":[],"product_cat":[54,85],"product_tag":[78,77],"class_list":{"0":"post-3368","1":"product","2":"type-product","3":"status-publish","4":"has-post-thumbnail","6":"product_cat-tableware-wholesale","7":"product_cat-wholesale-ceramic-bowls","8":"product_tag-bulk-ceramic-bowls","9":"product_tag-bulk-serving-platters","11":"first","12":"instock","13":"shipping-taxable","14":"product-type-simple"},"acf":[],"_links":{"self":[{"href":"https:\/\/jinhuaceramic.com\/es\/wp-json\/wp\/v2\/product\/3368","targetHints":{"allow":["GET"]}}],"collection":[{"href":"https:\/\/jinhuaceramic.com\/es\/wp-json\/wp\/v2\/product"}],"about":[{"href":"https:\/\/jinhuaceramic.com\/es\/wp-json\/wp\/v2\/types\/product"}],"replies":[{"embeddable":true,"href":"https:\/\/jinhuaceramic.com\/es\/wp-json\/wp\/v2\/comments?post=3368"}],"version-history":[{"count":0,"href":"https:\/\/jinhuaceramic.com\/es\/wp-json\/wp\/v2\/product\/3368\/revisions"}],"wp:featuredmedia":[{"embeddable":true,"href":"https:\/\/jinhuaceramic.com\/es\/wp-json\/wp\/v2\/media\/3370"}],"wp:attachment":[{"href":"https:\/\/jinhuaceramic.com\/es\/wp-json\/wp\/v2\/media?parent=3368"}],"wp:term":[{"taxonomy":"product_brand","embeddable":true,"href":"https:\/\/jinhuaceramic.com\/es\/wp-json\/wp\/v2\/product_brand?post=3368"},{"taxonomy":"product_cat","embeddable":true,"href":"https:\/\/jinhuaceramic.com\/es\/wp-json\/wp\/v2\/product_cat?post=3368"},{"taxonomy":"product_tag","embeddable":true,"href":"https:\/\/jinhuaceramic.com\/es\/wp-json\/wp\/v2\/product_tag?post=3368"}],"curies":[{"name":"wp","href":"https:\/\/api.w.org\/{rel}","templated":true}]}}