{"id":3391,"date":"2024-04-11T00:46:51","date_gmt":"2024-04-11T00:46:51","guid":{"rendered":"https:\/\/jinhuaceramic.com\/?post_type=product&#038;p=3391"},"modified":"2025-04-19T09:29:08","modified_gmt":"2025-04-19T09:29:08","slug":"ceramic-dishes-wholesale","status":"publish","type":"product","link":"https:\/\/jinhuaceramic.com\/es\/product\/ceramic-dishes-wholesale\/","title":{"rendered":"Platos de cer\u00e1mica con forma de loto al por mayor"},"content":{"rendered":"<div class=\"wp-block-columns is-layout-flex wp-container-core-columns-is-layout-9d6595d7 wp-block-columns-is-layout-flex\">\n<div class=\"wp-block-column is-layout-flow wp-block-column-is-layout-flow\" style=\"flex-basis:50%\">\n<h3 class=\"wp-block-heading\">Platos de Cer\u00e1mica Premium al por mayor Caracter\u00edsticas:<\/h3>\n\n\n\n<ul class=\"wp-block-list\">\n<li><strong>Dise\u00f1o \u00fanico en forma de loto: <\/strong>Estos platos de cer\u00e1mica al por mayor est\u00e1n dise\u00f1ados en una hermosa forma de loto, mostrando elegancia y arte. Tanto para las comidas diarias como para las ocasiones especiales, pueden dar un toque \u00fanico a su mesa y mejorar la experiencia gastron\u00f3mica en general.<\/li>\n\n\n\n<li><strong>M\u00faltiples opciones de tama\u00f1o: <\/strong>Ofrecemos cuencos de cer\u00e1mica personalizados de distintos tama\u00f1os para satisfacer las diferentes necesidades de catering. Ya se trate de una peque\u00f1a guarnici\u00f3n, un gran plato principal o un postre, estos platos y cuencos al por mayor pueden satisfacer con flexibilidad las necesidades de servicio de diversos platos.<\/li>\n\n\n\n<li><strong>Servicio de vajilla a medida: <\/strong>Ofrecemos servicios de personalizaci\u00f3n de platos de cer\u00e1mica al por mayor. Puede elegir el color, el dibujo y el tama\u00f1o seg\u00fan el estilo de su marca o el tema de su restaurante. Nuestros platos y cuencos al por mayor son \u00fanicos y satisfacen sus necesidades.<\/li>\n\n\n\n<li><strong>Material cer\u00e1mico de alta calidad: <\/strong>Estos cuencos de cer\u00e1mica personalizados est\u00e1n fabricados con materiales cer\u00e1micos de alta calidad, que son duraderos y f\u00e1ciles de limpiar. Tanto si se trata de platos fr\u00edos como calientes, pueden servirse perfectamente para garantizar su buen estado durante el uso diario.<\/li>\n<\/ul>\n<\/div>\n\n\n\n<div class=\"wp-block-column is-layout-flow wp-block-column-is-layout-flow\" style=\"flex-basis:50%\">\n<figure class=\"wp-block-image size-full\"><img fetchpriority=\"high\" decoding=\"async\" width=\"1500\" height=\"1500\" src=\"https:\/\/jinhuaceramic.com\/wp-content\/uploads\/2024\/04\/curved-arc-shaped-bowls-ceramic-tableware-wholesale-lotus-shaped-bowl-10.webp\" alt=\"Platos de Cer\u00e1mica en Forma de Loto al por Mayor, Tazones de Cer\u00e1mica Personalizados-1\" class=\"wp-image-3396\" srcset=\"https:\/\/jinhuaceramic.com\/wp-content\/uploads\/2024\/04\/curved-arc-shaped-bowls-ceramic-tableware-wholesale-lotus-shaped-bowl-10.webp 1500w, https:\/\/jinhuaceramic.com\/wp-content\/uploads\/2024\/04\/curved-arc-shaped-bowls-ceramic-tableware-wholesale-lotus-shaped-bowl-10-300x300.webp 300w, https:\/\/jinhuaceramic.com\/wp-content\/uploads\/2024\/04\/curved-arc-shaped-bowls-ceramic-tableware-wholesale-lotus-shaped-bowl-10-150x150.webp 150w, https:\/\/jinhuaceramic.com\/wp-content\/uploads\/2024\/04\/curved-arc-shaped-bowls-ceramic-tableware-wholesale-lotus-shaped-bowl-10-768x768.webp 768w, https:\/\/jinhuaceramic.com\/wp-content\/uploads\/2024\/04\/curved-arc-shaped-bowls-ceramic-tableware-wholesale-lotus-shaped-bowl-10-285x285.webp 285w, https:\/\/jinhuaceramic.com\/wp-content\/uploads\/2024\/04\/curved-arc-shaped-bowls-ceramic-tableware-wholesale-lotus-shaped-bowl-10-270x270.webp 270w, https:\/\/jinhuaceramic.com\/wp-content\/uploads\/2024\/04\/curved-arc-shaped-bowls-ceramic-tableware-wholesale-lotus-shaped-bowl-10-540x540.webp 540w, https:\/\/jinhuaceramic.com\/wp-content\/uploads\/2024\/04\/curved-arc-shaped-bowls-ceramic-tableware-wholesale-lotus-shaped-bowl-10-660x660.webp 660w\" sizes=\"(max-width: 1500px) 100vw, 1500px\" \/><\/figure>\n<\/div>\n<\/div>","protected":false},"excerpt":{"rendered":"<p>Bienvenido a comprar platos y cuencos al por mayor. Esta vajilla de cer\u00e1mica al por mayor en forma de loto combina a la perfecci\u00f3n un dise\u00f1o \u00fanico con una variedad de opciones de tama\u00f1o, adecuado para diversas ocasiones de catering. Los materiales cer\u00e1micos de alta calidad garantizan su durabilidad, y los servicios de vajilla a medida satisfacen sus necesidades personalizadas.<\/p>","protected":false},"featured_media":3396,"comment_status":"closed","ping_status":"closed","template":"","meta":{"_acf_changed":false},"product_brand":[],"product_cat":[54,85],"product_tag":[78,77],"class_list":{"0":"post-3391","1":"product","2":"type-product","3":"status-publish","4":"has-post-thumbnail","6":"product_cat-tableware-wholesale","7":"product_cat-wholesale-ceramic-bowls","8":"product_tag-bulk-ceramic-bowls","9":"product_tag-bulk-serving-platters","11":"first","12":"instock","13":"shipping-taxable","14":"product-type-simple"},"acf":[],"_links":{"self":[{"href":"https:\/\/jinhuaceramic.com\/es\/wp-json\/wp\/v2\/product\/3391","targetHints":{"allow":["GET"]}}],"collection":[{"href":"https:\/\/jinhuaceramic.com\/es\/wp-json\/wp\/v2\/product"}],"about":[{"href":"https:\/\/jinhuaceramic.com\/es\/wp-json\/wp\/v2\/types\/product"}],"replies":[{"embeddable":true,"href":"https:\/\/jinhuaceramic.com\/es\/wp-json\/wp\/v2\/comments?post=3391"}],"version-history":[{"count":0,"href":"https:\/\/jinhuaceramic.com\/es\/wp-json\/wp\/v2\/product\/3391\/revisions"}],"wp:featuredmedia":[{"embeddable":true,"href":"https:\/\/jinhuaceramic.com\/es\/wp-json\/wp\/v2\/media\/3396"}],"wp:attachment":[{"href":"https:\/\/jinhuaceramic.com\/es\/wp-json\/wp\/v2\/media?parent=3391"}],"wp:term":[{"taxonomy":"product_brand","embeddable":true,"href":"https:\/\/jinhuaceramic.com\/es\/wp-json\/wp\/v2\/product_brand?post=3391"},{"taxonomy":"product_cat","embeddable":true,"href":"https:\/\/jinhuaceramic.com\/es\/wp-json\/wp\/v2\/product_cat?post=3391"},{"taxonomy":"product_tag","embeddable":true,"href":"https:\/\/jinhuaceramic.com\/es\/wp-json\/wp\/v2\/product_tag?post=3391"}],"curies":[{"name":"wp","href":"https:\/\/api.w.org\/{rel}","templated":true}]}}