{"id":3401,"date":"2024-04-11T01:10:56","date_gmt":"2024-04-11T01:10:56","guid":{"rendered":"https:\/\/jinhuaceramic.com\/?post_type=product&#038;p=3401"},"modified":"2025-04-21T02:14:49","modified_gmt":"2025-04-21T02:14:49","slug":"ceramic-tableware-wholesale","status":"publish","type":"product","link":"https:\/\/jinhuaceramic.com\/es\/product\/ceramic-tableware-wholesale\/","title":{"rendered":"Vajilla de Cer\u00e1mica Directa de F\u00e1brica al por Mayor, Dise\u00f1os Simples Tazones Grandes a Granel"},"content":{"rendered":"<div class=\"wp-block-columns is-layout-flex wp-container-core-columns-is-layout-9d6595d7 wp-block-columns-is-layout-flex\">\n<div class=\"wp-block-column is-layout-flow wp-block-column-is-layout-flow\" style=\"flex-basis:50%\">\n<h3 class=\"wp-block-heading\">Vajilla de Cer\u00e1mica Premium al por mayor Caracter\u00edsticas:<\/h3>\n\n\n\n<ul class=\"wp-block-list\">\n<li><strong>Venta directa de f\u00e1brica: <\/strong>Nuestra vajilla de cer\u00e1mica al por mayor proviene directamente de la f\u00e1brica de vajilla, eliminando al intermediario para garantizar que usted obtenga productos de alta calidad al precio m\u00e1s competitivo, proporcionando a los clientes opciones de compra flexibles.<\/li>\n\n\n\n<li><strong>Dise\u00f1o sencillo:<\/strong> Estos cuencos grandes a granel adoptan un dise\u00f1o sencillo y elegante, adecuado para diversas ocasiones de comer. Ya se trate de una reuni\u00f3n familiar, una cena diaria o actividades de negocios, este estilo sencillo puede integrarse f\u00e1cilmente en diferentes disposiciones de la mesa.<\/li>\n\n\n\n<li><strong>M\u00faltiples opciones de color: <\/strong>Con el fin de satisfacer las necesidades personalizadas de los diferentes clientes, ofrecemos una variedad de opciones de color para la vajilla de cer\u00e1mica al por mayor, incluyendo el cl\u00e1sico blanco, beige c\u00e1lido y vivos tonos oscuros. Estos cuencos de cer\u00e1mica al por mayor pueden combinar perfectamente con el tono general de su restaurante u hogar.<\/li>\n\n\n\n<li><strong>Gran capacidad y practicidad: <\/strong>Estos cuencos grandes de dise\u00f1o a granel tienen capacidad suficiente, lo que resulta muy adecuado para sopas, guisos, ensaladas y otras exquisiteces, y pueden hacer frente con flexibilidad a diversas necesidades gastron\u00f3micas. Ya sea para una abundante cena familiar o para el servicio de restaurante, estos cuencos grandes pueden satisfacer sus expectativas.<\/li>\n<\/ul>\n<\/div>\n\n\n\n<div class=\"wp-block-column is-layout-flow wp-block-column-is-layout-flow\" style=\"flex-basis:50%\">\n<figure class=\"wp-block-image size-full\"><img fetchpriority=\"high\" decoding=\"async\" width=\"1500\" height=\"1050\" src=\"https:\/\/jinhuaceramic.com\/wp-content\/uploads\/2024\/04\/simple-plate-designs-wholesale-tableware-1.webp\" alt=\"Vajilla de Cer\u00e1mica Directa de F\u00e1brica al por mayor, Dise\u00f1os simples Tazones grandes Bulk-1\" class=\"wp-image-3402\" srcset=\"https:\/\/jinhuaceramic.com\/wp-content\/uploads\/2024\/04\/simple-plate-designs-wholesale-tableware-1.webp 1500w, https:\/\/jinhuaceramic.com\/wp-content\/uploads\/2024\/04\/simple-plate-designs-wholesale-tableware-1-300x210.webp 300w, https:\/\/jinhuaceramic.com\/wp-content\/uploads\/2024\/04\/simple-plate-designs-wholesale-tableware-1-768x538.webp 768w, https:\/\/jinhuaceramic.com\/wp-content\/uploads\/2024\/04\/simple-plate-designs-wholesale-tableware-1-285x200.webp 285w, https:\/\/jinhuaceramic.com\/wp-content\/uploads\/2024\/04\/simple-plate-designs-wholesale-tableware-1-660x462.webp 660w, https:\/\/jinhuaceramic.com\/wp-content\/uploads\/2024\/04\/simple-plate-designs-wholesale-tableware-1-150x105.webp 150w\" sizes=\"(max-width: 1500px) 100vw, 1500px\" \/><\/figure>\n<\/div>\n<\/div>","protected":false},"excerpt":{"rendered":"<p>Bienvenido a comprar cuencos grandes al por mayor. Esta vajilla de cer\u00e1mica directa de f\u00e1brica al por mayor ofrece grandes cuencos con un dise\u00f1o sencillo, que es a la vez pr\u00e1ctico y hermoso. Una variedad de opciones de color hacen que sea adecuado para diversas ocasiones de comedor. Los materiales de alta calidad y el dise\u00f1o de gran capacidad proporcionan a los clientes soluciones de comedor flexibles. Es una opci\u00f3n ideal para realzar el encanto de la mesa de comedor.<\/p>","protected":false},"featured_media":3406,"comment_status":"closed","ping_status":"closed","template":"","meta":{"_acf_changed":false},"product_brand":[],"product_cat":[54,85],"product_tag":[78],"class_list":{"0":"post-3401","1":"product","2":"type-product","3":"status-publish","4":"has-post-thumbnail","6":"product_cat-tableware-wholesale","7":"product_cat-wholesale-ceramic-bowls","8":"product_tag-bulk-ceramic-bowls","10":"first","11":"instock","12":"shipping-taxable","13":"product-type-simple"},"acf":[],"_links":{"self":[{"href":"https:\/\/jinhuaceramic.com\/es\/wp-json\/wp\/v2\/product\/3401","targetHints":{"allow":["GET"]}}],"collection":[{"href":"https:\/\/jinhuaceramic.com\/es\/wp-json\/wp\/v2\/product"}],"about":[{"href":"https:\/\/jinhuaceramic.com\/es\/wp-json\/wp\/v2\/types\/product"}],"replies":[{"embeddable":true,"href":"https:\/\/jinhuaceramic.com\/es\/wp-json\/wp\/v2\/comments?post=3401"}],"version-history":[{"count":0,"href":"https:\/\/jinhuaceramic.com\/es\/wp-json\/wp\/v2\/product\/3401\/revisions"}],"wp:featuredmedia":[{"embeddable":true,"href":"https:\/\/jinhuaceramic.com\/es\/wp-json\/wp\/v2\/media\/3406"}],"wp:attachment":[{"href":"https:\/\/jinhuaceramic.com\/es\/wp-json\/wp\/v2\/media?parent=3401"}],"wp:term":[{"taxonomy":"product_brand","embeddable":true,"href":"https:\/\/jinhuaceramic.com\/es\/wp-json\/wp\/v2\/product_brand?post=3401"},{"taxonomy":"product_cat","embeddable":true,"href":"https:\/\/jinhuaceramic.com\/es\/wp-json\/wp\/v2\/product_cat?post=3401"},{"taxonomy":"product_tag","embeddable":true,"href":"https:\/\/jinhuaceramic.com\/es\/wp-json\/wp\/v2\/product_tag?post=3401"}],"curies":[{"name":"wp","href":"https:\/\/api.w.org\/{rel}","templated":true}]}}