{"id":3412,"date":"2024-04-11T01:24:53","date_gmt":"2024-04-11T01:24:53","guid":{"rendered":"https:\/\/jinhuaceramic.com\/?post_type=product&#038;p=3412"},"modified":"2025-04-21T02:17:57","modified_gmt":"2025-04-21T02:17:57","slug":"white-ceramic-bowls-bulk","status":"publish","type":"product","link":"https:\/\/jinhuaceramic.com\/es\/product\/white-ceramic-bowls-bulk\/","title":{"rendered":"Tazones de Cer\u00e1mica Blanca a Granel, Tazones para Sopa de Restaurante al por Mayor"},"content":{"rendered":"<div class=\"wp-block-columns is-layout-flex wp-container-core-columns-is-layout-9d6595d7 wp-block-columns-is-layout-flex\">\n<div class=\"wp-block-column is-layout-flow wp-block-column-is-layout-flow\" style=\"flex-basis:50%\">\n<h3 class=\"wp-block-heading\">Cuencos de Cer\u00e1mica Premium a Granel Caracter\u00edsticas:<\/h3>\n\n\n\n<ul class=\"wp-block-list\">\n<li><strong>Dise\u00f1o elegante y estilizado: <\/strong>Estos cuencos de cer\u00e1mica blanca a granel presentan un concepto de dise\u00f1o sencillo y elegante adecuado para cualquier entorno de comedor. Su tono blanco cl\u00e1sico proporciona un tel\u00f3n de fondo perfecto para una gran variedad de platos, lo que puede mejorar la experiencia gastron\u00f3mica en general y crear un ambiente elegante y de alta gama.<\/li>\n\n\n\n<li><strong>Varias opciones de motivos en relieve: <\/strong>Nuestros cuencos soperos para restaurantes al por mayor ofrecen una gran variedad de opciones de motivos en relieve, desde delicadas texturas florales hasta modernos motivos geom\u00e9tricos, y su rico estilo de dise\u00f1o puede integrarse f\u00e1cilmente en la decoraci\u00f3n de cualquier restaurante.<\/li>\n\n\n\n<li><strong>Material cer\u00e1mico de alta calidad: <\/strong>Nuestros cuencos de cer\u00e1mica blanca a granel est\u00e1n fabricados con materiales cer\u00e1micos de alta calidad para garantizar que cada cuenco tenga una excelente durabilidad y estabilidad. Pueden soportar las exigencias de las comidas diarias y no son f\u00e1ciles de romper, lo que garantiza una larga vida \u00fatil.<\/li>\n\n\n\n<li><strong>Gran capacidad y practicidad: <\/strong>Estos cuencos soperos para restaurantes al por mayor est\u00e1n dise\u00f1ados con amplia capacidad para una gran variedad de sopas, guisos y otros manjares, lo que resulta muy adecuado para las necesidades de gran volumen de los restaurantes. Tanto si sirve sopas sustanciosas como platos principales elegantes, este plato sopero puede presentarse perfectamente para satisfacer el placer visual y gustativo de los clientes.<\/li>\n<\/ul>\n<\/div>\n\n\n\n<div class=\"wp-block-column is-layout-flow wp-block-column-is-layout-flow\" style=\"flex-basis:50%\">\n<figure class=\"wp-block-image size-full\"><img fetchpriority=\"high\" decoding=\"async\" width=\"1395\" height=\"1500\" src=\"https:\/\/jinhuaceramic.com\/wp-content\/uploads\/2024\/04\/white-ceramic-bowl-wholesale-tableware-1.webp\" alt=\"Tazones de Cer\u00e1mica Blanca a Granel, Tazones para Sopa de Restaurante al por Mayor-1\" class=\"wp-image-3413\" srcset=\"https:\/\/jinhuaceramic.com\/wp-content\/uploads\/2024\/04\/white-ceramic-bowl-wholesale-tableware-1.webp 1395w, https:\/\/jinhuaceramic.com\/wp-content\/uploads\/2024\/04\/white-ceramic-bowl-wholesale-tableware-1-279x300.webp 279w, https:\/\/jinhuaceramic.com\/wp-content\/uploads\/2024\/04\/white-ceramic-bowl-wholesale-tableware-1-768x826.webp 768w, https:\/\/jinhuaceramic.com\/wp-content\/uploads\/2024\/04\/white-ceramic-bowl-wholesale-tableware-1-285x306.webp 285w, https:\/\/jinhuaceramic.com\/wp-content\/uploads\/2024\/04\/white-ceramic-bowl-wholesale-tableware-1-614x660.webp 614w, https:\/\/jinhuaceramic.com\/wp-content\/uploads\/2024\/04\/white-ceramic-bowl-wholesale-tableware-1-140x150.webp 140w\" sizes=\"(max-width: 1395px) 100vw, 1395px\" \/><\/figure>\n<\/div>\n<\/div>","protected":false},"excerpt":{"rendered":"<p>Bienvenido a comprar soperas de restaurante al por mayor. Estos elegantes cuencos de cer\u00e1mica blanca al por mayor ofrecen una variedad de opciones de patrones en relieve, que son a la vez hermosos y pr\u00e1cticos. El material cer\u00e1mico de alta calidad garantiza durabilidad y f\u00e1cil limpieza, y la excelente capacidad satisface las necesidades de una gran variedad de platos, por lo que es una opci\u00f3n ideal para compras al por mayor.<\/p>","protected":false},"featured_media":3416,"comment_status":"closed","ping_status":"closed","template":"","meta":{"_acf_changed":false},"product_brand":[],"product_cat":[54,85],"product_tag":[78],"class_list":{"0":"post-3412","1":"product","2":"type-product","3":"status-publish","4":"has-post-thumbnail","6":"product_cat-tableware-wholesale","7":"product_cat-wholesale-ceramic-bowls","8":"product_tag-bulk-ceramic-bowls","10":"first","11":"instock","12":"shipping-taxable","13":"product-type-simple"},"acf":[],"_links":{"self":[{"href":"https:\/\/jinhuaceramic.com\/es\/wp-json\/wp\/v2\/product\/3412","targetHints":{"allow":["GET"]}}],"collection":[{"href":"https:\/\/jinhuaceramic.com\/es\/wp-json\/wp\/v2\/product"}],"about":[{"href":"https:\/\/jinhuaceramic.com\/es\/wp-json\/wp\/v2\/types\/product"}],"replies":[{"embeddable":true,"href":"https:\/\/jinhuaceramic.com\/es\/wp-json\/wp\/v2\/comments?post=3412"}],"version-history":[{"count":0,"href":"https:\/\/jinhuaceramic.com\/es\/wp-json\/wp\/v2\/product\/3412\/revisions"}],"wp:featuredmedia":[{"embeddable":true,"href":"https:\/\/jinhuaceramic.com\/es\/wp-json\/wp\/v2\/media\/3416"}],"wp:attachment":[{"href":"https:\/\/jinhuaceramic.com\/es\/wp-json\/wp\/v2\/media?parent=3412"}],"wp:term":[{"taxonomy":"product_brand","embeddable":true,"href":"https:\/\/jinhuaceramic.com\/es\/wp-json\/wp\/v2\/product_brand?post=3412"},{"taxonomy":"product_cat","embeddable":true,"href":"https:\/\/jinhuaceramic.com\/es\/wp-json\/wp\/v2\/product_cat?post=3412"},{"taxonomy":"product_tag","embeddable":true,"href":"https:\/\/jinhuaceramic.com\/es\/wp-json\/wp\/v2\/product_tag?post=3412"}],"curies":[{"name":"wp","href":"https:\/\/api.w.org\/{rel}","templated":true}]}}