{"id":3420,"date":"2024-04-11T01:34:39","date_gmt":"2024-04-11T01:34:39","guid":{"rendered":"https:\/\/jinhuaceramic.com\/?post_type=product&#038;p=3420"},"modified":"2025-04-21T02:32:17","modified_gmt":"2025-04-21T02:32:17","slug":"bulk-ceramic-bowls","status":"publish","type":"product","link":"https:\/\/jinhuaceramic.com\/es\/product\/bulk-ceramic-bowls\/","title":{"rendered":"Tazones de cer\u00e1mica a granel, Vajilla de primera calidad, Tazones para sopa a granel"},"content":{"rendered":"<div class=\"wp-block-columns is-layout-flex wp-container-core-columns-is-layout-9d6595d7 wp-block-columns-is-layout-flex\">\n<div class=\"wp-block-column is-layout-flow wp-block-column-is-layout-flow\" style=\"flex-basis:50%\">\n<h3 class=\"wp-block-heading\">Cuencos de cer\u00e1mica a granel Premium Caracter\u00edsticas:<\/h3>\n\n\n\n<ul class=\"wp-block-list\">\n<li><strong>Material cer\u00e1mico de alta calidad: <\/strong>Estos cuencos de cer\u00e1mica a granel est\u00e1n fabricados con material cer\u00e1mico de alta calidad, lo que garantiza una excelente durabilidad y estabilidad. Su fabricaci\u00f3n artesanal de alta calidad hace que cada cuenco no se rompa f\u00e1cilmente durante su uso, y puede satisfacer las necesidades del uso diario en restaurantes y hogares.<\/li>\n\n\n\n<li><strong>Esmalte blanco f\u00e1cil de limpiar: <\/strong>La superficie de nuestros cuencos para sopa a granel est\u00e1 dise\u00f1ada con un suave esmalte blanco, que tiene un excelente rendimiento de limpieza. Ya se trate de sopa, ensalada o plato principal, basta con pasar un pa\u00f1o o aclarar f\u00e1cilmente despu\u00e9s de su uso para dejarlo como nuevo, reduciendo el tiempo y el esfuerzo de limpieza.<\/li>\n\n\n\n<li><strong>M\u00faltiples opciones de tama\u00f1o: <\/strong>Ofrecemos cuencos de cer\u00e1mica a granel de distintos tama\u00f1os para diferentes necesidades de catering. Tanto si se trata de un cuenco para guarnici\u00f3n de peque\u00f1a porci\u00f3n como de un cuenco para sopa de gran capacidad, estos cuencos pueden satisfacer diversas ocasiones de comida y adaptarse con flexibilidad a distintos platos.<\/li>\n\n\n\n<li><strong>Estilo cl\u00e1sico y sencillo: <\/strong>El dise\u00f1o blanco confiere a estos cuencos soperos a granel un aspecto cl\u00e1sico y elegante que se adapta a cualquier entorno de mesa. Ya se trate de una reuni\u00f3n familiar, una cena diaria o un banquete de alto nivel, estos cuencos pueden a\u00f1adir un toque de sofisticaci\u00f3n y encanto a su mesa.<\/li>\n<\/ul>\n<\/div>\n\n\n\n<div class=\"wp-block-column is-layout-flow wp-block-column-is-layout-flow\" style=\"flex-basis:50%\">\n<figure class=\"wp-block-image size-full\"><img fetchpriority=\"high\" decoding=\"async\" width=\"1500\" height=\"1500\" src=\"https:\/\/jinhuaceramic.com\/wp-content\/uploads\/2024\/04\/bulk-ceramic-bowls-tableware-wholesale-5.webp\" alt=\"Tazones de cer\u00e1mica a granel, Vajilla de primera calidad, Tazones para sopa a granel-1\" class=\"wp-image-3424\" srcset=\"https:\/\/jinhuaceramic.com\/wp-content\/uploads\/2024\/04\/bulk-ceramic-bowls-tableware-wholesale-5.webp 1500w, https:\/\/jinhuaceramic.com\/wp-content\/uploads\/2024\/04\/bulk-ceramic-bowls-tableware-wholesale-5-300x300.webp 300w, https:\/\/jinhuaceramic.com\/wp-content\/uploads\/2024\/04\/bulk-ceramic-bowls-tableware-wholesale-5-150x150.webp 150w, https:\/\/jinhuaceramic.com\/wp-content\/uploads\/2024\/04\/bulk-ceramic-bowls-tableware-wholesale-5-768x768.webp 768w, https:\/\/jinhuaceramic.com\/wp-content\/uploads\/2024\/04\/bulk-ceramic-bowls-tableware-wholesale-5-285x285.webp 285w, https:\/\/jinhuaceramic.com\/wp-content\/uploads\/2024\/04\/bulk-ceramic-bowls-tableware-wholesale-5-270x270.webp 270w, https:\/\/jinhuaceramic.com\/wp-content\/uploads\/2024\/04\/bulk-ceramic-bowls-tableware-wholesale-5-540x540.webp 540w, https:\/\/jinhuaceramic.com\/wp-content\/uploads\/2024\/04\/bulk-ceramic-bowls-tableware-wholesale-5-660x660.webp 660w\" sizes=\"(max-width: 1500px) 100vw, 1500px\" \/><\/figure>\n<\/div>\n<\/div>","protected":false},"excerpt":{"rendered":"<p>Bienvenido a comprar platos hondos a granel. Nuestros cuencos de cer\u00e1mica a granel est\u00e1n hechos de materiales cer\u00e1micos de alta calidad con un esmalte blanco f\u00e1cil de limpiar para un f\u00e1cil mantenimiento. Ofrece una gran variedad de tama\u00f1os para satisfacer diferentes necesidades culinarias. Su dise\u00f1o cl\u00e1sico y sencillo lo hace adecuado para diversas ocasiones y es una vajilla ideal de gama alta.<\/p>","protected":false},"featured_media":3424,"comment_status":"closed","ping_status":"closed","template":"","meta":{"_acf_changed":false},"product_brand":[],"product_cat":[54,85],"product_tag":[78],"class_list":{"0":"post-3420","1":"product","2":"type-product","3":"status-publish","4":"has-post-thumbnail","6":"product_cat-tableware-wholesale","7":"product_cat-wholesale-ceramic-bowls","8":"product_tag-bulk-ceramic-bowls","10":"first","11":"instock","12":"shipping-taxable","13":"product-type-simple"},"acf":[],"_links":{"self":[{"href":"https:\/\/jinhuaceramic.com\/es\/wp-json\/wp\/v2\/product\/3420","targetHints":{"allow":["GET"]}}],"collection":[{"href":"https:\/\/jinhuaceramic.com\/es\/wp-json\/wp\/v2\/product"}],"about":[{"href":"https:\/\/jinhuaceramic.com\/es\/wp-json\/wp\/v2\/types\/product"}],"replies":[{"embeddable":true,"href":"https:\/\/jinhuaceramic.com\/es\/wp-json\/wp\/v2\/comments?post=3420"}],"version-history":[{"count":0,"href":"https:\/\/jinhuaceramic.com\/es\/wp-json\/wp\/v2\/product\/3420\/revisions"}],"wp:featuredmedia":[{"embeddable":true,"href":"https:\/\/jinhuaceramic.com\/es\/wp-json\/wp\/v2\/media\/3424"}],"wp:attachment":[{"href":"https:\/\/jinhuaceramic.com\/es\/wp-json\/wp\/v2\/media?parent=3420"}],"wp:term":[{"taxonomy":"product_brand","embeddable":true,"href":"https:\/\/jinhuaceramic.com\/es\/wp-json\/wp\/v2\/product_brand?post=3420"},{"taxonomy":"product_cat","embeddable":true,"href":"https:\/\/jinhuaceramic.com\/es\/wp-json\/wp\/v2\/product_cat?post=3420"},{"taxonomy":"product_tag","embeddable":true,"href":"https:\/\/jinhuaceramic.com\/es\/wp-json\/wp\/v2\/product_tag?post=3420"}],"curies":[{"name":"wp","href":"https:\/\/api.w.org\/{rel}","templated":true}]}}