{"id":3454,"date":"2024-04-11T07:24:38","date_gmt":"2024-04-11T07:24:38","guid":{"rendered":"https:\/\/jinhuaceramic.com\/?post_type=product&#038;p=3454"},"modified":"2026-02-05T02:13:46","modified_gmt":"2026-02-05T02:13:46","slug":"luxury-ceramic-bathroom-accessories-bulk","status":"publish","type":"product","link":"https:\/\/jinhuaceramic.com\/es\/product\/luxury-ceramic-bathroom-accessories-bulk\/","title":{"rendered":"Juego de Accesorios de Ba\u00f1o de Cer\u00e1mica de Lujo al por Mayor"},"content":{"rendered":"<div class=\"wp-block-columns is-layout-flex wp-container-core-columns-is-layout-9d6595d7 wp-block-columns-is-layout-flex\">\n<div class=\"wp-block-column is-layout-flow wp-block-column-is-layout-flow\" style=\"flex-basis:50%\">\n<h3 class=\"wp-block-heading\">Premium Luxury Accesorios de ba\u00f1o de cer\u00e1mica Set Caracter\u00edsticas:<\/h3>\n\n\n\n<ul class=\"wp-block-list\">\n<li><strong>Artesan\u00eda excepcional:<\/strong> Nuestro juego de accesorios de ba\u00f1o de cer\u00e1mica de lujo al por mayor se elabora con una artesan\u00eda excepcional, cuidando cada paso del proceso de dise\u00f1o y fabricaci\u00f3n, garantizando la calidad y un aspecto lujoso.<\/li>\n\n\n\n<li><strong>Dise\u00f1o excepcional: <\/strong>Este conjunto de accesorios de ba\u00f1o al por mayor tiene cer\u00e1mica blanca cl\u00e1sica con un dise\u00f1o de patr\u00f3n cl\u00e1sico que proporciona una sensaci\u00f3n atemporal de estilo romano y llena el espacio de ba\u00f1o con elegancia y un hermoso temeraire hist\u00f3rico.<\/li>\n\n\n\n<li><strong>Materiales de alta calidad: <\/strong>S\u00f3lo utilizamos materiales cer\u00e1micos de la m\u00e1s alta calidad para garantizar la durabilidad y la elegancia a largo plazo de nuestros productos de alta calidad y soluciones de decoraci\u00f3n de ba\u00f1os de gama alta.<\/li>\n\n\n\n<li><strong>Precios competitivos: <\/strong>Como fabricante de accesorios de ba\u00f1o, podemos ofrecer al por mayor conjuntos de accesorios de ba\u00f1o de cer\u00e1mica a precios competitivos que permiten a los clientes comprar conjuntos de accesorios de ba\u00f1o de cer\u00e1mica de lujo de mayor calidad a bajo precio.<\/li>\n<\/ul>\n<\/div>\n\n\n\n<div class=\"wp-block-column is-layout-flow wp-block-column-is-layout-flow\" style=\"flex-basis:50%\">\n<figure class=\"wp-block-image size-full\"><img fetchpriority=\"high\" decoding=\"async\" width=\"1024\" height=\"1024\" src=\"https:\/\/jinhuaceramic.com\/wp-content\/uploads\/2024\/04\/ceramic-manufacturer-wholesale-bathroom-accessories-set-hotal-bathroom-supplies-1-3.webp\" alt=\"fabricante-mayorista-de-cer\u00e1mica-cer\u00e1mica-de-lujo-accesorios-de-ba\u00f1o\" class=\"wp-image-3455\" srcset=\"https:\/\/jinhuaceramic.com\/wp-content\/uploads\/2024\/04\/ceramic-manufacturer-wholesale-bathroom-accessories-set-hotal-bathroom-supplies-1-3.webp 1024w, https:\/\/jinhuaceramic.com\/wp-content\/uploads\/2024\/04\/ceramic-manufacturer-wholesale-bathroom-accessories-set-hotal-bathroom-supplies-1-3-300x300.webp 300w, https:\/\/jinhuaceramic.com\/wp-content\/uploads\/2024\/04\/ceramic-manufacturer-wholesale-bathroom-accessories-set-hotal-bathroom-supplies-1-3-150x150.webp 150w, https:\/\/jinhuaceramic.com\/wp-content\/uploads\/2024\/04\/ceramic-manufacturer-wholesale-bathroom-accessories-set-hotal-bathroom-supplies-1-3-768x768.webp 768w, https:\/\/jinhuaceramic.com\/wp-content\/uploads\/2024\/04\/ceramic-manufacturer-wholesale-bathroom-accessories-set-hotal-bathroom-supplies-1-3-285x285.webp 285w, https:\/\/jinhuaceramic.com\/wp-content\/uploads\/2024\/04\/ceramic-manufacturer-wholesale-bathroom-accessories-set-hotal-bathroom-supplies-1-3-270x270.webp 270w, https:\/\/jinhuaceramic.com\/wp-content\/uploads\/2024\/04\/ceramic-manufacturer-wholesale-bathroom-accessories-set-hotal-bathroom-supplies-1-3-540x540.webp 540w, https:\/\/jinhuaceramic.com\/wp-content\/uploads\/2024\/04\/ceramic-manufacturer-wholesale-bathroom-accessories-set-hotal-bathroom-supplies-1-3-660x660.webp 660w\" sizes=\"(max-width: 1024px) 100vw, 1024px\" \/><\/figure>\n<\/div>\n<\/div>","protected":false},"excerpt":{"rendered":"<p>Compramos juegos de accesorios de ba\u00f1o de cer\u00e1mica al por mayor en una variedad de dise\u00f1os. Nuestra colecci\u00f3n de accesorios de ba\u00f1o de cer\u00e1mica de lujo al por mayor conjuntos cuenta con materiales de alta calidad con una amplia gama de selecciones y precios wholesomely, con configuraciones de paquetes completos y servicios personalizados para ofrecer valor y disfrute a nuestros clientes.<\/p>","protected":false},"featured_media":3457,"comment_status":"closed","ping_status":"closed","template":"","meta":{"_acf_changed":false},"product_brand":[],"product_cat":[51],"product_tag":[74],"class_list":{"0":"post-3454","1":"product","2":"type-product","3":"status-publish","4":"has-post-thumbnail","6":"product_cat-bathroom-accessories-wholesale","7":"product_tag-ceramic-bath-accessories-wholesale","9":"first","10":"instock","11":"shipping-taxable","12":"product-type-simple"},"acf":[],"_links":{"self":[{"href":"https:\/\/jinhuaceramic.com\/es\/wp-json\/wp\/v2\/product\/3454","targetHints":{"allow":["GET"]}}],"collection":[{"href":"https:\/\/jinhuaceramic.com\/es\/wp-json\/wp\/v2\/product"}],"about":[{"href":"https:\/\/jinhuaceramic.com\/es\/wp-json\/wp\/v2\/types\/product"}],"replies":[{"embeddable":true,"href":"https:\/\/jinhuaceramic.com\/es\/wp-json\/wp\/v2\/comments?post=3454"}],"version-history":[{"count":0,"href":"https:\/\/jinhuaceramic.com\/es\/wp-json\/wp\/v2\/product\/3454\/revisions"}],"wp:featuredmedia":[{"embeddable":true,"href":"https:\/\/jinhuaceramic.com\/es\/wp-json\/wp\/v2\/media\/3457"}],"wp:attachment":[{"href":"https:\/\/jinhuaceramic.com\/es\/wp-json\/wp\/v2\/media?parent=3454"}],"wp:term":[{"taxonomy":"product_brand","embeddable":true,"href":"https:\/\/jinhuaceramic.com\/es\/wp-json\/wp\/v2\/product_brand?post=3454"},{"taxonomy":"product_cat","embeddable":true,"href":"https:\/\/jinhuaceramic.com\/es\/wp-json\/wp\/v2\/product_cat?post=3454"},{"taxonomy":"product_tag","embeddable":true,"href":"https:\/\/jinhuaceramic.com\/es\/wp-json\/wp\/v2\/product_tag?post=3454"}],"curies":[{"name":"wp","href":"https:\/\/api.w.org\/{rel}","templated":true}]}}