{"id":3460,"date":"2024-04-11T07:33:34","date_gmt":"2024-04-11T07:33:34","guid":{"rendered":"https:\/\/jinhuaceramic.com\/?post_type=product&#038;p=3460"},"modified":"2026-02-05T02:56:24","modified_gmt":"2026-02-05T02:56:24","slug":"custom-commercial-ceramic-bathroom-set","status":"publish","type":"product","link":"https:\/\/jinhuaceramic.com\/es\/product\/custom-commercial-ceramic-bathroom-set\/","title":{"rendered":"Juego de ba\u00f1o de cer\u00e1mica comercial a granel, suministro de 4 piezas"},"content":{"rendered":"<div class=\"wp-block-columns is-layout-flex wp-container-core-columns-is-layout-9d6595d7 wp-block-columns-is-layout-flex\">\n<div class=\"wp-block-column is-layout-flow wp-block-column-is-layout-flow\" style=\"flex-basis:50%\">\n<h3 class=\"wp-block-heading\">Set de Ba\u00f1o de Cer\u00e1mica Comercial Premium Caracter\u00edsticas:<\/h3>\n\n\n\n<ul class=\"wp-block-list\">\n<li><strong>Personalizaci\u00f3n:<\/strong> Ofrecemos un servicio de personalizaci\u00f3n en el que podemos seleccionar colores, dise\u00f1os y tama\u00f1os en funci\u00f3n de las necesidades y preferencias espec\u00edficas de nuestros clientes, garantizando que el juego de ba\u00f1o de cer\u00e1mica comercial personalizado se adapte perfectamente al estilo de su espacio comercial.<\/li>\n\n\n\n<li><strong>Comercial y duradero: <\/strong>Nuestros juegos de ba\u00f1o de cer\u00e1mica al por mayor est\u00e1n cuidadosamente dise\u00f1ados y fabricados con materiales duraderos que resisten el desgaste y la corrosi\u00f3n, lo que garantiza que mantengan una calidad excelente durante largos periodos de uso.<\/li>\n\n\n\n<li><strong>Equipamiento com\u00fan: <\/strong>Este juego de ba\u00f1o de cer\u00e1mica comercial personalizado contiene cuatro accesorios de ba\u00f1o esenciales, como un vaso para enjuague bucal, un soporte para jab\u00f3n, una bomba dispensadora de jab\u00f3n y un soporte para escobilla de inodoro, que proporcionan comodidad y funcionalidad a los locales comerciales.<\/li>\n\n\n\n<li><strong>Superficie higi\u00e9nica y f\u00e1cil de limpiar:<\/strong> La superficie de cer\u00e1mica esmaltada de este juego de ba\u00f1o de cer\u00e1mica comercial a medida resiste las manchas, la humedad y los olores. El acabado liso facilita la limpieza diaria y garantiza el cumplimiento de las normas de higiene a largo plazo en entornos de hosteler\u00eda.<\/li>\n\n\n\n<li><strong>Capacidad estable de suministro a granel:<\/strong> Suministro al por mayor directo de f\u00e1brica con plazo de producci\u00f3n estable, que permite la adquisici\u00f3n de grandes vol\u00famenes para proyectos de ingenier\u00eda y negocios en cadena.<\/li>\n<\/ul>\n<\/div>\n\n\n\n<div class=\"wp-block-column is-layout-flow wp-block-column-is-layout-flow\" style=\"flex-basis:50%\">\n<figure class=\"wp-block-image size-full\"><img fetchpriority=\"high\" decoding=\"async\" width=\"1079\" height=\"1079\" src=\"https:\/\/jinhuaceramic.com\/wp-content\/uploads\/2024\/04\/ceramic-manufacturer-wholesale-bathroom-accessories-set-hotal-bathroom-supplies-soap-dish-5.webp\" alt=\"fabricante-de-cer\u00e1mica-mayorista-accesorios-de-ba\u00f1o-conjunto-de-accesorios-de-ba\u00f1o-de-hotel-5\" class=\"wp-image-3465\" srcset=\"https:\/\/jinhuaceramic.com\/wp-content\/uploads\/2024\/04\/ceramic-manufacturer-wholesale-bathroom-accessories-set-hotal-bathroom-supplies-soap-dish-5.webp 1079w, https:\/\/jinhuaceramic.com\/wp-content\/uploads\/2024\/04\/ceramic-manufacturer-wholesale-bathroom-accessories-set-hotal-bathroom-supplies-soap-dish-5-300x300.webp 300w, https:\/\/jinhuaceramic.com\/wp-content\/uploads\/2024\/04\/ceramic-manufacturer-wholesale-bathroom-accessories-set-hotal-bathroom-supplies-soap-dish-5-150x150.webp 150w, https:\/\/jinhuaceramic.com\/wp-content\/uploads\/2024\/04\/ceramic-manufacturer-wholesale-bathroom-accessories-set-hotal-bathroom-supplies-soap-dish-5-768x768.webp 768w, https:\/\/jinhuaceramic.com\/wp-content\/uploads\/2024\/04\/ceramic-manufacturer-wholesale-bathroom-accessories-set-hotal-bathroom-supplies-soap-dish-5-285x285.webp 285w, https:\/\/jinhuaceramic.com\/wp-content\/uploads\/2024\/04\/ceramic-manufacturer-wholesale-bathroom-accessories-set-hotal-bathroom-supplies-soap-dish-5-270x270.webp 270w, https:\/\/jinhuaceramic.com\/wp-content\/uploads\/2024\/04\/ceramic-manufacturer-wholesale-bathroom-accessories-set-hotal-bathroom-supplies-soap-dish-5-540x540.webp 540w, https:\/\/jinhuaceramic.com\/wp-content\/uploads\/2024\/04\/ceramic-manufacturer-wholesale-bathroom-accessories-set-hotal-bathroom-supplies-soap-dish-5-660x660.webp 660w\" sizes=\"(max-width: 1079px) 100vw, 1079px\" \/><\/figure>\n<\/div>\n<\/div>","protected":false},"excerpt":{"rendered":"<p>Bienvenido a la compra a granel y personalizados accesorios de ba\u00f1o de cer\u00e1mica conjunto. Nuestros conjuntos de ba\u00f1o de cer\u00e1mica comerciales cuentan con personalizaci\u00f3n personalizada, durabilidad comercial, dise\u00f1o multifuncional y servicios profesionales, proporcionando a los clientes comerciales con soluciones personalizadas de alta calidad para ayudarles a crear espacios de ba\u00f1o comerciales \u00fanicas.<\/p>","protected":false},"featured_media":3464,"comment_status":"closed","ping_status":"closed","template":"","meta":{"_acf_changed":false},"product_brand":[],"product_cat":[51],"product_tag":[74],"class_list":{"0":"post-3460","1":"product","2":"type-product","3":"status-publish","4":"has-post-thumbnail","6":"product_cat-bathroom-accessories-wholesale","7":"product_tag-ceramic-bath-accessories-wholesale","9":"first","10":"instock","11":"shipping-taxable","12":"product-type-simple"},"acf":[],"_links":{"self":[{"href":"https:\/\/jinhuaceramic.com\/es\/wp-json\/wp\/v2\/product\/3460","targetHints":{"allow":["GET"]}}],"collection":[{"href":"https:\/\/jinhuaceramic.com\/es\/wp-json\/wp\/v2\/product"}],"about":[{"href":"https:\/\/jinhuaceramic.com\/es\/wp-json\/wp\/v2\/types\/product"}],"replies":[{"embeddable":true,"href":"https:\/\/jinhuaceramic.com\/es\/wp-json\/wp\/v2\/comments?post=3460"}],"version-history":[{"count":0,"href":"https:\/\/jinhuaceramic.com\/es\/wp-json\/wp\/v2\/product\/3460\/revisions"}],"wp:featuredmedia":[{"embeddable":true,"href":"https:\/\/jinhuaceramic.com\/es\/wp-json\/wp\/v2\/media\/3464"}],"wp:attachment":[{"href":"https:\/\/jinhuaceramic.com\/es\/wp-json\/wp\/v2\/media?parent=3460"}],"wp:term":[{"taxonomy":"product_brand","embeddable":true,"href":"https:\/\/jinhuaceramic.com\/es\/wp-json\/wp\/v2\/product_brand?post=3460"},{"taxonomy":"product_cat","embeddable":true,"href":"https:\/\/jinhuaceramic.com\/es\/wp-json\/wp\/v2\/product_cat?post=3460"},{"taxonomy":"product_tag","embeddable":true,"href":"https:\/\/jinhuaceramic.com\/es\/wp-json\/wp\/v2\/product_tag?post=3460"}],"curies":[{"name":"wp","href":"https:\/\/api.w.org\/{rel}","templated":true}]}}