{"id":3468,"date":"2024-04-11T07:45:53","date_gmt":"2024-04-11T07:45:53","guid":{"rendered":"https:\/\/jinhuaceramic.com\/?post_type=product&#038;p=3468"},"modified":"2026-02-05T03:11:40","modified_gmt":"2026-02-05T03:11:40","slug":"hotel-wholesale-bathroom-accessories-set","status":"publish","type":"product","link":"https:\/\/jinhuaceramic.com\/es\/product\/hotel-wholesale-bathroom-accessories-set\/","title":{"rendered":"Mayorista Accesorios de Ba\u00f1o, Set de Ba\u00f1o de Cer\u00e1mica para Hotel"},"content":{"rendered":"<div class=\"wp-block-columns is-layout-flex wp-container-core-columns-is-layout-9d6595d7 wp-block-columns-is-layout-flex\">\n<div class=\"wp-block-column is-vertically-aligned-top is-layout-flow wp-block-column-is-layout-flow\" style=\"flex-basis:50%\">\n<h3 class=\"wp-block-heading\">Premium al por mayor accesorios de ba\u00f1o Set Caracter\u00edsticas:<\/h3>\n\n\n\n<ul class=\"wp-block-list\">\n<li><strong>Dise\u00f1o de textura \u00fanica, natural y elegante: <\/strong>Este conjunto de accesorios de ba\u00f1o al por mayor tiene una textura especial de bamb\u00fa, que puede aportar una experiencia visual natural y elegante al espacio de un cuarto de ba\u00f1o. La textura fina es aparentemente capaz de incorporar la naturaleza en el espacio de un cuarto de ba\u00f1o-chic y decorativo, apto para hoteles de gama alta y las familias. <\/li>\n\n\n\n<li><strong>M\u00faltiples selecciones de color para adaptarse a diversos estilos: <\/strong>Disponemos de una gran selecci\u00f3n de accesorios de ba\u00f1o de colores a granel, que permite a los usuarios elegirlos seg\u00fan los distintos estilos de ba\u00f1o. Ya sea un color neutro liso o un sistema de colores brillantes din\u00e1micos; es f\u00e1cilmente adaptable para ajustarse a las necesidades de decoraci\u00f3n. <\/li>\n\n\n\n<li><strong>Cer\u00e1mica de alta calidad: <\/strong>Nuestro juego de accesorios de ba\u00f1o al por mayor es una elecci\u00f3n ideal. Puede soportar todas las acciones de desgaste en el uso diario, garantizando la longevidad del producto. Adem\u00e1s, tiene una superficie de cer\u00e1mica lisa que es f\u00e1cil de limpiar, lo que garantiza que los accesorios de ba\u00f1o siempre tendr\u00e1n un aspecto bonito y limpio. <\/li>\n\n\n\n<li><strong>Combinaci\u00f3n multifuncional, pr\u00e1ctica: <\/strong>Nuestros accesorios de ba\u00f1o a granel incluyen dispensadores de jab\u00f3n, vasos para cepillos de dientes, jaboneras y otros art\u00edculos accesorios para el ba\u00f1o de uso diario. Al ser completamente funcionales y de dise\u00f1o elegante, resultan pr\u00e1cticos para un cuarto de ba\u00f1o y tambi\u00e9n pueden realzar el efecto decorativo general.<\/li>\n<\/ul>\n<\/div>\n\n\n\n<div class=\"wp-block-column is-layout-flow wp-block-column-is-layout-flow\" style=\"flex-basis:50%\">\n<figure class=\"wp-block-image size-full\"><img fetchpriority=\"high\" decoding=\"async\" width=\"960\" height=\"960\" src=\"https:\/\/jinhuaceramic.com\/wp-content\/uploads\/2024\/04\/ceramic-manufacturer-wholesale-bathroom-accessories-set-hotal-bathroom-supplies-1-5.webp\" alt=\"Mayorista Accesorios De Ba\u00f1o, Accesorios De Ba\u00f1o Al Por Mayor, Hotel Ceramic Bath Sets-1\" class=\"wp-image-3469\" srcset=\"https:\/\/jinhuaceramic.com\/wp-content\/uploads\/2024\/04\/ceramic-manufacturer-wholesale-bathroom-accessories-set-hotal-bathroom-supplies-1-5.webp 960w, https:\/\/jinhuaceramic.com\/wp-content\/uploads\/2024\/04\/ceramic-manufacturer-wholesale-bathroom-accessories-set-hotal-bathroom-supplies-1-5-300x300.webp 300w, https:\/\/jinhuaceramic.com\/wp-content\/uploads\/2024\/04\/ceramic-manufacturer-wholesale-bathroom-accessories-set-hotal-bathroom-supplies-1-5-150x150.webp 150w, https:\/\/jinhuaceramic.com\/wp-content\/uploads\/2024\/04\/ceramic-manufacturer-wholesale-bathroom-accessories-set-hotal-bathroom-supplies-1-5-768x768.webp 768w, https:\/\/jinhuaceramic.com\/wp-content\/uploads\/2024\/04\/ceramic-manufacturer-wholesale-bathroom-accessories-set-hotal-bathroom-supplies-1-5-285x285.webp 285w, https:\/\/jinhuaceramic.com\/wp-content\/uploads\/2024\/04\/ceramic-manufacturer-wholesale-bathroom-accessories-set-hotal-bathroom-supplies-1-5-270x270.webp 270w, https:\/\/jinhuaceramic.com\/wp-content\/uploads\/2024\/04\/ceramic-manufacturer-wholesale-bathroom-accessories-set-hotal-bathroom-supplies-1-5-540x540.webp 540w, https:\/\/jinhuaceramic.com\/wp-content\/uploads\/2024\/04\/ceramic-manufacturer-wholesale-bathroom-accessories-set-hotal-bathroom-supplies-1-5-660x660.webp 660w\" sizes=\"(max-width: 960px) 100vw, 960px\" \/><\/figure>\n<\/div>\n<\/div>\n\n\n\n<p><\/p>","protected":false},"excerpt":{"rendered":"<p>Bienvenido a comprar al por mayor set de accesorios de ba\u00f1o. Este juego de ba\u00f1o personalizado con textura de bamb\u00fa combina elementos naturales con un dise\u00f1o moderno y est\u00e1 disponible en muchos colores para satisfacer las diferentes necesidades de decoraci\u00f3n de cada hotel y hogar. Fabricado en cer\u00e1mica de alta calidad, este set de accesorios de ba\u00f1o es duradero, f\u00e1cil de limpiar y totalmente funcional, una combinaci\u00f3n perfecta de practicidad y belleza.<\/p>","protected":false},"featured_media":3471,"comment_status":"closed","ping_status":"closed","template":"","meta":{"_acf_changed":false},"product_brand":[],"product_cat":[51],"product_tag":[74],"class_list":{"0":"post-3468","1":"product","2":"type-product","3":"status-publish","4":"has-post-thumbnail","6":"product_cat-bathroom-accessories-wholesale","7":"product_tag-ceramic-bath-accessories-wholesale","9":"first","10":"instock","11":"shipping-taxable","12":"product-type-simple"},"acf":[],"_links":{"self":[{"href":"https:\/\/jinhuaceramic.com\/es\/wp-json\/wp\/v2\/product\/3468","targetHints":{"allow":["GET"]}}],"collection":[{"href":"https:\/\/jinhuaceramic.com\/es\/wp-json\/wp\/v2\/product"}],"about":[{"href":"https:\/\/jinhuaceramic.com\/es\/wp-json\/wp\/v2\/types\/product"}],"replies":[{"embeddable":true,"href":"https:\/\/jinhuaceramic.com\/es\/wp-json\/wp\/v2\/comments?post=3468"}],"version-history":[{"count":0,"href":"https:\/\/jinhuaceramic.com\/es\/wp-json\/wp\/v2\/product\/3468\/revisions"}],"wp:featuredmedia":[{"embeddable":true,"href":"https:\/\/jinhuaceramic.com\/es\/wp-json\/wp\/v2\/media\/3471"}],"wp:attachment":[{"href":"https:\/\/jinhuaceramic.com\/es\/wp-json\/wp\/v2\/media?parent=3468"}],"wp:term":[{"taxonomy":"product_brand","embeddable":true,"href":"https:\/\/jinhuaceramic.com\/es\/wp-json\/wp\/v2\/product_brand?post=3468"},{"taxonomy":"product_cat","embeddable":true,"href":"https:\/\/jinhuaceramic.com\/es\/wp-json\/wp\/v2\/product_cat?post=3468"},{"taxonomy":"product_tag","embeddable":true,"href":"https:\/\/jinhuaceramic.com\/es\/wp-json\/wp\/v2\/product_tag?post=3468"}],"curies":[{"name":"wp","href":"https:\/\/api.w.org\/{rel}","templated":true}]}}