{"id":3476,"date":"2024-04-11T07:57:26","date_gmt":"2024-04-11T07:57:26","guid":{"rendered":"https:\/\/jinhuaceramic.com\/?post_type=product&#038;p=3476"},"modified":"2025-04-21T02:42:36","modified_gmt":"2025-04-21T02:42:36","slug":"wholesale-ceramic-candle-vessels","status":"publish","type":"product","link":"https:\/\/jinhuaceramic.com\/es\/product\/wholesale-ceramic-candle-vessels\/","title":{"rendered":"Fancy Wholesale Recipientes de Cer\u00e1mica para Velas, Tarros de Velas a Granel"},"content":{"rendered":"<div class=\"wp-block-columns is-layout-flex wp-container-core-columns-is-layout-9d6595d7 wp-block-columns-is-layout-flex\">\n<div class=\"wp-block-column is-layout-flow wp-block-column-is-layout-flow\" style=\"flex-basis:50%\">\n<h3 class=\"wp-block-heading\">Premium al por mayor de cer\u00e1mica Vela Vasos Caracter\u00edsticas:<\/h3>\n\n\n\n<ul class=\"wp-block-list\">\n<li><strong>Dise\u00f1o exquisito y elegante, que resalta el sentido de la calidad: <\/strong>Estos elegantes recipientes de cer\u00e1mica para velas al por mayor destacan por su exquisito dise\u00f1o, sus l\u00edneas suaves y su aspecto elegante, perfectos para el hogar de lujo, el envasado de regalos y la decoraci\u00f3n de ocasiones de alta gama, mostrando un sabor y una calidad \u00fanicos.<\/li>\n\n\n\n<li><strong>M\u00faltiples tama\u00f1os y formas, adaptaci\u00f3n flexible: <\/strong>Nuestros tarros para velas a granel ofrecen una variedad de opciones de tama\u00f1o y forma, los clientes pueden elegir el tipo de recipiente adecuado seg\u00fan sus necesidades, que pueden adaptarse f\u00e1cilmente a diferentes estilos y usos, y satisfacer las diversas necesidades de decoraci\u00f3n y fabricaci\u00f3n de velas.<\/li>\n\n\n\n<li><strong>Material cer\u00e1mico de alta calidad, duradero y respetuoso con el medio ambiente: <\/strong>Nuestros recipientes de cer\u00e1mica para velas al por mayor est\u00e1n hechos de cer\u00e1mica de alta calidad cocida a alta temperatura. El recipiente es robusto y duradero, con una superficie lisa y una buena resistencia al calor y a la humedad. La cer\u00e1mica es natural, no t\u00f3xica y respetuosa con el medio ambiente, lo que garantiza su seguridad y fiabilidad para un uso prolongado.<\/li>\n\n\n\n<li><strong>Admite compras al por mayor y personalizaci\u00f3n: <\/strong>Suministramos tarros de velas a granel a clientes comerciales para garantizar una calidad y un suministro estables del producto. Adem\u00e1s, los clientes tambi\u00e9n pueden optar por personalizar los colores, tama\u00f1os y logotipos para satisfacer las necesidades de promoci\u00f3n de marca y dise\u00f1o personalizado.<\/li>\n<\/ul>\n<\/div>\n\n\n\n<div class=\"wp-block-column is-layout-flow wp-block-column-is-layout-flow\" style=\"flex-basis:50%\">\n<figure class=\"wp-block-image size-full\"><img fetchpriority=\"high\" decoding=\"async\" width=\"692\" height=\"692\" src=\"https:\/\/jinhuaceramic.com\/wp-content\/uploads\/2024\/04\/ceramic-manufacturer-custom-canisters-bulk-candle-jars-wholesale-3-2.webp\" alt=\"Fancy Wholesale Candle Vessels, Tarros de Vela a Granel-1\" class=\"wp-image-3478\" srcset=\"https:\/\/jinhuaceramic.com\/wp-content\/uploads\/2024\/04\/ceramic-manufacturer-custom-canisters-bulk-candle-jars-wholesale-3-2.webp 692w, https:\/\/jinhuaceramic.com\/wp-content\/uploads\/2024\/04\/ceramic-manufacturer-custom-canisters-bulk-candle-jars-wholesale-3-2-300x300.webp 300w, https:\/\/jinhuaceramic.com\/wp-content\/uploads\/2024\/04\/ceramic-manufacturer-custom-canisters-bulk-candle-jars-wholesale-3-2-150x150.webp 150w, https:\/\/jinhuaceramic.com\/wp-content\/uploads\/2024\/04\/ceramic-manufacturer-custom-canisters-bulk-candle-jars-wholesale-3-2-285x285.webp 285w, https:\/\/jinhuaceramic.com\/wp-content\/uploads\/2024\/04\/ceramic-manufacturer-custom-canisters-bulk-candle-jars-wholesale-3-2-270x270.webp 270w, https:\/\/jinhuaceramic.com\/wp-content\/uploads\/2024\/04\/ceramic-manufacturer-custom-canisters-bulk-candle-jars-wholesale-3-2-540x540.webp 540w, https:\/\/jinhuaceramic.com\/wp-content\/uploads\/2024\/04\/ceramic-manufacturer-custom-canisters-bulk-candle-jars-wholesale-3-2-660x660.webp 660w\" sizes=\"(max-width: 692px) 100vw, 692px\" \/><\/figure>\n<\/div>\n<\/div>","protected":false},"excerpt":{"rendered":"<p>Bienvenido a comprar tarros para velas al por mayor. Nuestros exquisitos y elegantes recipientes de cer\u00e1mica para velas al por mayor tienen un dise\u00f1o exclusivo para hogares de lujo y ocasiones de alto nivel, y est\u00e1n disponibles en una gran variedad de tama\u00f1os y formas. Fabricados con materiales cer\u00e1micos de alta calidad, son duraderos y respetuosos con el medio ambiente, y admiten compras a gran escala y personalizaci\u00f3n, por lo que son ideales para uso comercial y decoraci\u00f3n del hogar.<\/p>","protected":false},"featured_media":3480,"comment_status":"closed","ping_status":"closed","template":"","meta":{"_acf_changed":false},"product_brand":[],"product_cat":[52],"product_tag":[66],"class_list":{"0":"post-3476","1":"product","2":"type-product","3":"status-publish","4":"has-post-thumbnail","6":"product_cat-wholesale-candle-containers","7":"product_tag-candle-jars-wholesale","9":"first","10":"instock","11":"shipping-taxable","12":"product-type-simple"},"acf":[],"_links":{"self":[{"href":"https:\/\/jinhuaceramic.com\/es\/wp-json\/wp\/v2\/product\/3476","targetHints":{"allow":["GET"]}}],"collection":[{"href":"https:\/\/jinhuaceramic.com\/es\/wp-json\/wp\/v2\/product"}],"about":[{"href":"https:\/\/jinhuaceramic.com\/es\/wp-json\/wp\/v2\/types\/product"}],"replies":[{"embeddable":true,"href":"https:\/\/jinhuaceramic.com\/es\/wp-json\/wp\/v2\/comments?post=3476"}],"version-history":[{"count":0,"href":"https:\/\/jinhuaceramic.com\/es\/wp-json\/wp\/v2\/product\/3476\/revisions"}],"wp:featuredmedia":[{"embeddable":true,"href":"https:\/\/jinhuaceramic.com\/es\/wp-json\/wp\/v2\/media\/3480"}],"wp:attachment":[{"href":"https:\/\/jinhuaceramic.com\/es\/wp-json\/wp\/v2\/media?parent=3476"}],"wp:term":[{"taxonomy":"product_brand","embeddable":true,"href":"https:\/\/jinhuaceramic.com\/es\/wp-json\/wp\/v2\/product_brand?post=3476"},{"taxonomy":"product_cat","embeddable":true,"href":"https:\/\/jinhuaceramic.com\/es\/wp-json\/wp\/v2\/product_cat?post=3476"},{"taxonomy":"product_tag","embeddable":true,"href":"https:\/\/jinhuaceramic.com\/es\/wp-json\/wp\/v2\/product_tag?post=3476"}],"curies":[{"name":"wp","href":"https:\/\/api.w.org\/{rel}","templated":true}]}}