{"id":3485,"date":"2024-04-11T08:07:38","date_gmt":"2024-04-11T08:07:38","guid":{"rendered":"https:\/\/jinhuaceramic.com\/?post_type=product&#038;p=3485"},"modified":"2025-04-21T02:43:26","modified_gmt":"2025-04-21T02:43:26","slug":"unique-wholesale-jars-for-candles","status":"publish","type":"product","link":"https:\/\/jinhuaceramic.com\/es\/product\/unique-wholesale-jars-for-candles\/","title":{"rendered":"Mayorista \u00danico Tarros Para Velas Forma Columnar Irregular Recipientes De Cer\u00e1mica Para Velas"},"content":{"rendered":"<div class=\"wp-block-columns is-layout-flex wp-container-core-columns-is-layout-9d6595d7 wp-block-columns-is-layout-flex\">\n<div class=\"wp-block-column is-layout-flow wp-block-column-is-layout-flow\" style=\"flex-basis:50%\">\n<h3 class=\"wp-block-heading\">Tarros al por mayor de primera calidad para velas Caracter\u00edsticas:<\/h3>\n\n\n\n<ul class=\"wp-block-list\">\n<li><strong>Dise\u00f1o irregular \u00fanico: <\/strong>Nuestros tarros al por mayor para velas adoptan una forma cil\u00edndrica irregular \u00fanica, que contrasta fuertemente con los tradicionales recipientes redondos o cuadrados, a\u00f1adiendo un estilo art\u00edstico y un atractivo visual \u00fanicos a la fabricaci\u00f3n de velas.<\/li>\n\n\n\n<li><strong>Materiales de alta calidad: <\/strong>Elegimos materiales de alta calidad para fabricar los tarros de cer\u00e1mica para velas al por mayor para garantizar la durabilidad y estabilidad del producto, permitiendo que sus velas ardan en un recipiente seguro.<\/li>\n\n\n\n<li><strong>Uso multifuncional: <\/strong>Estos tarros al por mayor de forma \u00fanica para velas no s\u00f3lo son adecuados para la fabricaci\u00f3n de velas, sino que tambi\u00e9n se pueden utilizar como jarrones, adornos o recipientes de almacenamiento para muchos fines, proporcionando m\u00e1s posibilidades para la decoraci\u00f3n de su hogar.<\/li>\n\n\n\n<li><strong>Servicio a medida: <\/strong>Ofrecemos servicios de contenedores de velas personalizados en cuanto a tama\u00f1o, color y dise\u00f1o seg\u00fan sus propias necesidades, y satisfacemos las necesidades especiales de diferentes clientes.<\/li>\n<\/ul>\n<\/div>\n\n\n\n<div class=\"wp-block-column is-layout-flow wp-block-column-is-layout-flow\" style=\"flex-basis:50%\"><div class=\"wp-block-image\">\n<figure class=\"aligncenter size-full\"><img fetchpriority=\"high\" decoding=\"async\" width=\"735\" height=\"735\" src=\"https:\/\/jinhuaceramic.com\/wp-content\/uploads\/2024\/04\/ceramic-manufacturer-custom-canisters-bulk-candle-jars-wholesale-candle-vessel-4-1.webp\" alt=\"fabricante-ceramica-tarros-a-medida-tarros-para-velas-al-mayor-\u00danicos-tarros-para-velas\" class=\"wp-image-3489\" srcset=\"https:\/\/jinhuaceramic.com\/wp-content\/uploads\/2024\/04\/ceramic-manufacturer-custom-canisters-bulk-candle-jars-wholesale-candle-vessel-4-1.webp 735w, https:\/\/jinhuaceramic.com\/wp-content\/uploads\/2024\/04\/ceramic-manufacturer-custom-canisters-bulk-candle-jars-wholesale-candle-vessel-4-1-300x300.webp 300w, https:\/\/jinhuaceramic.com\/wp-content\/uploads\/2024\/04\/ceramic-manufacturer-custom-canisters-bulk-candle-jars-wholesale-candle-vessel-4-1-150x150.webp 150w, https:\/\/jinhuaceramic.com\/wp-content\/uploads\/2024\/04\/ceramic-manufacturer-custom-canisters-bulk-candle-jars-wholesale-candle-vessel-4-1-285x285.webp 285w, https:\/\/jinhuaceramic.com\/wp-content\/uploads\/2024\/04\/ceramic-manufacturer-custom-canisters-bulk-candle-jars-wholesale-candle-vessel-4-1-270x270.webp 270w, https:\/\/jinhuaceramic.com\/wp-content\/uploads\/2024\/04\/ceramic-manufacturer-custom-canisters-bulk-candle-jars-wholesale-candle-vessel-4-1-540x540.webp 540w, https:\/\/jinhuaceramic.com\/wp-content\/uploads\/2024\/04\/ceramic-manufacturer-custom-canisters-bulk-candle-jars-wholesale-candle-vessel-4-1-660x660.webp 660w\" sizes=\"(max-width: 735px) 100vw, 735px\" \/><\/figure>\n<\/div><\/div>\n<\/div>","protected":false},"excerpt":{"rendered":"<p>Bienvenido a la compra al por mayor de tarros para velas. Nuestros tarros de cer\u00e1mica para velas al por mayor cuentan con formas cil\u00edndricas irregulares \u00fanicas, materiales de alta calidad, uso multifuncional y servicios de personalizaci\u00f3n personalizados, proporcionando a los clientes la elecci\u00f3n perfecta de recipientes para velas para ayudarles a crear productos de velas \u00fanicos.<\/p>","protected":false},"featured_media":3489,"comment_status":"closed","ping_status":"closed","template":"","meta":{"_acf_changed":false},"product_brand":[],"product_cat":[52],"product_tag":[66],"class_list":{"0":"post-3485","1":"product","2":"type-product","3":"status-publish","4":"has-post-thumbnail","6":"product_cat-wholesale-candle-containers","7":"product_tag-candle-jars-wholesale","9":"first","10":"instock","11":"shipping-taxable","12":"product-type-simple"},"acf":[],"_links":{"self":[{"href":"https:\/\/jinhuaceramic.com\/es\/wp-json\/wp\/v2\/product\/3485","targetHints":{"allow":["GET"]}}],"collection":[{"href":"https:\/\/jinhuaceramic.com\/es\/wp-json\/wp\/v2\/product"}],"about":[{"href":"https:\/\/jinhuaceramic.com\/es\/wp-json\/wp\/v2\/types\/product"}],"replies":[{"embeddable":true,"href":"https:\/\/jinhuaceramic.com\/es\/wp-json\/wp\/v2\/comments?post=3485"}],"version-history":[{"count":0,"href":"https:\/\/jinhuaceramic.com\/es\/wp-json\/wp\/v2\/product\/3485\/revisions"}],"wp:featuredmedia":[{"embeddable":true,"href":"https:\/\/jinhuaceramic.com\/es\/wp-json\/wp\/v2\/media\/3489"}],"wp:attachment":[{"href":"https:\/\/jinhuaceramic.com\/es\/wp-json\/wp\/v2\/media?parent=3485"}],"wp:term":[{"taxonomy":"product_brand","embeddable":true,"href":"https:\/\/jinhuaceramic.com\/es\/wp-json\/wp\/v2\/product_brand?post=3485"},{"taxonomy":"product_cat","embeddable":true,"href":"https:\/\/jinhuaceramic.com\/es\/wp-json\/wp\/v2\/product_cat?post=3485"},{"taxonomy":"product_tag","embeddable":true,"href":"https:\/\/jinhuaceramic.com\/es\/wp-json\/wp\/v2\/product_tag?post=3485"}],"curies":[{"name":"wp","href":"https:\/\/api.w.org\/{rel}","templated":true}]}}