{"id":3494,"date":"2024-04-11T08:21:44","date_gmt":"2024-04-11T08:21:44","guid":{"rendered":"https:\/\/jinhuaceramic.com\/?post_type=product&#038;p=3494"},"modified":"2025-04-21T02:46:44","modified_gmt":"2025-04-21T02:46:44","slug":"wholesale-ceramic-candles-jars-with-lids","status":"publish","type":"product","link":"https:\/\/jinhuaceramic.com\/es\/product\/wholesale-ceramic-candles-jars-with-lids\/","title":{"rendered":"Mayorista Tarros de Cer\u00e1mica para Velas con Tapa Recipientes para Velas con Forma de Calabaza"},"content":{"rendered":"<div class=\"wp-block-columns is-layout-flex wp-container-core-columns-is-layout-9d6595d7 wp-block-columns-is-layout-flex\">\n<div class=\"wp-block-column is-layout-flow wp-block-column-is-layout-flow\" style=\"flex-basis:50%\">\n<h3 class=\"wp-block-heading\">Tarros con tapa para velas Premium Caracter\u00edsticas:<\/h3>\n\n\n\n<ol class=\"wp-block-list\">\n<li>Dise\u00f1o \u00fanico: Nuestros tarros de velas de cer\u00e1mica con tapa cuentan con un dise\u00f1o \u00fanico, que es \u00fanico y encantador, a\u00f1adiendo un ambiente divertido y festivo a la fabricaci\u00f3n de velas.<\/li>\n\n\n\n<li>Materiales cer\u00e1micos de alta calidad: Utilizamos materiales cer\u00e1micos de alta calidad para fabricar los tarros de velas para garantizar la durabilidad y estabilidad del producto, permitiendo que tus velas ardan en un recipiente seguro.<\/li>\n\n\n\n<li>Dise\u00f1o pr\u00e1ctico con tapa: Cada tarro de vela est\u00e1 equipado con una tapa, que puede proteger eficazmente la vela del polvo y los residuos, al tiempo que ampl\u00eda el tiempo de almacenamiento de la vela, lo que permite que su vela se queme por m\u00e1s tiempo.<\/li>\n\n\n\n<li>Uso multifuncional: Estos tarros de cer\u00e1mica con forma de calabaza para velas con tapa no s\u00f3lo son adecuados para hacer velas, sino que tambi\u00e9n se pueden utilizar como decoraci\u00f3n, tarros de almacenamiento o cajas de regalo para muchos prop\u00f3sitos, a\u00f1adiendo un encanto \u00fanico a la decoraci\u00f3n de su hogar.<\/li>\n<\/ol>\n<\/div>\n\n\n\n<div class=\"wp-block-column is-layout-flow wp-block-column-is-layout-flow\" style=\"flex-basis:50%\"><div class=\"wp-block-image\">\n<figure class=\"aligncenter size-full\"><img fetchpriority=\"high\" decoding=\"async\" width=\"790\" height=\"790\" src=\"https:\/\/jinhuaceramic.com\/wp-content\/uploads\/2024\/04\/ceramic-manufacturer-custom-canisters-bulk-candle-jars-wholesale-pumpkin-candle-jar-6.webp\" alt=\"fabricante-de-ceramica-tarros-a-medida-tarros-de-velas-al-mayor-tarros-de-velas-de-calabaza-con-tapa\" class=\"wp-image-3500\" srcset=\"https:\/\/jinhuaceramic.com\/wp-content\/uploads\/2024\/04\/ceramic-manufacturer-custom-canisters-bulk-candle-jars-wholesale-pumpkin-candle-jar-6.webp 790w, https:\/\/jinhuaceramic.com\/wp-content\/uploads\/2024\/04\/ceramic-manufacturer-custom-canisters-bulk-candle-jars-wholesale-pumpkin-candle-jar-6-300x300.webp 300w, https:\/\/jinhuaceramic.com\/wp-content\/uploads\/2024\/04\/ceramic-manufacturer-custom-canisters-bulk-candle-jars-wholesale-pumpkin-candle-jar-6-150x150.webp 150w, https:\/\/jinhuaceramic.com\/wp-content\/uploads\/2024\/04\/ceramic-manufacturer-custom-canisters-bulk-candle-jars-wholesale-pumpkin-candle-jar-6-768x768.webp 768w, https:\/\/jinhuaceramic.com\/wp-content\/uploads\/2024\/04\/ceramic-manufacturer-custom-canisters-bulk-candle-jars-wholesale-pumpkin-candle-jar-6-285x285.webp 285w, https:\/\/jinhuaceramic.com\/wp-content\/uploads\/2024\/04\/ceramic-manufacturer-custom-canisters-bulk-candle-jars-wholesale-pumpkin-candle-jar-6-270x270.webp 270w, https:\/\/jinhuaceramic.com\/wp-content\/uploads\/2024\/04\/ceramic-manufacturer-custom-canisters-bulk-candle-jars-wholesale-pumpkin-candle-jar-6-540x540.webp 540w, https:\/\/jinhuaceramic.com\/wp-content\/uploads\/2024\/04\/ceramic-manufacturer-custom-canisters-bulk-candle-jars-wholesale-pumpkin-candle-jar-6-660x660.webp 660w\" sizes=\"(max-width: 790px) 100vw, 790px\" \/><\/figure>\n<\/div><\/div>\n<\/div>","protected":false},"excerpt":{"rendered":"<p>Bienvenido a la compra a granel o a la personalizaci\u00f3n de tarros de cer\u00e1mica para velas con tapa. Nuestros tarros de vela de cer\u00e1mica con tapa en forma de calabaza son populares por su dise\u00f1o \u00fanico, materiales de alta calidad, dise\u00f1o pr\u00e1ctico de la tapa, y el uso de usos m\u00faltiples, con lo que los clientes la elecci\u00f3n contenedor de vela perfecta.<\/p>","protected":false},"featured_media":3496,"comment_status":"closed","ping_status":"closed","template":"","meta":{"_acf_changed":false},"product_brand":[],"product_cat":[52],"product_tag":[67,66],"class_list":{"0":"post-3494","1":"product","2":"type-product","3":"status-publish","4":"has-post-thumbnail","6":"product_cat-wholesale-candle-containers","7":"product_tag-bulk-candle-jars-with-lids","8":"product_tag-candle-jars-wholesale","10":"first","11":"instock","12":"shipping-taxable","13":"product-type-simple"},"acf":[],"_links":{"self":[{"href":"https:\/\/jinhuaceramic.com\/es\/wp-json\/wp\/v2\/product\/3494","targetHints":{"allow":["GET"]}}],"collection":[{"href":"https:\/\/jinhuaceramic.com\/es\/wp-json\/wp\/v2\/product"}],"about":[{"href":"https:\/\/jinhuaceramic.com\/es\/wp-json\/wp\/v2\/types\/product"}],"replies":[{"embeddable":true,"href":"https:\/\/jinhuaceramic.com\/es\/wp-json\/wp\/v2\/comments?post=3494"}],"version-history":[{"count":0,"href":"https:\/\/jinhuaceramic.com\/es\/wp-json\/wp\/v2\/product\/3494\/revisions"}],"wp:featuredmedia":[{"embeddable":true,"href":"https:\/\/jinhuaceramic.com\/es\/wp-json\/wp\/v2\/media\/3496"}],"wp:attachment":[{"href":"https:\/\/jinhuaceramic.com\/es\/wp-json\/wp\/v2\/media?parent=3494"}],"wp:term":[{"taxonomy":"product_brand","embeddable":true,"href":"https:\/\/jinhuaceramic.com\/es\/wp-json\/wp\/v2\/product_brand?post=3494"},{"taxonomy":"product_cat","embeddable":true,"href":"https:\/\/jinhuaceramic.com\/es\/wp-json\/wp\/v2\/product_cat?post=3494"},{"taxonomy":"product_tag","embeddable":true,"href":"https:\/\/jinhuaceramic.com\/es\/wp-json\/wp\/v2\/product_tag?post=3494"}],"curies":[{"name":"wp","href":"https:\/\/api.w.org\/{rel}","templated":true}]}}