{"id":3503,"date":"2024-04-11T08:32:36","date_gmt":"2024-04-11T08:32:36","guid":{"rendered":"https:\/\/jinhuaceramic.com\/?post_type=product&#038;p=3503"},"modified":"2025-04-21T02:47:23","modified_gmt":"2025-04-21T02:47:23","slug":"exquisite-candle-containers-wholesale","status":"publish","type":"product","link":"https:\/\/jinhuaceramic.com\/es\/product\/exquisite-candle-containers-wholesale\/","title":{"rendered":"Recipientes de lujo para velas al por mayor, exquisitos tarros vac\u00edos para velas al por mayor"},"content":{"rendered":"<div class=\"wp-block-columns is-layout-flex wp-container-core-columns-is-layout-9d6595d7 wp-block-columns-is-layout-flex\">\n<div class=\"wp-block-column is-layout-flow wp-block-column-is-layout-flow\" style=\"flex-basis:50%\">\n<h3 class=\"wp-block-heading\">Premium Candle Containers Wholesale Caracter\u00edsticas:<\/h3>\n\n\n\n<ul class=\"wp-block-list\">\n<li><strong>Exquisita artesan\u00eda cer\u00e1mica:<\/strong> Los materiales cer\u00e1micos de alta calidad utilizados en nuestros recipientes para velas al por mayor se combinan con una exquisita artesan\u00eda para garantizar una superficie suave y delicada, de textura resistente y duradera, y adecuada para contener velas perfumadas.<\/li>\n\n\n\n<li><strong>Estilo de dise\u00f1o elegante: <\/strong>La naturaleza y el dise\u00f1o est\u00e9tico moderno con forma y patr\u00f3n \u00fanicos a\u00f1adir\u00e1n elegancia y arte a su hogar o espacio de oficina con nuestros tarros de velas vac\u00edos a granel.<\/li>\n\n\n\n<li><strong>Amplia aplicabilidad:<\/strong> Nuestros recipientes para velas al por mayor son adecuados para todo tipo de fabricaci\u00f3n de velas, tanto si se trata de cera vegetal natural como de cera sint\u00e9tica, pueden integrarse perfectamente con ella para liberar una fragancia duradera y pura.<\/li>\n\n\n\n<li><strong>Descuento por compra al por mayor: <\/strong>Como fabricante profesional de tarros de velas, Jinhua ofrece tarros de velas vac\u00edos a granel altamente competitivos para satisfacer las necesidades del comercio minorista, el mercado de regalos y los fabricantes de velas.<\/li>\n<\/ul>\n<\/div>\n\n\n\n<div class=\"wp-block-column is-layout-flow wp-block-column-is-layout-flow\" style=\"flex-basis:50%\"><div class=\"wp-block-image\">\n<figure class=\"aligncenter size-full\"><img fetchpriority=\"high\" decoding=\"async\" width=\"661\" height=\"661\" src=\"https:\/\/jinhuaceramic.com\/wp-content\/uploads\/2024\/04\/ceramic-manufacturer-custom-canisters-bulk-candle-jars-wholesale-4-5.webp\" alt=\"Recipientes de lujo para velas al por mayor, exquisitos tarros vac\u00edos para velas Bulk-1\" class=\"wp-image-3507\" srcset=\"https:\/\/jinhuaceramic.com\/wp-content\/uploads\/2024\/04\/ceramic-manufacturer-custom-canisters-bulk-candle-jars-wholesale-4-5.webp 661w, https:\/\/jinhuaceramic.com\/wp-content\/uploads\/2024\/04\/ceramic-manufacturer-custom-canisters-bulk-candle-jars-wholesale-4-5-300x300.webp 300w, https:\/\/jinhuaceramic.com\/wp-content\/uploads\/2024\/04\/ceramic-manufacturer-custom-canisters-bulk-candle-jars-wholesale-4-5-150x150.webp 150w, https:\/\/jinhuaceramic.com\/wp-content\/uploads\/2024\/04\/ceramic-manufacturer-custom-canisters-bulk-candle-jars-wholesale-4-5-285x285.webp 285w, https:\/\/jinhuaceramic.com\/wp-content\/uploads\/2024\/04\/ceramic-manufacturer-custom-canisters-bulk-candle-jars-wholesale-4-5-270x270.webp 270w, https:\/\/jinhuaceramic.com\/wp-content\/uploads\/2024\/04\/ceramic-manufacturer-custom-canisters-bulk-candle-jars-wholesale-4-5-540x540.webp 540w\" sizes=\"(max-width: 661px) 100vw, 661px\" \/><\/figure>\n<\/div><\/div>\n<\/div>","protected":false},"excerpt":{"rendered":"<p>Bienvenido a comprar tarros de velas vac\u00edos al por mayor. Nuestros exquisitos recipientes para velas al por mayor combinan una artesan\u00eda exquisita y un dise\u00f1o elegante, que puede coordinarse con diversas decoraciones interiores. Fabricados con materiales cer\u00e1micos de alta calidad, son duraderos y pueden transportar velas de forma segura. Nos comprometemos a ofrecer a nuestros socios comerciales las opciones m\u00e1s rentables.<\/p>","protected":false},"featured_media":3504,"comment_status":"closed","ping_status":"closed","template":"","meta":{"_acf_changed":false},"product_brand":[],"product_cat":[52],"product_tag":[66],"class_list":{"0":"post-3503","1":"product","2":"type-product","3":"status-publish","4":"has-post-thumbnail","6":"product_cat-wholesale-candle-containers","7":"product_tag-candle-jars-wholesale","9":"first","10":"instock","11":"shipping-taxable","12":"product-type-simple"},"acf":[],"_links":{"self":[{"href":"https:\/\/jinhuaceramic.com\/es\/wp-json\/wp\/v2\/product\/3503","targetHints":{"allow":["GET"]}}],"collection":[{"href":"https:\/\/jinhuaceramic.com\/es\/wp-json\/wp\/v2\/product"}],"about":[{"href":"https:\/\/jinhuaceramic.com\/es\/wp-json\/wp\/v2\/types\/product"}],"replies":[{"embeddable":true,"href":"https:\/\/jinhuaceramic.com\/es\/wp-json\/wp\/v2\/comments?post=3503"}],"version-history":[{"count":0,"href":"https:\/\/jinhuaceramic.com\/es\/wp-json\/wp\/v2\/product\/3503\/revisions"}],"wp:featuredmedia":[{"embeddable":true,"href":"https:\/\/jinhuaceramic.com\/es\/wp-json\/wp\/v2\/media\/3504"}],"wp:attachment":[{"href":"https:\/\/jinhuaceramic.com\/es\/wp-json\/wp\/v2\/media?parent=3503"}],"wp:term":[{"taxonomy":"product_brand","embeddable":true,"href":"https:\/\/jinhuaceramic.com\/es\/wp-json\/wp\/v2\/product_brand?post=3503"},{"taxonomy":"product_cat","embeddable":true,"href":"https:\/\/jinhuaceramic.com\/es\/wp-json\/wp\/v2\/product_cat?post=3503"},{"taxonomy":"product_tag","embeddable":true,"href":"https:\/\/jinhuaceramic.com\/es\/wp-json\/wp\/v2\/product_tag?post=3503"}],"curies":[{"name":"wp","href":"https:\/\/api.w.org\/{rel}","templated":true}]}}