{"id":3512,"date":"2024-04-11T08:48:47","date_gmt":"2024-04-11T08:48:47","guid":{"rendered":"https:\/\/jinhuaceramic.com\/?post_type=product&#038;p=3512"},"modified":"2025-04-21T02:51:30","modified_gmt":"2025-04-21T02:51:30","slug":"factory-supply-bulk-ramekins","status":"publish","type":"product","link":"https:\/\/jinhuaceramic.com\/es\/product\/factory-supply-bulk-ramekins\/","title":{"rendered":"Suministro de f\u00e1brica a granel Ramekins con hermoso dise\u00f1o para postres peque\u00f1os"},"content":{"rendered":"<div class=\"wp-block-columns is-layout-flex wp-container-core-columns-is-layout-9d6595d7 wp-block-columns-is-layout-flex\">\n<div class=\"wp-block-column is-layout-flow wp-block-column-is-layout-flow\" style=\"flex-basis:50%\">\n<h3 class=\"wp-block-heading\">Caracter\u00edsticas:<\/h3>\n\n\n\n<ul class=\"wp-block-list\">\n<li><strong>Bonito dise\u00f1o:<\/strong> Estas cazuelas a granel adoptan un dise\u00f1o elegante y moderno, cada cazuela es una peque\u00f1a obra de arte, no s\u00f3lo apta para hornear, sino tambi\u00e9n un elemento destacado en la mesa de comedor.<\/li>\n\n\n\n<li><strong>Material duradero: <\/strong>Nuestros ramequines al por mayor est\u00e1n fabricados con materiales cer\u00e1micos de alta calidad, resistentes a las altas temperaturas, no se rompen con facilidad, son f\u00e1ciles de limpiar, aptos para un uso repetido e ideales para cocinas comerciales y reposter\u00eda casera.<\/li>\n\n\n\n<li><strong>Amplia gama de aplicaciones: <\/strong>Estos moldes a granel son adecuados para preparar una gran variedad de postres en porciones peque\u00f1as, como magdalenas, pudines, gelatinas y peque\u00f1os platos horneados, satisfaciendo diversas necesidades culinarias.<\/li>\n\n\n\n<li><strong>Suministro directo de f\u00e1brica: <\/strong>Nuestros utensilios de cer\u00e1mica para hornear a granel se suministran directamente a granel desde f\u00e1brica, lo que le garantiza la mejor relaci\u00f3n coste-eficacia al tiempo que disfruta de un control de calidad estable y un plazo de entrega r\u00e1pido.<\/li>\n<\/ul>\n<\/div>\n\n\n\n<div class=\"wp-block-column is-layout-flow wp-block-column-is-layout-flow\" style=\"flex-basis:50%\">\n<figure class=\"wp-block-image size-full\"><img fetchpriority=\"high\" decoding=\"async\" width=\"800\" height=\"800\" src=\"https:\/\/jinhuaceramic.com\/wp-content\/uploads\/2024\/04\/ceramic-manufacturer-wholesale-bakeware-custom-baking-cups-baking-ramekin-2.webp\" alt=\"ceramista-fabricante-fabricante-suministro-a-granel-ramequines-con-bello-dise\u00f1o\" class=\"wp-image-3515\" srcset=\"https:\/\/jinhuaceramic.com\/wp-content\/uploads\/2024\/04\/ceramic-manufacturer-wholesale-bakeware-custom-baking-cups-baking-ramekin-2.webp 800w, https:\/\/jinhuaceramic.com\/wp-content\/uploads\/2024\/04\/ceramic-manufacturer-wholesale-bakeware-custom-baking-cups-baking-ramekin-2-300x300.webp 300w, https:\/\/jinhuaceramic.com\/wp-content\/uploads\/2024\/04\/ceramic-manufacturer-wholesale-bakeware-custom-baking-cups-baking-ramekin-2-150x150.webp 150w, https:\/\/jinhuaceramic.com\/wp-content\/uploads\/2024\/04\/ceramic-manufacturer-wholesale-bakeware-custom-baking-cups-baking-ramekin-2-768x768.webp 768w, https:\/\/jinhuaceramic.com\/wp-content\/uploads\/2024\/04\/ceramic-manufacturer-wholesale-bakeware-custom-baking-cups-baking-ramekin-2-285x285.webp 285w, https:\/\/jinhuaceramic.com\/wp-content\/uploads\/2024\/04\/ceramic-manufacturer-wholesale-bakeware-custom-baking-cups-baking-ramekin-2-270x270.webp 270w, https:\/\/jinhuaceramic.com\/wp-content\/uploads\/2024\/04\/ceramic-manufacturer-wholesale-bakeware-custom-baking-cups-baking-ramekin-2-540x540.webp 540w, https:\/\/jinhuaceramic.com\/wp-content\/uploads\/2024\/04\/ceramic-manufacturer-wholesale-bakeware-custom-baking-cups-baking-ramekin-2-660x660.webp 660w\" sizes=\"(max-width: 800px) 100vw, 800px\" \/><\/figure>\n<\/div>\n<\/div>","protected":false},"excerpt":{"rendered":"<p>Estos moldes a granel son adecuados para preparar una gran variedad de postres en porciones peque\u00f1as. El duradero material cer\u00e1mico seleccionado tiene buena resistencia al calor y a los golpes, es f\u00e1cil de limpiar y resulta muy adecuado para el uso de alta frecuencia en cocinas comerciales y en la reposter\u00eda casera.<\/p>","protected":false},"featured_media":3515,"comment_status":"closed","ping_status":"closed","template":"","meta":{"_acf_changed":false},"product_brand":[],"product_cat":[53],"product_tag":[69],"class_list":{"0":"post-3512","1":"product","2":"type-product","3":"status-publish","4":"has-post-thumbnail","6":"product_cat-bakeware-in-bulk","7":"product_tag-bulk-ramekins","9":"first","10":"instock","11":"shipping-taxable","12":"product-type-simple"},"acf":[],"_links":{"self":[{"href":"https:\/\/jinhuaceramic.com\/es\/wp-json\/wp\/v2\/product\/3512","targetHints":{"allow":["GET"]}}],"collection":[{"href":"https:\/\/jinhuaceramic.com\/es\/wp-json\/wp\/v2\/product"}],"about":[{"href":"https:\/\/jinhuaceramic.com\/es\/wp-json\/wp\/v2\/types\/product"}],"replies":[{"embeddable":true,"href":"https:\/\/jinhuaceramic.com\/es\/wp-json\/wp\/v2\/comments?post=3512"}],"version-history":[{"count":0,"href":"https:\/\/jinhuaceramic.com\/es\/wp-json\/wp\/v2\/product\/3512\/revisions"}],"wp:featuredmedia":[{"embeddable":true,"href":"https:\/\/jinhuaceramic.com\/es\/wp-json\/wp\/v2\/media\/3515"}],"wp:attachment":[{"href":"https:\/\/jinhuaceramic.com\/es\/wp-json\/wp\/v2\/media?parent=3512"}],"wp:term":[{"taxonomy":"product_brand","embeddable":true,"href":"https:\/\/jinhuaceramic.com\/es\/wp-json\/wp\/v2\/product_brand?post=3512"},{"taxonomy":"product_cat","embeddable":true,"href":"https:\/\/jinhuaceramic.com\/es\/wp-json\/wp\/v2\/product_cat?post=3512"},{"taxonomy":"product_tag","embeddable":true,"href":"https:\/\/jinhuaceramic.com\/es\/wp-json\/wp\/v2\/product_tag?post=3512"}],"curies":[{"name":"wp","href":"https:\/\/api.w.org\/{rel}","templated":true}]}}