{"id":3521,"date":"2024-04-11T09:10:45","date_gmt":"2024-04-11T09:10:45","guid":{"rendered":"https:\/\/jinhuaceramic.com\/?post_type=product&#038;p=3521"},"modified":"2025-04-21T02:52:23","modified_gmt":"2025-04-21T02:52:23","slug":"small-baking-dishes-wholesale","status":"publish","type":"product","link":"https:\/\/jinhuaceramic.com\/es\/product\/small-baking-dishes-wholesale\/","title":{"rendered":"Platos Peque\u00f1os de Cer\u00e1mica al por mayor Ramekins"},"content":{"rendered":"<div class=\"wp-block-columns is-layout-flex wp-container-core-columns-is-layout-9d6595d7 wp-block-columns-is-layout-flex\">\n<div class=\"wp-block-column is-layout-flow wp-block-column-is-layout-flow\" style=\"flex-basis:50%\">\n<h3 class=\"wp-block-heading\">Platos para hornear de primera calidad al por mayor Caracter\u00edsticas:<\/h3>\n\n\n\n<ol class=\"wp-block-list\">\n<li>Personalizaci\u00f3n a medida: Ofrecemos servicios de personalizaci\u00f3n para platos de hornear al por mayor. Los clientes pueden elegir el tama\u00f1o, color, forma y patr\u00f3n de acuerdo a sus propias necesidades para crear un plato de cer\u00e1mica para hornear peque\u00f1a \u00fanica.<\/li>\n\n\n\n<li>Material de alta calidad: Hecho de material cer\u00e1mico de alta calidad, nuestros platos de cer\u00e1mica para hornear al por mayor garantizan resistencia a altas temperaturas, durabilidad y seguridad alimentaria, permitiendo que los peque\u00f1os platos de cer\u00e1mica para hornear se cocinen de forma segura.<\/li>\n\n\n\n<li>Uso vers\u00e1til: Nuestros platos para hornear peque\u00f1os al por mayor al por mayor no solo son adecuados para hornear postres, sino que tambi\u00e9n se pueden utilizar para hacer peque\u00f1os productos horneados, guarniciones, mermeladas y m\u00e1s para satisfacer una variedad de necesidades.<\/li>\n\n\n\n<li>Descuentos al por mayor: Como mayorista, ofrecemos precios competitivos al por mayor para aportar mayores m\u00e1rgenes de beneficio al negocio de nuestros clientes.<\/li>\n<\/ol>\n<\/div>\n\n\n\n<div class=\"wp-block-column is-layout-flow wp-block-column-is-layout-flow\" style=\"flex-basis:50%\">\n<figure class=\"wp-block-image size-full\"><img fetchpriority=\"high\" decoding=\"async\" width=\"1122\" height=\"1122\" src=\"https:\/\/jinhuaceramic.com\/wp-content\/uploads\/2024\/04\/ceramic-manufacturer-wholesale-bakeware-custom-baking-dish-baking-ramekins-2.webp\" alt=\"Platos peque\u00f1os de cer\u00e1mica para hornear a medida - Mayoristas - Ramekins\" class=\"wp-image-3525\" srcset=\"https:\/\/jinhuaceramic.com\/wp-content\/uploads\/2024\/04\/ceramic-manufacturer-wholesale-bakeware-custom-baking-dish-baking-ramekins-2.webp 1122w, https:\/\/jinhuaceramic.com\/wp-content\/uploads\/2024\/04\/ceramic-manufacturer-wholesale-bakeware-custom-baking-dish-baking-ramekins-2-300x300.webp 300w, https:\/\/jinhuaceramic.com\/wp-content\/uploads\/2024\/04\/ceramic-manufacturer-wholesale-bakeware-custom-baking-dish-baking-ramekins-2-150x150.webp 150w, https:\/\/jinhuaceramic.com\/wp-content\/uploads\/2024\/04\/ceramic-manufacturer-wholesale-bakeware-custom-baking-dish-baking-ramekins-2-768x768.webp 768w, https:\/\/jinhuaceramic.com\/wp-content\/uploads\/2024\/04\/ceramic-manufacturer-wholesale-bakeware-custom-baking-dish-baking-ramekins-2-285x285.webp 285w, https:\/\/jinhuaceramic.com\/wp-content\/uploads\/2024\/04\/ceramic-manufacturer-wholesale-bakeware-custom-baking-dish-baking-ramekins-2-270x270.webp 270w, https:\/\/jinhuaceramic.com\/wp-content\/uploads\/2024\/04\/ceramic-manufacturer-wholesale-bakeware-custom-baking-dish-baking-ramekins-2-540x540.webp 540w, https:\/\/jinhuaceramic.com\/wp-content\/uploads\/2024\/04\/ceramic-manufacturer-wholesale-bakeware-custom-baking-dish-baking-ramekins-2-660x660.webp 660w\" sizes=\"(max-width: 1122px) 100vw, 1122px\" \/><\/figure>\n<\/div>\n<\/div>","protected":false},"excerpt":{"rendered":"<p>Vendemos al por mayor y al por mayor platos de cer\u00e1mica para hornear. Nuestros peque\u00f1os platos para hornear al por mayor se pueden personalizar, utilizar materiales de alta calidad, y tienen usos m\u00faltiples y descuentos al por mayor, proporcionando a los clientes la soluci\u00f3n perfecta para hornear para ayudarles a darse cuenta de su creatividad para hornear y el \u00e9xito empresarial.<\/p>","protected":false},"featured_media":3525,"comment_status":"closed","ping_status":"closed","template":"","meta":{"_acf_changed":false},"product_brand":[],"product_cat":[53],"product_tag":[69],"class_list":{"0":"post-3521","1":"product","2":"type-product","3":"status-publish","4":"has-post-thumbnail","6":"product_cat-bakeware-in-bulk","7":"product_tag-bulk-ramekins","9":"first","10":"instock","11":"shipping-taxable","12":"product-type-simple"},"acf":[],"_links":{"self":[{"href":"https:\/\/jinhuaceramic.com\/es\/wp-json\/wp\/v2\/product\/3521","targetHints":{"allow":["GET"]}}],"collection":[{"href":"https:\/\/jinhuaceramic.com\/es\/wp-json\/wp\/v2\/product"}],"about":[{"href":"https:\/\/jinhuaceramic.com\/es\/wp-json\/wp\/v2\/types\/product"}],"replies":[{"embeddable":true,"href":"https:\/\/jinhuaceramic.com\/es\/wp-json\/wp\/v2\/comments?post=3521"}],"version-history":[{"count":0,"href":"https:\/\/jinhuaceramic.com\/es\/wp-json\/wp\/v2\/product\/3521\/revisions"}],"wp:featuredmedia":[{"embeddable":true,"href":"https:\/\/jinhuaceramic.com\/es\/wp-json\/wp\/v2\/media\/3525"}],"wp:attachment":[{"href":"https:\/\/jinhuaceramic.com\/es\/wp-json\/wp\/v2\/media?parent=3521"}],"wp:term":[{"taxonomy":"product_brand","embeddable":true,"href":"https:\/\/jinhuaceramic.com\/es\/wp-json\/wp\/v2\/product_brand?post=3521"},{"taxonomy":"product_cat","embeddable":true,"href":"https:\/\/jinhuaceramic.com\/es\/wp-json\/wp\/v2\/product_cat?post=3521"},{"taxonomy":"product_tag","embeddable":true,"href":"https:\/\/jinhuaceramic.com\/es\/wp-json\/wp\/v2\/product_tag?post=3521"}],"curies":[{"name":"wp","href":"https:\/\/api.w.org\/{rel}","templated":true}]}}