{"id":3530,"date":"2024-04-11T09:40:09","date_gmt":"2024-04-11T09:40:09","guid":{"rendered":"https:\/\/jinhuaceramic.com\/?post_type=product&#038;p=3530"},"modified":"2025-04-21T02:53:25","modified_gmt":"2025-04-21T02:53:25","slug":"factory-direct-ceramic-baking-pan","status":"publish","type":"product","link":"https:\/\/jinhuaceramic.com\/es\/product\/factory-direct-ceramic-baking-pan\/","title":{"rendered":"Mayorista de moldes de ceramica al por mayor, moldes de ceramica al por mayor"},"content":{"rendered":"<div class=\"wp-block-columns is-layout-flex wp-container-core-columns-is-layout-9d6595d7 wp-block-columns-is-layout-flex\">\n<div class=\"wp-block-column is-layout-flow wp-block-column-is-layout-flow\" style=\"flex-basis:50%\">\n<h3 class=\"wp-block-heading\">Sartenes de cer\u00e1mica al por mayor Caracter\u00edsticas:<\/h3>\n\n\n\n<ul class=\"wp-block-list\">\n<li><strong>Dise\u00f1o vibrante: <\/strong>Estos moldes de cer\u00e1mica para hornear al por mayor son de color amarillo brillante con dibujos en blanco. Los tonos brillantes a\u00f1aden vitalidad y diversi\u00f3n a la cocina y la mesa de comedor. Es la elecci\u00f3n perfecta para cocinar en casa y para fiestas. Es a la vez bonito y pr\u00e1ctico.<\/li>\n\n\n\n<li><strong>Polivalente: <\/strong>Molde de uso general para hornear desde pasteles y postres hasta verduras y asados de carne, este molde a medida lo har\u00e1 f\u00e1cilmente. Permite a los usuarios preparar un sinf\u00edn de delicias alimenticias ricas en variedad, aptas para cocinas dom\u00e9sticas y comerciales.<\/li>\n\n\n\n<li><strong>Material resistente a altas temperaturas: <\/strong>nuestras bandejas de cer\u00e1mica de alta calidad para hornear al por mayor est\u00e1n fabricadas con un excelente material resistente a las altas temperaturas, que garantiza un calentamiento uniforme en el microondas y el horno para ayudar a que los alimentos mantengan un sabor y una textura perfectos mientras se hornean.<\/li>\n\n\n\n<li><strong>Apoyo a la personalizaci\u00f3n para satisfacer necesidades personalizadas: <\/strong>Adem\u00e1s de su brillante dise\u00f1o, estos utensilios de reposter\u00eda a medida permiten a los clientes personalizarlos: elegir diferentes tama\u00f1os seg\u00fan sus necesidades o seleccionar dise\u00f1os de patrones para crear utensilios de reposter\u00eda \u00fanicos, elevando el estilo personalizado tanto de las marcas como de las cocinas dom\u00e9sticas.<\/li>\n<\/ul>\n<\/div>\n\n\n\n<div class=\"wp-block-column is-layout-flow wp-block-column-is-layout-flow\" style=\"flex-basis:50%\">\n<figure class=\"wp-block-image size-full\"><img fetchpriority=\"high\" decoding=\"async\" width=\"750\" height=\"750\" src=\"https:\/\/jinhuaceramic.com\/wp-content\/uploads\/2024\/04\/ceramic-manufacturer-wholesale-bakeware-custom-baking-dish-5.webp\" alt=\"Mayorista de moldes de cer\u00e1mica al por mayor, moldes a medida-1\" class=\"wp-image-3535\" srcset=\"https:\/\/jinhuaceramic.com\/wp-content\/uploads\/2024\/04\/ceramic-manufacturer-wholesale-bakeware-custom-baking-dish-5.webp 750w, https:\/\/jinhuaceramic.com\/wp-content\/uploads\/2024\/04\/ceramic-manufacturer-wholesale-bakeware-custom-baking-dish-5-300x300.webp 300w, https:\/\/jinhuaceramic.com\/wp-content\/uploads\/2024\/04\/ceramic-manufacturer-wholesale-bakeware-custom-baking-dish-5-150x150.webp 150w, https:\/\/jinhuaceramic.com\/wp-content\/uploads\/2024\/04\/ceramic-manufacturer-wholesale-bakeware-custom-baking-dish-5-285x285.webp 285w, https:\/\/jinhuaceramic.com\/wp-content\/uploads\/2024\/04\/ceramic-manufacturer-wholesale-bakeware-custom-baking-dish-5-270x270.webp 270w, https:\/\/jinhuaceramic.com\/wp-content\/uploads\/2024\/04\/ceramic-manufacturer-wholesale-bakeware-custom-baking-dish-5-540x540.webp 540w, https:\/\/jinhuaceramic.com\/wp-content\/uploads\/2024\/04\/ceramic-manufacturer-wholesale-bakeware-custom-baking-dish-5-660x660.webp 660w\" sizes=\"(max-width: 750px) 100vw, 750px\" \/><\/figure>\n<\/div>\n<\/div>\n\n\n\n<p><\/p>","protected":false},"excerpt":{"rendered":"<p>Bienvenido a comprar utensilios de reposter\u00eda a medida. Estas bandejas de cer\u00e1mica para hornear de color amarillo brillante se adaptan a las diversas exigencias de la cocina. La excelente cer\u00e1mica garantiza un calentamiento uniforme en el horno y el microondas a la bandeja de hornear y admite el dise\u00f1o personalizado seg\u00fan la petici\u00f3n del cliente. Una opci\u00f3n perfecta para cocinar en su cocina y exponer en su mesa.<\/p>","protected":false},"featured_media":3536,"comment_status":"closed","ping_status":"closed","template":"","meta":{"_acf_changed":false},"product_brand":[],"product_cat":[53],"product_tag":[71],"class_list":{"0":"post-3530","1":"product","2":"type-product","3":"status-publish","4":"has-post-thumbnail","6":"product_cat-bakeware-in-bulk","7":"product_tag-wholesale-baking-pans","9":"first","10":"instock","11":"shipping-taxable","12":"product-type-simple"},"acf":[],"_links":{"self":[{"href":"https:\/\/jinhuaceramic.com\/es\/wp-json\/wp\/v2\/product\/3530","targetHints":{"allow":["GET"]}}],"collection":[{"href":"https:\/\/jinhuaceramic.com\/es\/wp-json\/wp\/v2\/product"}],"about":[{"href":"https:\/\/jinhuaceramic.com\/es\/wp-json\/wp\/v2\/types\/product"}],"replies":[{"embeddable":true,"href":"https:\/\/jinhuaceramic.com\/es\/wp-json\/wp\/v2\/comments?post=3530"}],"version-history":[{"count":0,"href":"https:\/\/jinhuaceramic.com\/es\/wp-json\/wp\/v2\/product\/3530\/revisions"}],"wp:featuredmedia":[{"embeddable":true,"href":"https:\/\/jinhuaceramic.com\/es\/wp-json\/wp\/v2\/media\/3536"}],"wp:attachment":[{"href":"https:\/\/jinhuaceramic.com\/es\/wp-json\/wp\/v2\/media?parent=3530"}],"wp:term":[{"taxonomy":"product_brand","embeddable":true,"href":"https:\/\/jinhuaceramic.com\/es\/wp-json\/wp\/v2\/product_brand?post=3530"},{"taxonomy":"product_cat","embeddable":true,"href":"https:\/\/jinhuaceramic.com\/es\/wp-json\/wp\/v2\/product_cat?post=3530"},{"taxonomy":"product_tag","embeddable":true,"href":"https:\/\/jinhuaceramic.com\/es\/wp-json\/wp\/v2\/product_tag?post=3530"}],"curies":[{"name":"wp","href":"https:\/\/api.w.org\/{rel}","templated":true}]}}