{"id":3539,"date":"2024-04-11T09:54:15","date_gmt":"2024-04-11T09:54:15","guid":{"rendered":"https:\/\/jinhuaceramic.com\/?post_type=product&#038;p=3539"},"modified":"2025-04-21T02:54:22","modified_gmt":"2025-04-21T02:54:22","slug":"wholesale-baking-dish-set","status":"publish","type":"product","link":"https:\/\/jinhuaceramic.com\/es\/product\/wholesale-baking-dish-set\/","title":{"rendered":"Mayorista Juego de Platos para Hornear, Platos para Hornear a Granel Hechos a Medida"},"content":{"rendered":"<div class=\"wp-block-columns is-layout-flex wp-container-core-columns-is-layout-9d6595d7 wp-block-columns-is-layout-flex\">\n<div class=\"wp-block-column is-layout-flow wp-block-column-is-layout-flow\" style=\"flex-basis:50%\">\n<h3 class=\"wp-block-heading\">Juego de Platos para Hornear al por mayor de primera calidad Caracter\u00edsticas:<\/h3>\n\n\n\n<ul class=\"wp-block-list\">\n<li><strong>Dise\u00f1o elegante: <\/strong>Este juego de fuentes de horno al por mayor adopta un elegante fondo azul oscuro con exquisitos motivos blancos. No s\u00f3lo es cl\u00e1sico y hermoso, sino que tambi\u00e9n a\u00f1ade un efecto visual noble. Es un punto culminante en la mesa de comedor y cocina, que puede mejorar la experiencia de comer en general.<\/li>\n\n\n\n<li><strong>M\u00faltiples opciones de tama\u00f1o para satisfacer diferentes necesidades culinarias: <\/strong>Nuestros moldes a medida est\u00e1n disponibles en una gran variedad de tama\u00f1os, adecuados para hornear alimentos de distintos tama\u00f1os, desde postres hasta platos principales. Tanto si se trata de una reuni\u00f3n familiar como de un gran banquete, podr\u00e1 encontrar el tama\u00f1o adecuado para ofrecer m\u00e1s libertad a la hora de cocinar.<\/li>\n\n\n\n<li><strong>Material cer\u00e1mico de alta calidad, resistencia a altas temperaturas y calentamiento uniforme: <\/strong>Este juego de fuentes de hornear al por mayor est\u00e1 fabricado con material cer\u00e1mico de alta calidad con una excelente resistencia al calor. Es adecuado para una variedad de equipos de cocina como hornos microondas y hornos para asegurar que la comida se calienta uniformemente durante el proceso de cocci\u00f3n y mejorar el efecto de cocci\u00f3n.<\/li>\n\n\n\n<li><strong>Servicio personalizado para crear un dise\u00f1o \u00fanico:<\/strong> Nuestros moldes a medida permiten a los clientes elegir diferentes tama\u00f1os, dise\u00f1os y detalles seg\u00fan sus necesidades para crear un juego de moldes \u00fanico que satisfaga las necesidades personalizadas de familias, restaurantes o marcas.<\/li>\n<\/ul>\n<\/div>\n\n\n\n<div class=\"wp-block-column is-layout-flow wp-block-column-is-layout-flow\" style=\"flex-basis:50%\">\n<figure class=\"wp-block-image size-full\"><img fetchpriority=\"high\" decoding=\"async\" width=\"750\" height=\"750\" src=\"https:\/\/jinhuaceramic.com\/wp-content\/uploads\/2024\/04\/custom-baking-dish-set-wholesale-ceramic-bakeware-1.webp\" alt=\"Mayorista Juego de Platos para Hornear, Platos para Hornear a Medida Bulk-1\" class=\"wp-image-3540\" srcset=\"https:\/\/jinhuaceramic.com\/wp-content\/uploads\/2024\/04\/custom-baking-dish-set-wholesale-ceramic-bakeware-1.webp 750w, https:\/\/jinhuaceramic.com\/wp-content\/uploads\/2024\/04\/custom-baking-dish-set-wholesale-ceramic-bakeware-1-300x300.webp 300w, https:\/\/jinhuaceramic.com\/wp-content\/uploads\/2024\/04\/custom-baking-dish-set-wholesale-ceramic-bakeware-1-150x150.webp 150w, https:\/\/jinhuaceramic.com\/wp-content\/uploads\/2024\/04\/custom-baking-dish-set-wholesale-ceramic-bakeware-1-285x285.webp 285w, https:\/\/jinhuaceramic.com\/wp-content\/uploads\/2024\/04\/custom-baking-dish-set-wholesale-ceramic-bakeware-1-270x270.webp 270w, https:\/\/jinhuaceramic.com\/wp-content\/uploads\/2024\/04\/custom-baking-dish-set-wholesale-ceramic-bakeware-1-540x540.webp 540w, https:\/\/jinhuaceramic.com\/wp-content\/uploads\/2024\/04\/custom-baking-dish-set-wholesale-ceramic-bakeware-1-660x660.webp 660w\" sizes=\"(max-width: 750px) 100vw, 750px\" \/><\/figure>\n<\/div>\n<\/div>","protected":false},"excerpt":{"rendered":"<p>Bienvenido a comprar al por mayor juego de fuentes para hornear. Este elegante molde para hornear hecho a medida est\u00e1 decorado con exquisitos motivos y est\u00e1 disponible en varios tama\u00f1os para adaptarse a diferentes necesidades culinarias. La cer\u00e1mica de alta calidad garantiza un calentamiento uniforme, es apta para microondas y horno, admite servicio de personalizaci\u00f3n, combina a la perfecci\u00f3n practicidad y belleza, y es una opci\u00f3n ideal para la cocina y la mesa de comedor.<\/p>","protected":false},"featured_media":3544,"comment_status":"closed","ping_status":"closed","template":"","meta":{"_acf_changed":false},"product_brand":[],"product_cat":[53],"product_tag":[71],"class_list":{"0":"post-3539","1":"product","2":"type-product","3":"status-publish","4":"has-post-thumbnail","6":"product_cat-bakeware-in-bulk","7":"product_tag-wholesale-baking-pans","9":"first","10":"instock","11":"shipping-taxable","12":"product-type-simple"},"acf":[],"_links":{"self":[{"href":"https:\/\/jinhuaceramic.com\/es\/wp-json\/wp\/v2\/product\/3539","targetHints":{"allow":["GET"]}}],"collection":[{"href":"https:\/\/jinhuaceramic.com\/es\/wp-json\/wp\/v2\/product"}],"about":[{"href":"https:\/\/jinhuaceramic.com\/es\/wp-json\/wp\/v2\/types\/product"}],"replies":[{"embeddable":true,"href":"https:\/\/jinhuaceramic.com\/es\/wp-json\/wp\/v2\/comments?post=3539"}],"version-history":[{"count":0,"href":"https:\/\/jinhuaceramic.com\/es\/wp-json\/wp\/v2\/product\/3539\/revisions"}],"wp:featuredmedia":[{"embeddable":true,"href":"https:\/\/jinhuaceramic.com\/es\/wp-json\/wp\/v2\/media\/3544"}],"wp:attachment":[{"href":"https:\/\/jinhuaceramic.com\/es\/wp-json\/wp\/v2\/media?parent=3539"}],"wp:term":[{"taxonomy":"product_brand","embeddable":true,"href":"https:\/\/jinhuaceramic.com\/es\/wp-json\/wp\/v2\/product_brand?post=3539"},{"taxonomy":"product_cat","embeddable":true,"href":"https:\/\/jinhuaceramic.com\/es\/wp-json\/wp\/v2\/product_cat?post=3539"},{"taxonomy":"product_tag","embeddable":true,"href":"https:\/\/jinhuaceramic.com\/es\/wp-json\/wp\/v2\/product_tag?post=3539"}],"curies":[{"name":"wp","href":"https:\/\/api.w.org\/{rel}","templated":true}]}}