{"id":3550,"date":"2024-04-12T00:41:41","date_gmt":"2024-04-12T00:41:41","guid":{"rendered":"https:\/\/jinhuaceramic.com\/?post_type=product&#038;p=3550"},"modified":"2025-04-21T03:01:47","modified_gmt":"2025-04-21T03:01:47","slug":"wholesale-ceramic-bowls-set","status":"publish","type":"product","link":"https:\/\/jinhuaceramic.com\/es\/product\/wholesale-ceramic-bowls-set\/","title":{"rendered":"Exquisito Juego de Tazones de Cer\u00e1mica al por mayor, Tazones para sopa a granel"},"content":{"rendered":"<div class=\"wp-block-columns is-layout-flex wp-container-core-columns-is-layout-9d6595d7 wp-block-columns-is-layout-flex\">\n<div class=\"wp-block-column is-layout-flow wp-block-column-is-layout-flow\" style=\"flex-basis:50%\">\n<h3 class=\"wp-block-heading\">Juego de cuencos de cer\u00e1mica al por mayor de primera calidad Caracter\u00edsticas:<\/h3>\n\n\n\n<ul class=\"wp-block-list\">\n<li><strong>Dise\u00f1o cl\u00e1sico y tonos elegantes:<\/strong> Nuestro juego de cuencos de cer\u00e1mica al por mayor tiene una combinaci\u00f3n cl\u00e1sica de rayas blancas y azules, que confieren a los cuencos un estilo sencillo pero elegante. Las rayas azules son delicadas y suaves, y combinan a la perfecci\u00f3n con el tono blanquecino, por lo que se adaptan a una gran variedad de estilos de mesa.<\/li>\n\n\n\n<li><strong>Tres tama\u00f1os para diferentes necesidades: <\/strong>El juego de soperas a granel tiene tres tama\u00f1os para satisfacer sus diferentes necesidades culinarias. Tanto si se utiliza como sopera, arrocera o ensaladera, funcionar\u00e1 de forma flexible seg\u00fan las diversas necesidades gastron\u00f3micas de familias y restaurantes. Este dise\u00f1o multitama\u00f1o es pr\u00e1ctico y, al mismo tiempo, ofrece m\u00e1s posibilidades en la disposici\u00f3n de la mesa.<\/li>\n\n\n\n<li><strong>Material seguro y duradero: <\/strong>Nuestro juego de cuencos de cer\u00e1mica al por mayor est\u00e1 hecho de material cer\u00e1mico de alta calidad, que es firme y duradero. Gracias a la cocci\u00f3n a alta temperatura, es resistente al agrietamiento y al desgaste. Adem\u00e1s, el material es inocuo y seguro para el medio ambiente. Incluso si los usa con frecuencia, pueden estar tan brillantes y limpios como nuevos para garantizar la experiencia gastron\u00f3mica m\u00e1s saludable.<\/li>\n\n\n\n<li><strong>Suministro a granel y servicios personalizados: <\/strong>Este juego de cuencos para sopa a granel admite el suministro a granel, adecuado para la industria de la restauraci\u00f3n y la hosteler\u00eda. Mientras tanto, ofrecemos servicios de personalizaci\u00f3n flexibles de logotipos de marca y estilos de envasado que se pueden personalizar para crear productos \u00fanicos y exclusivos para los clientes y, por lo tanto, aumentar el valor de la marca.<\/li>\n<\/ul>\n<\/div>\n\n\n\n<div class=\"wp-block-column is-layout-flow wp-block-column-is-layout-flow\" style=\"flex-basis:50%\">\n<figure class=\"wp-block-image size-full\"><img fetchpriority=\"high\" decoding=\"async\" width=\"640\" height=\"640\" src=\"https:\/\/jinhuaceramic.com\/wp-content\/uploads\/2024\/04\/custom-ceramic-bowls-wholesale-tableware-2.webp\" alt=\"juego de cuencos de cer\u00e1mica al por mayor exquisito juego de cuencos de 3 piezas\" class=\"wp-image-3552\" srcset=\"https:\/\/jinhuaceramic.com\/wp-content\/uploads\/2024\/04\/custom-ceramic-bowls-wholesale-tableware-2.webp 640w, https:\/\/jinhuaceramic.com\/wp-content\/uploads\/2024\/04\/custom-ceramic-bowls-wholesale-tableware-2-300x300.webp 300w, https:\/\/jinhuaceramic.com\/wp-content\/uploads\/2024\/04\/custom-ceramic-bowls-wholesale-tableware-2-150x150.webp 150w, https:\/\/jinhuaceramic.com\/wp-content\/uploads\/2024\/04\/custom-ceramic-bowls-wholesale-tableware-2-285x285.webp 285w, https:\/\/jinhuaceramic.com\/wp-content\/uploads\/2024\/04\/custom-ceramic-bowls-wholesale-tableware-2-270x270.webp 270w, https:\/\/jinhuaceramic.com\/wp-content\/uploads\/2024\/04\/custom-ceramic-bowls-wholesale-tableware-2-540x540.webp 540w\" sizes=\"(max-width: 640px) 100vw, 640px\" \/><\/figure>\n<\/div>\n<\/div>","protected":false},"excerpt":{"rendered":"<p>Bienvenido a comprar boles soperos al por mayor. Nuestro conjunto de cuencos de cer\u00e1mica blancos al por mayor con rayas azules tiene un dise\u00f1o elegante y cl\u00e1sico con textura de alta calidad. Est\u00e1 disponible en tres tama\u00f1os para satisfacer diversas necesidades de comedor.<\/p>","protected":false},"featured_media":3553,"comment_status":"closed","ping_status":"closed","template":"","meta":{"_acf_changed":false},"product_brand":[],"product_cat":[54,85],"product_tag":[78],"class_list":{"0":"post-3550","1":"product","2":"type-product","3":"status-publish","4":"has-post-thumbnail","6":"product_cat-tableware-wholesale","7":"product_cat-wholesale-ceramic-bowls","8":"product_tag-bulk-ceramic-bowls","10":"first","11":"instock","12":"shipping-taxable","13":"product-type-simple"},"acf":[],"_links":{"self":[{"href":"https:\/\/jinhuaceramic.com\/es\/wp-json\/wp\/v2\/product\/3550","targetHints":{"allow":["GET"]}}],"collection":[{"href":"https:\/\/jinhuaceramic.com\/es\/wp-json\/wp\/v2\/product"}],"about":[{"href":"https:\/\/jinhuaceramic.com\/es\/wp-json\/wp\/v2\/types\/product"}],"replies":[{"embeddable":true,"href":"https:\/\/jinhuaceramic.com\/es\/wp-json\/wp\/v2\/comments?post=3550"}],"version-history":[{"count":0,"href":"https:\/\/jinhuaceramic.com\/es\/wp-json\/wp\/v2\/product\/3550\/revisions"}],"wp:featuredmedia":[{"embeddable":true,"href":"https:\/\/jinhuaceramic.com\/es\/wp-json\/wp\/v2\/media\/3553"}],"wp:attachment":[{"href":"https:\/\/jinhuaceramic.com\/es\/wp-json\/wp\/v2\/media?parent=3550"}],"wp:term":[{"taxonomy":"product_brand","embeddable":true,"href":"https:\/\/jinhuaceramic.com\/es\/wp-json\/wp\/v2\/product_brand?post=3550"},{"taxonomy":"product_cat","embeddable":true,"href":"https:\/\/jinhuaceramic.com\/es\/wp-json\/wp\/v2\/product_cat?post=3550"},{"taxonomy":"product_tag","embeddable":true,"href":"https:\/\/jinhuaceramic.com\/es\/wp-json\/wp\/v2\/product_tag?post=3550"}],"curies":[{"name":"wp","href":"https:\/\/api.w.org\/{rel}","templated":true}]}}