{"id":3567,"date":"2024-04-12T01:07:39","date_gmt":"2024-04-12T01:07:39","guid":{"rendered":"https:\/\/jinhuaceramic.com\/?post_type=product&#038;p=3567"},"modified":"2025-04-21T03:04:57","modified_gmt":"2025-04-21T03:04:57","slug":"custom-ceramic-plates-in-bulk","status":"publish","type":"product","link":"https:\/\/jinhuaceramic.com\/es\/product\/custom-ceramic-plates-in-bulk\/","title":{"rendered":"Platos de Cer\u00e1mica a Granel, Platos Ovalados al por mayor"},"content":{"rendered":"<div class=\"wp-block-columns is-layout-flex wp-container-core-columns-is-layout-9d6595d7 wp-block-columns-is-layout-flex\">\n<div class=\"wp-block-column is-layout-flow wp-block-column-is-layout-flow\" style=\"flex-basis:50%\">\n<h3 class=\"wp-block-heading\">Platos de cer\u00e1mica de primera calidad a granel Caracter\u00edsticas:<\/h3>\n\n\n\n<ul class=\"wp-block-list\">\n<li><strong>Dise\u00f1o ovalado con elegancia: <\/strong>Nuestros platos ovalados de cer\u00e1mica a granel a\u00f1aden un toque art\u00edstico a la mesa de comedor. Este tipo de plato de cena es m\u00e1s aplicable a platos principales, platos de ensalada o platos para compartir.<\/li>\n\n\n\n<li><strong>Utilizaci\u00f3n de materiales de alta calidad: <\/strong>Estos platos de servir al por mayor est\u00e1n fabricados en cer\u00e1mica de alta calidad, resistente a las altas temperaturas y a la abrasi\u00f3n; por lo tanto, son muy duraderos para un uso prolongado. Por otra parte, son amigables con microondas, hornos y lavavajillas, f\u00e1cil de limpiar.<\/li>\n\n\n\n<li><strong>Aplicaci\u00f3n multiescenario:<\/strong> No importa si se utilizan en mesas familiares diarias, banquetes de negocios o restaurantes de alta categor\u00eda, estos platos de cer\u00e1mica a granel pueden satisfacer las demandas en diferentes situaciones, practicidad de servicio y belleza.<\/li>\n\n\n\n<li><strong>Dise\u00f1o personalizado \u00fanico: <\/strong>Ofrecemos servicios de personalizaci\u00f3n de platos de servir al por mayor. Podemos personalizar el tama\u00f1o, el color, el patr\u00f3n y el logotipo de la marca seg\u00fan las necesidades del cliente para crear platos de cer\u00e1mica exclusivos, adecuados para restaurantes, hoteles y personalizaci\u00f3n de marcas.<\/li>\n<\/ul>\n<\/div>\n\n\n\n<div class=\"wp-block-column is-layout-flow wp-block-column-is-layout-flow\" style=\"flex-basis:50%\">\n<figure class=\"wp-block-image size-full\"><img fetchpriority=\"high\" decoding=\"async\" width=\"1250\" height=\"1500\" src=\"https:\/\/jinhuaceramic.com\/wp-content\/uploads\/2024\/04\/custom-ceramic-plates-wholesale-tableware-6.webp\" alt=\"Platos de Ceramica a Granel, Platos Ovalados al por mayor-1\" class=\"wp-image-3574\" srcset=\"https:\/\/jinhuaceramic.com\/wp-content\/uploads\/2024\/04\/custom-ceramic-plates-wholesale-tableware-6.webp 1250w, https:\/\/jinhuaceramic.com\/wp-content\/uploads\/2024\/04\/custom-ceramic-plates-wholesale-tableware-6-250x300.webp 250w, https:\/\/jinhuaceramic.com\/wp-content\/uploads\/2024\/04\/custom-ceramic-plates-wholesale-tableware-6-768x922.webp 768w, https:\/\/jinhuaceramic.com\/wp-content\/uploads\/2024\/04\/custom-ceramic-plates-wholesale-tableware-6-285x342.webp 285w, https:\/\/jinhuaceramic.com\/wp-content\/uploads\/2024\/04\/custom-ceramic-plates-wholesale-tableware-6-550x660.webp 550w, https:\/\/jinhuaceramic.com\/wp-content\/uploads\/2024\/04\/custom-ceramic-plates-wholesale-tableware-6-125x150.webp 125w\" sizes=\"(max-width: 1250px) 100vw, 1250px\" \/><\/figure>\n<\/div>\n<\/div>","protected":false},"excerpt":{"rendered":"<p>Bienvenido a comprar platos de servir al por mayor. Estos platos ovalados de cer\u00e1mica al por mayor no s\u00f3lo tienen un dise\u00f1o elegante, sino que tambi\u00e9n pueden personalizarse seg\u00fan sus necesidades. Son adecuados para hogares, restaurantes o locales de alto nivel. El material cer\u00e1mico de alta calidad garantiza que sean lo suficientemente duraderos como para que pueda presentar la comida perfectamente, haciendo que las cenas sean mucho m\u00e1s placenteras.<\/p>","protected":false},"featured_media":3574,"comment_status":"closed","ping_status":"closed","template":"","meta":{"_acf_changed":false},"product_brand":[],"product_cat":[54,84],"product_tag":[77],"class_list":{"0":"post-3567","1":"product","2":"type-product","3":"status-publish","4":"has-post-thumbnail","6":"product_cat-tableware-wholesale","7":"product_cat-wholesale-ceramic-plates","8":"product_tag-bulk-serving-platters","10":"first","11":"instock","12":"shipping-taxable","13":"product-type-simple"},"acf":[],"_links":{"self":[{"href":"https:\/\/jinhuaceramic.com\/es\/wp-json\/wp\/v2\/product\/3567","targetHints":{"allow":["GET"]}}],"collection":[{"href":"https:\/\/jinhuaceramic.com\/es\/wp-json\/wp\/v2\/product"}],"about":[{"href":"https:\/\/jinhuaceramic.com\/es\/wp-json\/wp\/v2\/types\/product"}],"replies":[{"embeddable":true,"href":"https:\/\/jinhuaceramic.com\/es\/wp-json\/wp\/v2\/comments?post=3567"}],"version-history":[{"count":0,"href":"https:\/\/jinhuaceramic.com\/es\/wp-json\/wp\/v2\/product\/3567\/revisions"}],"wp:featuredmedia":[{"embeddable":true,"href":"https:\/\/jinhuaceramic.com\/es\/wp-json\/wp\/v2\/media\/3574"}],"wp:attachment":[{"href":"https:\/\/jinhuaceramic.com\/es\/wp-json\/wp\/v2\/media?parent=3567"}],"wp:term":[{"taxonomy":"product_brand","embeddable":true,"href":"https:\/\/jinhuaceramic.com\/es\/wp-json\/wp\/v2\/product_brand?post=3567"},{"taxonomy":"product_cat","embeddable":true,"href":"https:\/\/jinhuaceramic.com\/es\/wp-json\/wp\/v2\/product_cat?post=3567"},{"taxonomy":"product_tag","embeddable":true,"href":"https:\/\/jinhuaceramic.com\/es\/wp-json\/wp\/v2\/product_tag?post=3567"}],"curies":[{"name":"wp","href":"https:\/\/api.w.org\/{rel}","templated":true}]}}