{"id":3578,"date":"2024-04-12T01:18:59","date_gmt":"2024-04-12T01:18:59","guid":{"rendered":"https:\/\/jinhuaceramic.com\/?post_type=product&#038;p=3578"},"modified":"2025-04-21T03:09:01","modified_gmt":"2025-04-21T03:09:01","slug":"ceramic-mixing-bowl-set-wholesale","status":"publish","type":"product","link":"https:\/\/jinhuaceramic.com\/es\/product\/ceramic-mixing-bowl-set-wholesale\/","title":{"rendered":"Juego De Tazones De Cer\u00e1mica Al Por Mayor, Tazones De Suministro De F\u00e1brica"},"content":{"rendered":"<div class=\"wp-block-columns is-layout-flex wp-container-core-columns-is-layout-9d6595d7 wp-block-columns-is-layout-flex\">\n<div class=\"wp-block-column is-layout-flow wp-block-column-is-layout-flow\" style=\"flex-basis:50%\">\n<h3 class=\"wp-block-heading\">Premium Ceramic Mixing Bowl Set Caracter\u00edsticas:<\/h3>\n\n\n\n<ul class=\"wp-block-list\">\n<li><strong>Alta calidad: <\/strong>Nuestro juego de cuencos de cer\u00e1mica al por mayor est\u00e1 fabricado con materiales de alta calidad, lo que garantiza su durabilidad y fiabilidad tanto para chefs profesionales como para cocineros dom\u00e9sticos.<\/li>\n\n\n\n<li><strong>Vers\u00e1til: <\/strong>Estos cuencos al por mayor no son s\u00f3lo para mezclar, son elementos esenciales multifuncionales de cocina. Desde batir huevos hasta mezclar ensaladas o marinar carnes, estos cuencos pueden realizar una gran variedad de tareas con facilidad.<\/li>\n\n\n\n<li><strong>Dise\u00f1o eficiente: <\/strong>Con una amplia gama de tama\u00f1os incluidos en nuestro juego de boles de cer\u00e1mica al por mayor, desde peque\u00f1os a grandes, estos boles de cer\u00e1mica al por mayor ofrecen versatilidad y comodidad. El dise\u00f1o anidado permite un almacenamiento compacto, ahorrando un valioso espacio en el armario, tanto en cocinas profesionales como en despensas dom\u00e9sticas.<\/li>\n\n\n\n<li><strong>Rentable: <\/strong>Ofrecemos precios competitivos al por mayor para nuestros cuencos de cer\u00e1mica al por mayor. Al prescindir de intermediarios, repercutimos el ahorro directamente en nuestros clientes, lo que hace que estos productos b\u00e1sicos de cocina de alta calidad sean accesibles para empresas de todos los tama\u00f1os. <\/li>\n<\/ul>\n<\/div>\n\n\n\n<div class=\"wp-block-column is-layout-flow wp-block-column-is-layout-flow\" style=\"flex-basis:50%\">\n<figure class=\"wp-block-image size-full\"><img fetchpriority=\"high\" decoding=\"async\" width=\"640\" height=\"640\" src=\"https:\/\/jinhuaceramic.com\/wp-content\/uploads\/2024\/04\/custom-ceramic-bowls-wholesale-tableware-set-1.webp\" alt=\"Cuencos de cer\u00e1mica al por mayor Juego de cuencos de cer\u00e1mica\" class=\"wp-image-3579\" srcset=\"https:\/\/jinhuaceramic.com\/wp-content\/uploads\/2024\/04\/custom-ceramic-bowls-wholesale-tableware-set-1.webp 640w, https:\/\/jinhuaceramic.com\/wp-content\/uploads\/2024\/04\/custom-ceramic-bowls-wholesale-tableware-set-1-300x300.webp 300w, https:\/\/jinhuaceramic.com\/wp-content\/uploads\/2024\/04\/custom-ceramic-bowls-wholesale-tableware-set-1-150x150.webp 150w, https:\/\/jinhuaceramic.com\/wp-content\/uploads\/2024\/04\/custom-ceramic-bowls-wholesale-tableware-set-1-285x285.webp 285w, https:\/\/jinhuaceramic.com\/wp-content\/uploads\/2024\/04\/custom-ceramic-bowls-wholesale-tableware-set-1-270x270.webp 270w, https:\/\/jinhuaceramic.com\/wp-content\/uploads\/2024\/04\/custom-ceramic-bowls-wholesale-tableware-set-1-540x540.webp 540w\" sizes=\"(max-width: 640px) 100vw, 640px\" \/><\/figure>\n<\/div>\n<\/div>","protected":false},"excerpt":{"rendered":"<p>Nuestro juego de boles de cer\u00e1mica al por mayor ofrece calidad profesional, funcionalidad vers\u00e1til, dise\u00f1o eficiente y precios al por mayor rentables. Perfecto para una amplia gama de aplicaciones culinarias, estos tazones de mezcla son una adici\u00f3n imprescindible a cualquier inventario de la cocina.<\/p>","protected":false},"featured_media":3582,"comment_status":"closed","ping_status":"closed","template":"","meta":{"_acf_changed":false},"product_brand":[],"product_cat":[54,85],"product_tag":[78],"class_list":{"0":"post-3578","1":"product","2":"type-product","3":"status-publish","4":"has-post-thumbnail","6":"product_cat-tableware-wholesale","7":"product_cat-wholesale-ceramic-bowls","8":"product_tag-bulk-ceramic-bowls","10":"first","11":"instock","12":"shipping-taxable","13":"product-type-simple"},"acf":[],"_links":{"self":[{"href":"https:\/\/jinhuaceramic.com\/es\/wp-json\/wp\/v2\/product\/3578","targetHints":{"allow":["GET"]}}],"collection":[{"href":"https:\/\/jinhuaceramic.com\/es\/wp-json\/wp\/v2\/product"}],"about":[{"href":"https:\/\/jinhuaceramic.com\/es\/wp-json\/wp\/v2\/types\/product"}],"replies":[{"embeddable":true,"href":"https:\/\/jinhuaceramic.com\/es\/wp-json\/wp\/v2\/comments?post=3578"}],"version-history":[{"count":0,"href":"https:\/\/jinhuaceramic.com\/es\/wp-json\/wp\/v2\/product\/3578\/revisions"}],"wp:featuredmedia":[{"embeddable":true,"href":"https:\/\/jinhuaceramic.com\/es\/wp-json\/wp\/v2\/media\/3582"}],"wp:attachment":[{"href":"https:\/\/jinhuaceramic.com\/es\/wp-json\/wp\/v2\/media?parent=3578"}],"wp:term":[{"taxonomy":"product_brand","embeddable":true,"href":"https:\/\/jinhuaceramic.com\/es\/wp-json\/wp\/v2\/product_brand?post=3578"},{"taxonomy":"product_cat","embeddable":true,"href":"https:\/\/jinhuaceramic.com\/es\/wp-json\/wp\/v2\/product_cat?post=3578"},{"taxonomy":"product_tag","embeddable":true,"href":"https:\/\/jinhuaceramic.com\/es\/wp-json\/wp\/v2\/product_tag?post=3578"}],"curies":[{"name":"wp","href":"https:\/\/api.w.org\/{rel}","templated":true}]}}