{"id":3587,"date":"2024-04-12T01:29:10","date_gmt":"2024-04-12T01:29:10","guid":{"rendered":"https:\/\/jinhuaceramic.com\/?post_type=product&#038;p=3587"},"modified":"2025-04-21T03:11:04","modified_gmt":"2025-04-21T03:11:04","slug":"chinese-noodle-bowls-wholesale","status":"publish","type":"product","link":"https:\/\/jinhuaceramic.com\/es\/product\/chinese-noodle-bowls-wholesale\/","title":{"rendered":"China Tazones para fideos al por mayor, Tazones para ramen a granel duraderos"},"content":{"rendered":"<div class=\"wp-block-columns is-layout-flex wp-container-core-columns-is-layout-9d6595d7 wp-block-columns-is-layout-flex\">\n<div class=\"wp-block-column is-layout-flow wp-block-column-is-layout-flow\" style=\"flex-basis:50%\">\n<h3 class=\"wp-block-heading\">Tazones de fideos Premium al por mayor Caracter\u00edsticas:<\/h3>\n\n\n\n<ul class=\"wp-block-list\">\n<li><strong>Dise\u00f1o sencillo: <\/strong>El estilo de dise\u00f1o de nuestros cuencos de fideos de cer\u00e1mica al por mayor es sencillo y elegante, centr\u00e1ndose en la combinaci\u00f3n de practicidad y belleza, adecuado para el uso diario en hogares y restaurantes, y en l\u00ednea con la tendencia popular de la vajilla moderna.<\/li>\n\n\n\n<li><strong>Dise\u00f1o de gran capacidad: <\/strong>Nuestros cuencos para ramen a granel tienen un cuerpo profundo y gran capacidad, lo que resulta especialmente adecuado para contener ramen, fideos chinos, sopas, etc., garantizando que la comida no rebose y proporcionando una experiencia gastron\u00f3mica c\u00f3moda.<\/li>\n\n\n\n<li><strong>Material cer\u00e1mico duradero: <\/strong>Nuestros cuencos de cer\u00e1mica para fideos al por mayor est\u00e1n fabricados con cer\u00e1mica de alta calidad, que es duradera y resistente a las altas temperaturas. Pueden utilizarse tanto en microondas como en lavavajillas, lo que resulta muy pr\u00e1ctico para el uso diario.<\/li>\n\n\n\n<li><strong>Vajilla multiusos:<\/strong> Adem\u00e1s de ser aptos para fideos, nuestros cuencos para ramen a granel tambi\u00e9n son adecuados para arroz, ensaladas, sopas y otros manjares, satisfaciendo diversas necesidades gastron\u00f3micas y mejorando la practicidad de la mesa de comedor.<\/li>\n<\/ul>\n<\/div>\n\n\n\n<div class=\"wp-block-column is-layout-flow wp-block-column-is-layout-flow\" style=\"flex-basis:50%\">\n<figure class=\"wp-block-image size-full\"><img fetchpriority=\"high\" decoding=\"async\" width=\"1500\" height=\"1500\" src=\"https:\/\/jinhuaceramic.com\/wp-content\/uploads\/2024\/04\/custom-ceramic-dinner-set-wholesale-tableware-2.webp\" alt=\"Tazones de fideos chinos al por mayor, tazones de ramen a granel duraderos\" class=\"wp-image-3588\" srcset=\"https:\/\/jinhuaceramic.com\/wp-content\/uploads\/2024\/04\/custom-ceramic-dinner-set-wholesale-tableware-2.webp 1500w, https:\/\/jinhuaceramic.com\/wp-content\/uploads\/2024\/04\/custom-ceramic-dinner-set-wholesale-tableware-2-300x300.webp 300w, https:\/\/jinhuaceramic.com\/wp-content\/uploads\/2024\/04\/custom-ceramic-dinner-set-wholesale-tableware-2-150x150.webp 150w, https:\/\/jinhuaceramic.com\/wp-content\/uploads\/2024\/04\/custom-ceramic-dinner-set-wholesale-tableware-2-768x768.webp 768w, https:\/\/jinhuaceramic.com\/wp-content\/uploads\/2024\/04\/custom-ceramic-dinner-set-wholesale-tableware-2-285x285.webp 285w, https:\/\/jinhuaceramic.com\/wp-content\/uploads\/2024\/04\/custom-ceramic-dinner-set-wholesale-tableware-2-270x270.webp 270w, https:\/\/jinhuaceramic.com\/wp-content\/uploads\/2024\/04\/custom-ceramic-dinner-set-wholesale-tableware-2-540x540.webp 540w, https:\/\/jinhuaceramic.com\/wp-content\/uploads\/2024\/04\/custom-ceramic-dinner-set-wholesale-tableware-2-660x660.webp 660w\" sizes=\"(max-width: 1500px) 100vw, 1500px\" \/><\/figure>\n<\/div>\n<\/div>","protected":false},"excerpt":{"rendered":"<p>Bienvenido a comprar cuencos para ramen al por mayor. Nuestros cuencos cer\u00e1micos para fideos al por mayor, de dise\u00f1o sencillo, tienen gran capacidad y durabilidad, y son adecuados para compras a gran escala por parte de hogares y restaurantes. Tanto si se utilizan para fideos, sopas u otros manjares, estos cuencos ofrecen una combinaci\u00f3n perfecta de practicidad y belleza.<\/p>","protected":false},"featured_media":3589,"comment_status":"closed","ping_status":"closed","template":"","meta":{"_acf_changed":false},"product_brand":[],"product_cat":[54,85],"product_tag":[78],"class_list":{"0":"post-3587","1":"product","2":"type-product","3":"status-publish","4":"has-post-thumbnail","6":"product_cat-tableware-wholesale","7":"product_cat-wholesale-ceramic-bowls","8":"product_tag-bulk-ceramic-bowls","10":"first","11":"instock","12":"shipping-taxable","13":"product-type-simple"},"acf":[],"_links":{"self":[{"href":"https:\/\/jinhuaceramic.com\/es\/wp-json\/wp\/v2\/product\/3587","targetHints":{"allow":["GET"]}}],"collection":[{"href":"https:\/\/jinhuaceramic.com\/es\/wp-json\/wp\/v2\/product"}],"about":[{"href":"https:\/\/jinhuaceramic.com\/es\/wp-json\/wp\/v2\/types\/product"}],"replies":[{"embeddable":true,"href":"https:\/\/jinhuaceramic.com\/es\/wp-json\/wp\/v2\/comments?post=3587"}],"version-history":[{"count":0,"href":"https:\/\/jinhuaceramic.com\/es\/wp-json\/wp\/v2\/product\/3587\/revisions"}],"wp:featuredmedia":[{"embeddable":true,"href":"https:\/\/jinhuaceramic.com\/es\/wp-json\/wp\/v2\/media\/3589"}],"wp:attachment":[{"href":"https:\/\/jinhuaceramic.com\/es\/wp-json\/wp\/v2\/media?parent=3587"}],"wp:term":[{"taxonomy":"product_brand","embeddable":true,"href":"https:\/\/jinhuaceramic.com\/es\/wp-json\/wp\/v2\/product_brand?post=3587"},{"taxonomy":"product_cat","embeddable":true,"href":"https:\/\/jinhuaceramic.com\/es\/wp-json\/wp\/v2\/product_cat?post=3587"},{"taxonomy":"product_tag","embeddable":true,"href":"https:\/\/jinhuaceramic.com\/es\/wp-json\/wp\/v2\/product_tag?post=3587"}],"curies":[{"name":"wp","href":"https:\/\/api.w.org\/{rel}","templated":true}]}}