{"id":3597,"date":"2024-04-12T01:41:24","date_gmt":"2024-04-12T01:41:24","guid":{"rendered":"https:\/\/jinhuaceramic.com\/?post_type=product&#038;p=3597"},"modified":"2025-04-21T03:12:53","modified_gmt":"2025-04-21T03:12:53","slug":"premium-dinner-plates-bulk","status":"publish","type":"product","link":"https:\/\/jinhuaceramic.com\/es\/product\/premium-dinner-plates-bulk\/","title":{"rendered":"Premium Platos de Cena a Granel, Platos para Servir Ensaladas al por Mayor"},"content":{"rendered":"<div class=\"wp-block-columns is-layout-flex wp-container-core-columns-is-layout-9d6595d7 wp-block-columns-is-layout-flex\">\n<div class=\"wp-block-column is-layout-flow wp-block-column-is-layout-flow\" style=\"flex-basis:50%\">\n<h3 class=\"wp-block-heading\">Platos de Cena Premium a Granel Caracter\u00edsticas:<\/h3>\n\n\n\n<ul class=\"wp-block-list\">\n<li><strong>Dise\u00f1o de alta gama: <\/strong>Nuestros platos de cena al por mayor al por mayor adoptan el estilo de dise\u00f1o de aspecto elegante y simple, adecuado para restaurantes de alta gama, hoteles o reuniones familiares para resaltar la belleza de la mesa de comedor en su conjunto.<\/li>\n\n\n\n<li><strong>Uso polivalente: <\/strong>Estas fuentes para servir al por mayor no s\u00f3lo son aplicables a los platos principales, sino que tambi\u00e9n pueden utilizarse para servir ensaladas, postres o aperitivos para satisfacer diversas necesidades de catering.<\/li>\n\n\n\n<li><strong>Materiales de alta calidad: <\/strong>Nuestros platos de cena al por mayor a granel son de calidad superior en cer\u00e1mica, resistente al calor, s\u00f3lido y por lo tanto no se raya f\u00e1cilmente; por lo tanto es adecuado para el uso frecuente y se puede almacenar durante un largo per\u00edodo.<\/li>\n\n\n\n<li><strong>F\u00e1cil de limpiar: <\/strong>La superficie lisa, antimanchas y antiaceite de las fuentes para servir al por mayor es f\u00e1cil de limpiar y adecuada para el uso diario. Adem\u00e1s, es seguro para lavar en el lavavajillas para ahorrar tiempo y energ\u00eda.<\/li>\n<\/ul>\n<\/div>\n\n\n\n<div class=\"wp-block-column is-layout-flow wp-block-column-is-layout-flow\" style=\"flex-basis:50%\">\n<figure class=\"wp-block-image size-full\"><img fetchpriority=\"high\" decoding=\"async\" width=\"1125\" height=\"1500\" src=\"https:\/\/jinhuaceramic.com\/wp-content\/uploads\/2024\/04\/custom-ceramic-dishes-wholesale-diner-set-8.webp\" alt=\"premium-platos-cena-bultos-para-servir-pasta-y-ensalada\" class=\"wp-image-3603\" srcset=\"https:\/\/jinhuaceramic.com\/wp-content\/uploads\/2024\/04\/custom-ceramic-dishes-wholesale-diner-set-8.webp 1125w, https:\/\/jinhuaceramic.com\/wp-content\/uploads\/2024\/04\/custom-ceramic-dishes-wholesale-diner-set-8-225x300.webp 225w, https:\/\/jinhuaceramic.com\/wp-content\/uploads\/2024\/04\/custom-ceramic-dishes-wholesale-diner-set-8-768x1024.webp 768w, https:\/\/jinhuaceramic.com\/wp-content\/uploads\/2024\/04\/custom-ceramic-dishes-wholesale-diner-set-8-285x380.webp 285w, https:\/\/jinhuaceramic.com\/wp-content\/uploads\/2024\/04\/custom-ceramic-dishes-wholesale-diner-set-8-495x660.webp 495w, https:\/\/jinhuaceramic.com\/wp-content\/uploads\/2024\/04\/custom-ceramic-dishes-wholesale-diner-set-8-113x150.webp 113w\" sizes=\"(max-width: 1125px) 100vw, 1125px\" \/><\/figure>\n<\/div>\n<\/div>\n\n\n\n<p><\/p>","protected":false},"excerpt":{"rendered":"<p>Bienvenido a comprar platos de servir al por mayor. Nuestros platos de cena al por mayor al por mayor no s\u00f3lo son elegantes en apariencia y duros en textura, sino tambi\u00e9n vers\u00e1tiles para platos principales, ensaladas o postres. F\u00e1ciles de limpiar, son adecuados para la compra a gran escala en el hogar y la industria de catering para ayudar a crear una experiencia gastron\u00f3mica refinada.<\/p>","protected":false},"featured_media":3602,"comment_status":"closed","ping_status":"closed","template":"","meta":{"_acf_changed":false},"product_brand":[],"product_cat":[54,84],"product_tag":[76],"class_list":{"0":"post-3597","1":"product","2":"type-product","3":"status-publish","4":"has-post-thumbnail","6":"product_cat-tableware-wholesale","7":"product_cat-wholesale-ceramic-plates","8":"product_tag-dinner-plates-bulk","10":"first","11":"instock","12":"shipping-taxable","13":"product-type-simple"},"acf":[],"_links":{"self":[{"href":"https:\/\/jinhuaceramic.com\/es\/wp-json\/wp\/v2\/product\/3597","targetHints":{"allow":["GET"]}}],"collection":[{"href":"https:\/\/jinhuaceramic.com\/es\/wp-json\/wp\/v2\/product"}],"about":[{"href":"https:\/\/jinhuaceramic.com\/es\/wp-json\/wp\/v2\/types\/product"}],"replies":[{"embeddable":true,"href":"https:\/\/jinhuaceramic.com\/es\/wp-json\/wp\/v2\/comments?post=3597"}],"version-history":[{"count":0,"href":"https:\/\/jinhuaceramic.com\/es\/wp-json\/wp\/v2\/product\/3597\/revisions"}],"wp:featuredmedia":[{"embeddable":true,"href":"https:\/\/jinhuaceramic.com\/es\/wp-json\/wp\/v2\/media\/3602"}],"wp:attachment":[{"href":"https:\/\/jinhuaceramic.com\/es\/wp-json\/wp\/v2\/media?parent=3597"}],"wp:term":[{"taxonomy":"product_brand","embeddable":true,"href":"https:\/\/jinhuaceramic.com\/es\/wp-json\/wp\/v2\/product_brand?post=3597"},{"taxonomy":"product_cat","embeddable":true,"href":"https:\/\/jinhuaceramic.com\/es\/wp-json\/wp\/v2\/product_cat?post=3597"},{"taxonomy":"product_tag","embeddable":true,"href":"https:\/\/jinhuaceramic.com\/es\/wp-json\/wp\/v2\/product_tag?post=3597"}],"curies":[{"name":"wp","href":"https:\/\/api.w.org\/{rel}","templated":true}]}}