{"id":3608,"date":"2024-04-12T01:59:14","date_gmt":"2024-04-12T01:59:14","guid":{"rendered":"https:\/\/jinhuaceramic.com\/?post_type=product&#038;p=3608"},"modified":"2025-04-21T03:13:36","modified_gmt":"2025-04-21T03:13:36","slug":"wholesale-ceramic-rice-bowls","status":"publish","type":"product","link":"https:\/\/jinhuaceramic.com\/es\/product\/wholesale-ceramic-rice-bowls\/","title":{"rendered":"Mayorista Tazones de Arroz de Cer\u00e1mica, Tazones de Sopa a Granel con Exquisitos Patrones"},"content":{"rendered":"<div class=\"wp-block-columns is-layout-flex wp-container-core-columns-is-layout-9d6595d7 wp-block-columns-is-layout-flex\">\n<div class=\"wp-block-column is-layout-flow wp-block-column-is-layout-flow\" style=\"flex-basis:50%\">\n<h3 class=\"wp-block-heading\">Caracter\u00edsticas de los cuencos de arroz de cer\u00e1mica de primera calidad al por mayor:<\/h3>\n\n\n\n<ul class=\"wp-block-list\">\n<li><strong>Dise\u00f1o de patrones exquisito: <\/strong>La superficie de nuestros cuencos de arroz de cer\u00e1mica al por mayor est\u00e1 decorada con exquisitos motivos, sencillos pero elegantes, que a\u00f1aden un toque art\u00edstico a la experiencia gastron\u00f3mica y son muy adecuados tanto para ocasiones formales como cotidianas.<\/li>\n\n\n\n<li><strong>Cer\u00e1mica blanca de alta calidad: <\/strong>Estos cuencos para sopa a granel est\u00e1n fabricados en cer\u00e1mica de alta calidad cocida a alta temperatura, son lisos y delicados, de color blanco puro, con buena durabilidad y resistencia a los ara\u00f1azos, adecuados para un uso prolongado.<\/li>\n\n\n\n<li><strong>Versatilidad: <\/strong>Nuestros cuencos de cer\u00e1mica al por mayor no solo son adecuados para servir arroz, sino tambi\u00e9n sopas, ensaladas, postres y otras delicias, con el fin de satisfacer diferentes necesidades de restauraci\u00f3n.<\/li>\n\n\n\n<li><strong>F\u00e1cil de limpiar y duradero: <\/strong>Estos cuencos de cer\u00e1mica para sopa son resistentes a altas temperaturas, manchas y aceites, y su superficie es lisa y f\u00e1cil de limpiar, lo que los hace adecuados para el uso diario y dif\u00edciles de da\u00f1ar.<\/li>\n<\/ul>\n<\/div>\n\n\n\n<div class=\"wp-block-column is-layout-flow wp-block-column-is-layout-flow\" style=\"flex-basis:50%\">\n<figure class=\"wp-block-image size-full\"><img fetchpriority=\"high\" decoding=\"async\" width=\"1500\" height=\"1308\" src=\"https:\/\/jinhuaceramic.com\/wp-content\/uploads\/2024\/04\/small-ceramic-bowls-wholesale-7.webp\" alt=\"cuencos-de-cer\u00e1mica-peque\u00f1os-para-arroz-al-por-mayor-7\" class=\"wp-image-3615\" srcset=\"https:\/\/jinhuaceramic.com\/wp-content\/uploads\/2024\/04\/small-ceramic-bowls-wholesale-7.webp 1500w, https:\/\/jinhuaceramic.com\/wp-content\/uploads\/2024\/04\/small-ceramic-bowls-wholesale-7-300x262.webp 300w, https:\/\/jinhuaceramic.com\/wp-content\/uploads\/2024\/04\/small-ceramic-bowls-wholesale-7-768x670.webp 768w, https:\/\/jinhuaceramic.com\/wp-content\/uploads\/2024\/04\/small-ceramic-bowls-wholesale-7-285x249.webp 285w, https:\/\/jinhuaceramic.com\/wp-content\/uploads\/2024\/04\/small-ceramic-bowls-wholesale-7-660x576.webp 660w, https:\/\/jinhuaceramic.com\/wp-content\/uploads\/2024\/04\/small-ceramic-bowls-wholesale-7-150x131.webp 150w\" sizes=\"(max-width: 1500px) 100vw, 1500px\" \/><\/figure>\n<\/div>\n<\/div>","protected":false},"excerpt":{"rendered":"<p>Bienvenido a comprar cuencos para sopa al por mayor o cuencos de cer\u00e1mica personalizados. Nuestros cuencos de cer\u00e1mica para arroz al por mayor vienen con exquisitos dise\u00f1os, que son tanto decorativos como pr\u00e1cticos. El material cer\u00e1mico de alta calidad es resistente y duradero, adecuado para contener arroz, sopas, ensaladas y otros alimentos, f\u00e1cil de limpiar, adecuado para su uso a gran escala en hogares y restaurantes.<\/p>","protected":false},"featured_media":3610,"comment_status":"closed","ping_status":"closed","template":"","meta":{"_acf_changed":false},"product_brand":[],"product_cat":[54,85],"product_tag":[78],"class_list":{"0":"post-3608","1":"product","2":"type-product","3":"status-publish","4":"has-post-thumbnail","6":"product_cat-tableware-wholesale","7":"product_cat-wholesale-ceramic-bowls","8":"product_tag-bulk-ceramic-bowls","10":"first","11":"instock","12":"shipping-taxable","13":"product-type-simple"},"acf":[],"_links":{"self":[{"href":"https:\/\/jinhuaceramic.com\/es\/wp-json\/wp\/v2\/product\/3608","targetHints":{"allow":["GET"]}}],"collection":[{"href":"https:\/\/jinhuaceramic.com\/es\/wp-json\/wp\/v2\/product"}],"about":[{"href":"https:\/\/jinhuaceramic.com\/es\/wp-json\/wp\/v2\/types\/product"}],"replies":[{"embeddable":true,"href":"https:\/\/jinhuaceramic.com\/es\/wp-json\/wp\/v2\/comments?post=3608"}],"version-history":[{"count":0,"href":"https:\/\/jinhuaceramic.com\/es\/wp-json\/wp\/v2\/product\/3608\/revisions"}],"wp:featuredmedia":[{"embeddable":true,"href":"https:\/\/jinhuaceramic.com\/es\/wp-json\/wp\/v2\/media\/3610"}],"wp:attachment":[{"href":"https:\/\/jinhuaceramic.com\/es\/wp-json\/wp\/v2\/media?parent=3608"}],"wp:term":[{"taxonomy":"product_brand","embeddable":true,"href":"https:\/\/jinhuaceramic.com\/es\/wp-json\/wp\/v2\/product_brand?post=3608"},{"taxonomy":"product_cat","embeddable":true,"href":"https:\/\/jinhuaceramic.com\/es\/wp-json\/wp\/v2\/product_cat?post=3608"},{"taxonomy":"product_tag","embeddable":true,"href":"https:\/\/jinhuaceramic.com\/es\/wp-json\/wp\/v2\/product_tag?post=3608"}],"curies":[{"name":"wp","href":"https:\/\/api.w.org\/{rel}","templated":true}]}}