{"id":3618,"date":"2024-04-12T02:12:59","date_gmt":"2024-04-12T02:12:59","guid":{"rendered":"https:\/\/jinhuaceramic.com\/?post_type=product&#038;p=3618"},"modified":"2025-04-21T03:15:14","modified_gmt":"2025-04-21T03:15:14","slug":"wholesale-ceramic-heart-shaped-bowls","status":"publish","type":"product","link":"https:\/\/jinhuaceramic.com\/es\/product\/wholesale-ceramic-heart-shaped-bowls\/","title":{"rendered":"Mayorista Tazones Ceramicos En Forma De Corazon Al Por Mayor Para Frutas Y Cereales"},"content":{"rendered":"<div class=\"wp-block-columns is-layout-flex wp-container-core-columns-is-layout-9d6595d7 wp-block-columns-is-layout-flex\">\n<div class=\"wp-block-column is-layout-flow wp-block-column-is-layout-flow\" style=\"flex-basis:50%\">\n<h3 class=\"wp-block-heading\">Tazones Premium en forma de coraz\u00f3n a granel Caracter\u00edsticas:<\/h3>\n\n\n\n<ul class=\"wp-block-list\">\n<li><strong>Dise\u00f1o \u00fanico en forma de coraz\u00f3n: <\/strong>Estos cuencos en forma de coraz\u00f3n a granel tienen un dise\u00f1o de apariencia \u00fanica, que a\u00f1ade un ambiente rom\u00e1ntico y c\u00e1lido, y son muy adecuados para su uso como fruteros o cuencos de cereales, adapt\u00e1ndose a ocasiones de catering dom\u00e9stico o comercial.<\/li>\n\n\n\n<li><strong>Resistente y duradero: <\/strong>Nuestros cuencos de cer\u00e1mica al por mayor est\u00e1n hechos de cer\u00e1mica de alta calidad, que es resistente y duradera, con una superficie lisa y f\u00e1cil de limpiar, adecuada para el uso diario y puede mantener su brillo durante mucho tiempo.<\/li>\n\n\n\n<li><strong>Saludable y respetuoso con el medio ambiente: <\/strong>Estos cuencos en forma de coraz\u00f3n a granel son resistentes a las altas temperaturas, no t\u00f3xicos e inocuos, y pueden utilizarse con seguridad para contener una gran variedad de alimentos para garantizar una experiencia gastron\u00f3mica saludable.<\/li>\n\n\n\n<li><strong>Uso vers\u00e1til: <\/strong>Nuestros cuencos de cer\u00e1mica al por mayor no s\u00f3lo son adecuados para contener frutas y cereales, sino que tambi\u00e9n pueden utilizarse como ensaladeras, cuencos de postre o cuencos decorativos, id\u00f3neos para reuniones familiares o restaurantes.<\/li>\n<\/ul>\n<\/div>\n\n\n\n<div class=\"wp-block-column is-layout-flow wp-block-column-is-layout-flow\" style=\"flex-basis:50%\">\n<figure class=\"wp-block-image size-full\"><img fetchpriority=\"high\" decoding=\"async\" width=\"1234\" height=\"1210\" src=\"https:\/\/jinhuaceramic.com\/wp-content\/uploads\/2024\/04\/heart-shaped-bowl-wholesale-ceramic-bowls-bulk-buy-3.webp\" alt=\"taz\u00f3n con forma de coraz\u00f3n - mayorista de tazones de cer\u00e1mica - compra a granel - 3\" class=\"wp-image-3622\" srcset=\"https:\/\/jinhuaceramic.com\/wp-content\/uploads\/2024\/04\/heart-shaped-bowl-wholesale-ceramic-bowls-bulk-buy-3.webp 1234w, https:\/\/jinhuaceramic.com\/wp-content\/uploads\/2024\/04\/heart-shaped-bowl-wholesale-ceramic-bowls-bulk-buy-3-300x294.webp 300w, https:\/\/jinhuaceramic.com\/wp-content\/uploads\/2024\/04\/heart-shaped-bowl-wholesale-ceramic-bowls-bulk-buy-3-768x753.webp 768w, https:\/\/jinhuaceramic.com\/wp-content\/uploads\/2024\/04\/heart-shaped-bowl-wholesale-ceramic-bowls-bulk-buy-3-285x279.webp 285w, https:\/\/jinhuaceramic.com\/wp-content\/uploads\/2024\/04\/heart-shaped-bowl-wholesale-ceramic-bowls-bulk-buy-3-660x647.webp 660w, https:\/\/jinhuaceramic.com\/wp-content\/uploads\/2024\/04\/heart-shaped-bowl-wholesale-ceramic-bowls-bulk-buy-3-150x147.webp 150w\" sizes=\"(max-width: 1234px) 100vw, 1234px\" \/><\/figure>\n<\/div>\n<\/div>","protected":false},"excerpt":{"rendered":"<p>Bienvenido a comprar cuencos de cer\u00e1mica a granel. Nuestros cuencos de cer\u00e1mica en forma de coraz\u00f3n a granel adoptan un dise\u00f1o \u00fanico y materiales de alta calidad, que es a la vez hermoso y pr\u00e1ctico, adecuado para la celebraci\u00f3n de una variedad de alimentos tales como frutas, cereales, ensaladas, etc. Es sano y respetuoso con el medio ambiente, f\u00e1cil de limpiar e ideal para hogares y restaurantes, ya que a\u00f1ade un ambiente c\u00e1lido a la cena.<\/p>","protected":false},"featured_media":3619,"comment_status":"closed","ping_status":"closed","template":"","meta":{"_acf_changed":false},"product_brand":[],"product_cat":[54,85],"product_tag":[78],"class_list":{"0":"post-3618","1":"product","2":"type-product","3":"status-publish","4":"has-post-thumbnail","6":"product_cat-tableware-wholesale","7":"product_cat-wholesale-ceramic-bowls","8":"product_tag-bulk-ceramic-bowls","10":"first","11":"instock","12":"shipping-taxable","13":"product-type-simple"},"acf":[],"_links":{"self":[{"href":"https:\/\/jinhuaceramic.com\/es\/wp-json\/wp\/v2\/product\/3618","targetHints":{"allow":["GET"]}}],"collection":[{"href":"https:\/\/jinhuaceramic.com\/es\/wp-json\/wp\/v2\/product"}],"about":[{"href":"https:\/\/jinhuaceramic.com\/es\/wp-json\/wp\/v2\/types\/product"}],"replies":[{"embeddable":true,"href":"https:\/\/jinhuaceramic.com\/es\/wp-json\/wp\/v2\/comments?post=3618"}],"version-history":[{"count":0,"href":"https:\/\/jinhuaceramic.com\/es\/wp-json\/wp\/v2\/product\/3618\/revisions"}],"wp:featuredmedia":[{"embeddable":true,"href":"https:\/\/jinhuaceramic.com\/es\/wp-json\/wp\/v2\/media\/3619"}],"wp:attachment":[{"href":"https:\/\/jinhuaceramic.com\/es\/wp-json\/wp\/v2\/media?parent=3618"}],"wp:term":[{"taxonomy":"product_brand","embeddable":true,"href":"https:\/\/jinhuaceramic.com\/es\/wp-json\/wp\/v2\/product_brand?post=3618"},{"taxonomy":"product_cat","embeddable":true,"href":"https:\/\/jinhuaceramic.com\/es\/wp-json\/wp\/v2\/product_cat?post=3618"},{"taxonomy":"product_tag","embeddable":true,"href":"https:\/\/jinhuaceramic.com\/es\/wp-json\/wp\/v2\/product_tag?post=3618"}],"curies":[{"name":"wp","href":"https:\/\/api.w.org\/{rel}","templated":true}]}}