{"id":3628,"date":"2024-04-12T02:24:19","date_gmt":"2024-04-12T02:24:19","guid":{"rendered":"https:\/\/jinhuaceramic.com\/?post_type=product&#038;p=3628"},"modified":"2025-04-21T03:16:23","modified_gmt":"2025-04-21T03:16:23","slug":"premium-bulk-ceramic-plates","status":"publish","type":"product","link":"https:\/\/jinhuaceramic.com\/es\/product\/premium-bulk-ceramic-plates\/","title":{"rendered":"Platos de Cer\u00e1mica a Granel Exquisitos, Platos de Cena al por Mayor con Patr\u00f3n en Relieve"},"content":{"rendered":"<div class=\"wp-block-columns is-layout-flex wp-container-core-columns-is-layout-9d6595d7 wp-block-columns-is-layout-flex\">\n<div class=\"wp-block-column is-layout-flow wp-block-column-is-layout-flow\" style=\"flex-basis:50%\">\n<h3 class=\"wp-block-heading\">Placas de cer\u00e1mica a granel Premium Caracter\u00edsticas:<\/h3>\n\n\n\n<ul class=\"wp-block-list\">\n<li><strong>Presentaci\u00f3n visual: <\/strong>En nuestros platos de cer\u00e1mica a granel se imprimen patrones en relieve. Est\u00e1 lleno de sentimiento art\u00edstico, y el sentido estereosc\u00f3pico de la textura vajilla es especial, no s\u00f3lo puede mejorar el disfrute de las comidas, sino tambi\u00e9n a\u00f1adir colores a la configuraci\u00f3n de la tabla, y por lo tanto apropiado para una variedad de situaciones formales e informales.<\/li>\n\n\n\n<li><strong>Variedad de motivos en relieve para elegir: <\/strong>Ya sean motivos cl\u00e1sicos o modernos dise\u00f1os geom\u00e9tricos, le ofrecemos una gran variedad de motivos para estos platos de cena al por mayor. Puede personalizarlos seg\u00fan sus preferencias y el estilo de su mesa para satisfacer diferentes requisitos est\u00e9ticos.<\/li>\n\n\n\n<li><strong>Duradero y f\u00e1cil de limpiar: <\/strong>Nuestras placas de cer\u00e1mica a granel est\u00e1n fabricadas con cer\u00e1mica de alta calidad, resistente a las altas temperaturas, los ara\u00f1azos y el desgaste, y permanecen brillantes e intactas despu\u00e9s de pasar por el uso diario. La superficie del plato es lisa y resistente a las manchas. La limpieza ser\u00e1 f\u00e1cil y segura utilizando el lavavajillas.<\/li>\n\n\n\n<li><strong>Adecuado para diferentes equipos de cocina: <\/strong>Estos platos de cena al por mayor se fabrican con materia prima cer\u00e1mica ecol\u00f3gica, no t\u00f3xica y saludable. Adem\u00e1s de eso, pueden ser utilizados bajo un horno de microondas, horno, nevera, y otros. Pueden servir a los prop\u00f3sitos pr\u00e1cticos de satisfacer sus necesidades de cocina de muchas maneras, por lo tanto, la creaci\u00f3n de entornos m\u00e1s convenientes para su familia o entornos comerciales.<\/li>\n<\/ul>\n<\/div>\n\n\n\n<div class=\"wp-block-column is-layout-flow wp-block-column-is-layout-flow\" style=\"flex-basis:50%\">\n<figure class=\"wp-block-image size-full\"><img fetchpriority=\"high\" decoding=\"async\" width=\"1500\" height=\"1144\" src=\"https:\/\/jinhuaceramic.com\/wp-content\/uploads\/2024\/04\/bulk-ceramic-plates-with-pattens-wholesale-tableware-6.webp\" alt=\"placas cer\u00e1micas de alta calidad con exquisito relieve\" class=\"wp-image-3632\" srcset=\"https:\/\/jinhuaceramic.com\/wp-content\/uploads\/2024\/04\/bulk-ceramic-plates-with-pattens-wholesale-tableware-6.webp 1500w, https:\/\/jinhuaceramic.com\/wp-content\/uploads\/2024\/04\/bulk-ceramic-plates-with-pattens-wholesale-tableware-6-300x229.webp 300w, https:\/\/jinhuaceramic.com\/wp-content\/uploads\/2024\/04\/bulk-ceramic-plates-with-pattens-wholesale-tableware-6-768x586.webp 768w, https:\/\/jinhuaceramic.com\/wp-content\/uploads\/2024\/04\/bulk-ceramic-plates-with-pattens-wholesale-tableware-6-285x217.webp 285w, https:\/\/jinhuaceramic.com\/wp-content\/uploads\/2024\/04\/bulk-ceramic-plates-with-pattens-wholesale-tableware-6-660x503.webp 660w, https:\/\/jinhuaceramic.com\/wp-content\/uploads\/2024\/04\/bulk-ceramic-plates-with-pattens-wholesale-tableware-6-150x114.webp 150w\" sizes=\"(max-width: 1500px) 100vw, 1500px\" \/><\/figure>\n<\/div>\n<\/div>","protected":false},"excerpt":{"rendered":"<p>Bienvenido a comprar platos de cena al por mayor. Con motivos en relieve de excelente gusto sobre ellos, nuestros platos de cer\u00e1mica al por mayor utilizan material cer\u00e1mico sin plomo de primera calidad y, por tanto, es un producto de vajilla absolutamente pragm\u00e1tico, que resalta el gusto de la moda. Estos platos tienen una larga vida \u00fatil y pueden lavarse con seguridad en microondas o lavavajillas.<\/p>","protected":false},"featured_media":3629,"comment_status":"closed","ping_status":"closed","template":"","meta":{"_acf_changed":false},"product_brand":[],"product_cat":[54,84],"product_tag":[76],"class_list":{"0":"post-3628","1":"product","2":"type-product","3":"status-publish","4":"has-post-thumbnail","6":"product_cat-tableware-wholesale","7":"product_cat-wholesale-ceramic-plates","8":"product_tag-dinner-plates-bulk","10":"first","11":"instock","12":"shipping-taxable","13":"product-type-simple"},"acf":[],"_links":{"self":[{"href":"https:\/\/jinhuaceramic.com\/es\/wp-json\/wp\/v2\/product\/3628","targetHints":{"allow":["GET"]}}],"collection":[{"href":"https:\/\/jinhuaceramic.com\/es\/wp-json\/wp\/v2\/product"}],"about":[{"href":"https:\/\/jinhuaceramic.com\/es\/wp-json\/wp\/v2\/types\/product"}],"replies":[{"embeddable":true,"href":"https:\/\/jinhuaceramic.com\/es\/wp-json\/wp\/v2\/comments?post=3628"}],"version-history":[{"count":0,"href":"https:\/\/jinhuaceramic.com\/es\/wp-json\/wp\/v2\/product\/3628\/revisions"}],"wp:featuredmedia":[{"embeddable":true,"href":"https:\/\/jinhuaceramic.com\/es\/wp-json\/wp\/v2\/media\/3629"}],"wp:attachment":[{"href":"https:\/\/jinhuaceramic.com\/es\/wp-json\/wp\/v2\/media?parent=3628"}],"wp:term":[{"taxonomy":"product_brand","embeddable":true,"href":"https:\/\/jinhuaceramic.com\/es\/wp-json\/wp\/v2\/product_brand?post=3628"},{"taxonomy":"product_cat","embeddable":true,"href":"https:\/\/jinhuaceramic.com\/es\/wp-json\/wp\/v2\/product_cat?post=3628"},{"taxonomy":"product_tag","embeddable":true,"href":"https:\/\/jinhuaceramic.com\/es\/wp-json\/wp\/v2\/product_tag?post=3628"}],"curies":[{"name":"wp","href":"https:\/\/api.w.org\/{rel}","templated":true}]}}